{"id":47359,"date":"2025-02-15T16:38:51","date_gmt":"2025-02-15T16:38:51","guid":{"rendered":"https:\/\/senabel.com\/?post_type=product&#038;p=47359"},"modified":"2025-03-14T14:29:17","modified_gmt":"2025-03-14T14:29:17","slug":"ramadan-karim-vaggdekoration-2","status":"publish","type":"product","link":"https:\/\/senabel.com\/sv\/product\/%d8%b2%d9%8a%d9%86%d8%a9-%d8%b1%d9%85%d8%b6%d8%a7%d9%86-%d9%83%d8%b1%d9%8a%d9%85-%d9%84%d9%84%d8%ad%d8%a7%d8%a6%d8%b7-2\/","title":{"rendered":"Ramadan Kareem V\u00e4ggdekoration"},"content":{"rendered":"<p data-start=\"61\" data-end=\"380\">Dekorera ditt hem med de vackraste dekorationerna <strong data-start=\"98\" data-end=\"114\">\"Ramadan Karim\"<\/strong> Med en unik design och klara f\u00e4rger inspirerade av Ramadan-andan. Den utsmyckade panelen \u00e4r dekorerad med vackra Ramadan-motiv som t.ex. <strong data-start=\"262\" data-end=\"290\">Lykta, stj\u00e4rna och halvm\u00e5ne<\/strong>vilket g\u00f6r den perfekt att h\u00e4nga upp i hemmet eller p\u00e5 kontoret.<\/p>\n<p data-start=\"382\" data-end=\"624\"><strong data-start=\"385\" data-end=\"398\">Funktioner:<\/strong><br data-start=\"398\" data-end=\"401\" \/>\u2714 <strong data-start=\"403\" data-end=\"439\">Unik design och attraktiva islamiska motiv.<\/strong><br data-start=\"439\" data-end=\"442\" \/>\u2714 <strong data-start=\"444\" data-end=\"490\">Tillverkad av h\u00f6gkvalitativa material f\u00f6r att s\u00e4kerst\u00e4lla h\u00e5llbarhet.<\/strong><br data-start=\"490\" data-end=\"493\" \/>\u2714 <strong data-start=\"495\" data-end=\"536\">Ljusa f\u00e4rger ger en vacker festlig touch.<\/strong><br data-start=\"536\" data-end=\"539\" \/>\u2714 <strong data-start=\"541\" data-end=\"589\">Perfekt f\u00f6r att dekorera ditt hem under den heliga m\u00e5naden Ramadan.<\/strong><br data-start=\"589\" data-end=\"592\" \/>\u2714 <strong data-start=\"594\" data-end=\"622\">L\u00e4tt att h\u00e4nga upp och anv\u00e4nda.<\/strong><\/p>\n<p data-start=\"626\" data-end=\"649\"><strong data-start=\"629\" data-end=\"647\">Produktinformation:<\/strong><\/p>\n<ul data-start=\"650\" data-end=\"823\">\n<li data-start=\"650\" data-end=\"709\"><strong data-start=\"652\" data-end=\"663\">Material:<\/strong> L\u00e4ttviktstr\u00e4 med h\u00f6gkvalitativt f\u00e4rgtryck.<\/li>\n<li data-start=\"710\" data-end=\"749\"><strong data-start=\"712\" data-end=\"724\">M\u00e5tt:<\/strong> (35*25).<\/li>\n<li data-start=\"750\" data-end=\"823\"><strong data-start=\"752\" data-end=\"766\">Anv\u00e4nd:<\/strong> Ramadan v\u00e4ggdekoration f\u00f6r hem, kontor och butiker.<\/li>\n<\/ul>\n<p data-start=\"825\" data-end=\"907\" data-is-last-node=\"\"><strong data-start=\"828\" data-end=\"902\">S\u00e4tt guldkant p\u00e5 tillvaron i ditt hem och fira den heliga m\u00e5naden Ramadan med dessa vackra dekorationer<\/strong><\/p>","protected":false},"excerpt":{"rendered":"<p>Dekorera ditt hem med de vackraste dekorationerna <strong data-start=\"98\" data-end=\"114\">\"Ramadan Karim\"<\/strong> Med en unik design och klara f\u00e4rger inspirerade av Ramadan-andan. Den utsmyckade panelen \u00e4r dekorerad med vackra Ramadan-motiv som t.ex. <strong data-start=\"262\" data-end=\"290\">Lykta, stj\u00e4rna och halvm\u00e5ne<\/strong>vilket g\u00f6r den perfekt att h\u00e4nga upp i hemmet eller p\u00e5 kontoret.<\/p>","protected":false},"featured_media":47360,"template":"","meta":[],"product_brand":[],"product_cat":[348,347],"product_tag":[],"class_list":{"0":"post-47359","1":"product","2":"type-product","3":"status-publish","4":"has-post-thumbnail","6":"product_cat-348","7":"product_cat-347","9":"first","10":"outofstock","11":"taxable","12":"shipping-taxable","13":"purchasable","14":"product-type-simple"},"_links":{"self":[{"href":"https:\/\/senabel.com\/sv\/wp-json\/wp\/v2\/product\/47359","targetHints":{"allow":["GET"]}}],"collection":[{"href":"https:\/\/senabel.com\/sv\/wp-json\/wp\/v2\/product"}],"about":[{"href":"https:\/\/senabel.com\/sv\/wp-json\/wp\/v2\/types\/product"}],"version-history":[{"count":3,"href":"https:\/\/senabel.com\/sv\/wp-json\/wp\/v2\/product\/47359\/revisions"}],"predecessor-version":[{"id":47369,"href":"https:\/\/senabel.com\/sv\/wp-json\/wp\/v2\/product\/47359\/revisions\/47369"}],"wp:featuredmedia":[{"embeddable":true,"href":"https:\/\/senabel.com\/sv\/wp-json\/wp\/v2\/media\/47360"}],"wp:attachment":[{"href":"https:\/\/senabel.com\/sv\/wp-json\/wp\/v2\/media?parent=47359"}],"wp:term":[{"taxonomy":"product_brand","embeddable":true,"href":"https:\/\/senabel.com\/sv\/wp-json\/wp\/v2\/product_brand?post=47359"},{"taxonomy":"product_cat","embeddable":true,"href":"https:\/\/senabel.com\/sv\/wp-json\/wp\/v2\/product_cat?post=47359"},{"taxonomy":"product_tag","embeddable":true,"href":"https:\/\/senabel.com\/sv\/wp-json\/wp\/v2\/product_tag?post=47359"}],"curies":[{"name":"wp","href":"https:\/\/api.w.org\/{rel}","templated":true}]}}