{"id":47345,"date":"2025-02-15T16:42:02","date_gmt":"2025-02-15T16:42:02","guid":{"rendered":"https:\/\/senabel.com\/?post_type=product&#038;p=47345"},"modified":"2026-02-04T18:13:40","modified_gmt":"2026-02-04T18:13:40","slug":"lyxig-helig-koran-box-4-delar","status":"publish","type":"product","link":"https:\/\/senabel.com\/sv\/product\/%d8%a8%d9%88%d9%83%d8%b3-%d8%a7%d9%84%d9%82%d8%b1%d8%a2%d9%86-%d8%a7%d9%84%d9%83%d8%b1%d9%8a%d9%85-%d8%a7%d9%84%d9%81%d8%a7%d8%ae%d8%b1-4-%d9%82%d8%b7%d8%b9\/","title":{"rendered":"Lyxig koranl\u00e5da 4 delar"},"content":{"rendered":"<p data-start=\"58\" data-end=\"319\">En elegant och lyxig kollektion med <strong data-start=\"126\" data-end=\"135\">4 stycken<\/strong> Levereras i en lyxig svart och guldf\u00e4rgad l\u00e5da. Setet inneh\u00e5ller en koran, en b\u00f6nematta, ett radband och en lyxig koranh\u00e5llare, vilket g\u00f6r det till en perfekt present eller ett personligt f\u00f6rem\u00e5l.<\/p>\n<p data-start=\"321\" data-end=\"552\"><strong data-start=\"324\" data-end=\"338\">Inneh\u00e5ll:<\/strong><br data-start=\"338\" data-end=\"341\" \/><strong data-start=\"343\" data-end=\"359\">\u00a0En gener\u00f6s Koran<\/strong> Med ett lyxigt omslag pr\u00e4glat med en distinkt design.<br data-start=\"389\" data-end=\"392\" \/><strong data-start=\"394\" data-end=\"411\">Matta f\u00f6r b\u00f6n<\/strong> Mjuk och lyxig, med vackra islamiska motiv.<br data-start=\"450\" data-end=\"453\" \/><strong data-start=\"455\" data-end=\"473\">Lyxigt radband<\/strong> Hj\u00e4lper dig med dhikr och lovs\u00e5ng.<br data-start=\"499\" data-end=\"502\" \/><strong data-start=\"504\" data-end=\"520\">Koranh\u00e5llare<\/strong> Snygg och l\u00e4ttl\u00e4st med h\u00f6g komfort.<\/p>\n<p data-start=\"554\" data-end=\"762\"><strong data-start=\"557\" data-end=\"570\">Funktioner:<\/strong><br data-start=\"570\" data-end=\"573\" \/>\u2714 <strong data-start=\"575\" data-end=\"619\">Lyxig och elegant design med distinkta islamiska motiv.<\/strong><br data-start=\"619\" data-end=\"622\" \/>\u2714 <strong data-start=\"624\" data-end=\"695\">En utm\u00e4rkt present till Hajj, Umrah, Ramadan och andra religi\u00f6sa tillf\u00e4llen.<\/strong><br data-start=\"695\" data-end=\"698\" \/>\u2714 <strong data-start=\"700\" data-end=\"760\">H\u00f6gkvalitativa material f\u00f6r att s\u00e4kerst\u00e4lla h\u00e5llbarhet och komfort under anv\u00e4ndning.<\/strong><\/p>\n<p data-start=\"764\" data-end=\"787\"><strong data-start=\"767\" data-end=\"785\">Produktinformation:<\/strong><\/p>\n<ul data-start=\"788\" data-end=\"962\">\n<li data-start=\"788\" data-end=\"827\"><strong data-start=\"790\" data-end=\"802\">M\u00e5tt:<\/strong> (35*25*8).<\/li>\n<li data-start=\"828\" data-end=\"910\"><strong data-start=\"830\" data-end=\"842\">Malm:<\/strong> Fint tr\u00e4 till Koranen och stativet, mjukt tyg till mattan och \u00e4delstenar till radbandet.<\/li>\n<li data-start=\"911\" data-end=\"962\"><strong data-start=\"913\" data-end=\"927\">Anv\u00e4nd:<\/strong> En perfekt present eller f\u00f6r personligt bruk.<\/li>\n<\/ul>\n<p data-start=\"964\" data-end=\"1044\" data-is-last-node=\"\"><strong data-start=\"967\" data-end=\"1039\">Skaffa denna unika upps\u00e4ttning och g\u00f6r dina gudstj\u00e4nststunder mer v\u00f6rdnadsfulla och bekv\u00e4ma<\/strong><\/p>","protected":false},"excerpt":{"rendered":"<p>En elegant och lyxig kollektion med <strong data-start=\"126\" data-end=\"135\">4 stycken<\/strong> Levereras i en lyxig svart och guldf\u00e4rgad l\u00e5da. Setet inneh\u00e5ller en koran, en b\u00f6nematta, ett radband och en lyxig koranh\u00e5llare, vilket g\u00f6r det till en perfekt present eller ett personligt f\u00f6rem\u00e5l.<\/p>","protected":false},"featured_media":47346,"template":"","meta":[],"product_brand":[],"product_cat":[260,307,305],"product_tag":[],"class_list":{"0":"post-47345","1":"product","2":"type-product","3":"status-publish","4":"has-post-thumbnail","6":"product_cat-260","7":"product_cat-307","8":"product_cat-305","10":"first","11":"outofstock","12":"taxable","13":"shipping-taxable","14":"purchasable","15":"product-type-simple"},"_links":{"self":[{"href":"https:\/\/senabel.com\/sv\/wp-json\/wp\/v2\/product\/47345","targetHints":{"allow":["GET"]}}],"collection":[{"href":"https:\/\/senabel.com\/sv\/wp-json\/wp\/v2\/product"}],"about":[{"href":"https:\/\/senabel.com\/sv\/wp-json\/wp\/v2\/types\/product"}],"version-history":[{"count":3,"href":"https:\/\/senabel.com\/sv\/wp-json\/wp\/v2\/product\/47345\/revisions"}],"predecessor-version":[{"id":47373,"href":"https:\/\/senabel.com\/sv\/wp-json\/wp\/v2\/product\/47345\/revisions\/47373"}],"wp:featuredmedia":[{"embeddable":true,"href":"https:\/\/senabel.com\/sv\/wp-json\/wp\/v2\/media\/47346"}],"wp:attachment":[{"href":"https:\/\/senabel.com\/sv\/wp-json\/wp\/v2\/media?parent=47345"}],"wp:term":[{"taxonomy":"product_brand","embeddable":true,"href":"https:\/\/senabel.com\/sv\/wp-json\/wp\/v2\/product_brand?post=47345"},{"taxonomy":"product_cat","embeddable":true,"href":"https:\/\/senabel.com\/sv\/wp-json\/wp\/v2\/product_cat?post=47345"},{"taxonomy":"product_tag","embeddable":true,"href":"https:\/\/senabel.com\/sv\/wp-json\/wp\/v2\/product_tag?post=47345"}],"curies":[{"name":"wp","href":"https:\/\/api.w.org\/{rel}","templated":true}]}}