{"id":47278,"date":"2025-02-15T12:43:05","date_gmt":"2025-02-15T12:43:05","guid":{"rendered":"https:\/\/senabel.com\/?post_type=product&#038;p=47278"},"modified":"2025-08-26T10:57:31","modified_gmt":"2025-08-26T10:57:31","slug":"koranlada-deluxe-med-koran-i-liten-storlek","status":"publish","type":"product","link":"https:\/\/senabel.com\/sv\/product\/%d8%b5%d9%86%d8%af%d9%88%d9%82-%d9%85%d8%b5%d8%ad%d9%81-%d9%81%d8%a7%d8%ae%d8%b1-%d9%85%d8%b9-%d9%82%d8%b1%d8%a3%d9%86-%d8%a8%d8%ad%d8%ac%d9%85-%d8%b5%d8%ba%d9%8a%d8%b1\/","title":{"rendered":"Koranl\u00e5da Deluxe med koran i liten storlek"},"content":{"rendered":"<p data-start=\"48\" data-end=\"94\"><strong data-start=\"48\" data-end=\"92\">\u00a0En sofistikerad g\u00e5va som kombinerar sk\u00f6nhet och andlighet<\/strong><\/p>\n<p data-start=\"48\" data-end=\"94\">Den eleganta tr\u00e4l\u00e5dan \u00e4r dekorerad med en lyxig orientalisk design och inneh\u00e5ller en liten koran, vilket g\u00f6r den till en speciell g\u00e5va eller ett lyxigt f\u00f6rem\u00e5l f\u00f6r att f\u00f6rvara koranen p\u00e5 ett elegant och distinkt s\u00e4tt.<\/p>\n<p data-start=\"249\" data-end=\"570\">\ud83d\udd39 <strong data-start=\"252\" data-end=\"265\">Funktioner:<\/strong><br data-start=\"265\" data-end=\"268\" \/>\u2714 <strong data-start=\"270\" data-end=\"289\">Lyxig orientalisk design<\/strong> - Noggrant utformad f\u00f6r att vara ett m\u00e4sterverk.<br data-start=\"333\" data-end=\"336\" \/>\u2714 <strong data-start=\"338\" data-end=\"356\">Praktisk liten storlek<\/strong> - Perfekt att f\u00f6rvara hemma eller ha med sig p\u00e5 resan.<br data-start=\"401\" data-end=\"404\" \/>\u2714 <strong data-start=\"406\" data-end=\"421\">En perfekt present<\/strong> - Perfekt som g\u00e5va till n\u00e4ra och k\u00e4ra vid religi\u00f6sa tillf\u00e4llen.<br data-start=\"470\" data-end=\"473\" \/>\u2714 <strong data-start=\"475\" data-end=\"497\">H\u00f6gkvalitativa material<\/strong> - L\u00e5dan \u00e4r tillverkad av snidat tr\u00e4 och fodrad med r\u00f6d sammet f\u00f6r att skydda Koranen.<\/p>\n<p data-start=\"572\" data-end=\"595\">\ud83d\udd39 <strong data-start=\"575\" data-end=\"593\">Produktinformation:<\/strong><\/p>\n<ul data-start=\"596\" data-end=\"812\">\n<li data-start=\"596\" data-end=\"641\"><strong data-start=\"598\" data-end=\"610\">M\u00e5tt:<\/strong> (25*19*5).<\/li>\n<li data-start=\"642\" data-end=\"701\"><strong data-start=\"644\" data-end=\"655\">Materialet:<\/strong> Dekorativt tr\u00e4 med ett lyxigt innerfoder i sammet.<\/li>\n<li data-start=\"702\" data-end=\"748\"><strong data-start=\"704\" data-end=\"724\">Inneh\u00e5llet i l\u00e5dan:<\/strong> En dekorerad Koran i litet format.<\/li>\n<li data-start=\"749\" data-end=\"812\"><strong data-start=\"751\" data-end=\"765\">Anv\u00e4nd:<\/strong> Perfekt som g\u00e5va, dekoration och f\u00f6r s\u00e4ker f\u00f6rvaring av Koranen.<\/li>\n<\/ul>\n<p data-start=\"814\" data-end=\"866\" data-is-last-node=\"\">\u00a0<strong data-start=\"817\" data-end=\"866\" data-is-last-node=\"\">Best\u00e4ll den nu och ge ditt hem en lyxig och spirituell touch<\/strong><\/p>","protected":false},"excerpt":{"rendered":"<p>Den eleganta tr\u00e4l\u00e5dan \u00e4r dekorerad med en lyxig orientalisk design och inneh\u00e5ller en liten koran, vilket g\u00f6r den till en speciell g\u00e5va eller ett lyxigt f\u00f6rem\u00e5l f\u00f6r att f\u00f6rvara koranen p\u00e5 ett elegant och distinkt s\u00e4tt.<\/p>","protected":false},"featured_media":47279,"template":"","meta":[],"product_brand":[],"product_cat":[260,305,303],"product_tag":[],"class_list":{"0":"post-47278","1":"product","2":"type-product","3":"status-publish","4":"has-post-thumbnail","6":"product_cat-260","7":"product_cat-305","8":"product_cat-303","10":"first","11":"instock","12":"taxable","13":"shipping-taxable","14":"purchasable","15":"product-type-simple"},"_links":{"self":[{"href":"https:\/\/senabel.com\/sv\/wp-json\/wp\/v2\/product\/47278","targetHints":{"allow":["GET"]}}],"collection":[{"href":"https:\/\/senabel.com\/sv\/wp-json\/wp\/v2\/product"}],"about":[{"href":"https:\/\/senabel.com\/sv\/wp-json\/wp\/v2\/types\/product"}],"version-history":[{"count":3,"href":"https:\/\/senabel.com\/sv\/wp-json\/wp\/v2\/product\/47278\/revisions"}],"predecessor-version":[{"id":47336,"href":"https:\/\/senabel.com\/sv\/wp-json\/wp\/v2\/product\/47278\/revisions\/47336"}],"wp:featuredmedia":[{"embeddable":true,"href":"https:\/\/senabel.com\/sv\/wp-json\/wp\/v2\/media\/47279"}],"wp:attachment":[{"href":"https:\/\/senabel.com\/sv\/wp-json\/wp\/v2\/media?parent=47278"}],"wp:term":[{"taxonomy":"product_brand","embeddable":true,"href":"https:\/\/senabel.com\/sv\/wp-json\/wp\/v2\/product_brand?post=47278"},{"taxonomy":"product_cat","embeddable":true,"href":"https:\/\/senabel.com\/sv\/wp-json\/wp\/v2\/product_cat?post=47278"},{"taxonomy":"product_tag","embeddable":true,"href":"https:\/\/senabel.com\/sv\/wp-json\/wp\/v2\/product_tag?post=47278"}],"curies":[{"name":"wp","href":"https:\/\/api.w.org\/{rel}","templated":true}]}}