{"id":47272,"date":"2025-02-14T15:19:29","date_gmt":"2025-02-14T15:19:29","guid":{"rendered":"https:\/\/senabel.com\/?post_type=product&#038;p=47272"},"modified":"2026-02-01T12:24:33","modified_gmt":"2026-02-01T12:24:33","slug":"naturliga-krispiga-frukter","status":"publish","type":"product","link":"https:\/\/senabel.com\/sv\/product\/%d9%81%d9%88%d8%a7%d9%83%d9%87-%d9%85%d9%82%d8%b1%d9%85%d8%b4%d8%a9-%d8%b7%d8%a8%d9%8a%d8%b9%d9%8a%d8%a9\/","title":{"rendered":"Naturliga krispiga frukter"},"content":{"rendered":"<p data-start=\"47\" data-end=\"105\"><strong data-start=\"47\" data-end=\"103\">En unik upplevelse f\u00f6r frukt\u00e4lskare med sina l\u00e4ckra naturliga smaker!<\/strong><\/p>\n<p data-start=\"107\" data-end=\"295\">Njut av en h\u00e4lsosam blandning av frukter som torkats omsorgsfullt f\u00f6r att bevara sitt n\u00e4ringsv\u00e4rde och sin rika smak. Kombinationen av \u00e4pple, jordgubbar, ananas, papaya och torkad mango ger dig naturlig energi och oemotst\u00e5ndlig friskhet.<\/p>\n<h3 data-start=\"297\" data-end=\"335\"><strong data-start=\"301\" data-end=\"333\">Varf\u00f6r v\u00e4lja torkad frukt?<\/strong><\/h3>\n<p data-start=\"336\" data-end=\"652\">\u2714 <strong data-start=\"338\" data-end=\"353\">100% Naturell<\/strong> - Inga konserveringsmedel eller konstgjorda f\u00e4rger.<br data-start=\"388\" data-end=\"391\" \/>\u2714 <strong data-start=\"393\" data-end=\"423\">Rik p\u00e5 vitaminer och mineraler<\/strong> - Inneh\u00e5ller naturliga fibrer som fr\u00e4mjar matsm\u00e4ltningen.<br data-start=\"481\" data-end=\"484\" \/>\u2714 <strong data-start=\"486\" data-end=\"509\">L\u00e4tt och enkel att \u00e4ta<\/strong> - Perfekt som mellanm\u00e5l p\u00e5 resan eller p\u00e5 jobbet.<br data-start=\"555\" data-end=\"558\" \/>\u2714 <strong data-start=\"560\" data-end=\"582\">M\u00e5ngsidig<\/strong> - De kan \u00e4tas direkt eller tills\u00e4ttas i yoghurt, havregryn eller smoothies.<\/p>\n<h3 data-start=\"654\" data-end=\"678\"><strong data-start=\"658\" data-end=\"676\">Produktinformation:<\/strong><\/h3>\n<ul data-start=\"679\" data-end=\"823\">\n<li data-start=\"679\" data-end=\"703\"><strong data-start=\"681\" data-end=\"691\">Vikt:<\/strong> 100g - 200g.<\/li>\n<li data-start=\"704\" data-end=\"752\"><strong data-start=\"706\" data-end=\"719\">Ingredienser:<\/strong> En m\u00e4ngd olika torkade frukter.<\/li>\n<li data-start=\"753\" data-end=\"823\"><strong data-start=\"755\" data-end=\"771\">S\u00e4ttet att spara:<\/strong> F\u00f6rvara p\u00e5 en sval och torr plats f\u00f6r att bevara den friska smaken.<\/li>\n<\/ul>\n<p data-start=\"825\" data-end=\"903\" data-is-last-node=\"\">\u00a0<strong data-start=\"828\" data-end=\"903\" data-is-last-node=\"\">Njut av naturlig energi och uts\u00f6kt smak med torkade frukter - Best\u00e4ll nu<\/strong><\/p>","protected":false},"excerpt":{"rendered":"<p data-start=\"47\" data-end=\"105\"><strong data-start=\"47\" data-end=\"103\">En unik upplevelse f\u00f6r frukt\u00e4lskare med sina l\u00e4ckra naturliga smaker<\/strong><\/p>\n<p data-start=\"107\" data-end=\"295\">Njut av en h\u00e4lsosam blandning av frukter som torkats omsorgsfullt f\u00f6r att bevara sitt n\u00e4ringsv\u00e4rde och sin rika smak. Kombinationen av \u00e4pple, jordgubbar, ananas, papaya och torkad mango ger dig naturlig energi och oemotst\u00e5ndlig friskhet.<\/p>","protected":false},"featured_media":54996,"template":"","meta":[],"product_brand":[],"product_cat":[367,308],"product_tag":[],"class_list":{"0":"post-47272","1":"product","2":"type-product","3":"status-publish","4":"has-post-thumbnail","6":"product_cat-367","7":"product_cat-308","9":"first","10":"instock","11":"taxable","12":"shipping-taxable","13":"purchasable","14":"product-type-variable"},"_links":{"self":[{"href":"https:\/\/senabel.com\/sv\/wp-json\/wp\/v2\/product\/47272","targetHints":{"allow":["GET"]}}],"collection":[{"href":"https:\/\/senabel.com\/sv\/wp-json\/wp\/v2\/product"}],"about":[{"href":"https:\/\/senabel.com\/sv\/wp-json\/wp\/v2\/types\/product"}],"version-history":[{"count":5,"href":"https:\/\/senabel.com\/sv\/wp-json\/wp\/v2\/product\/47272\/revisions"}],"predecessor-version":[{"id":48433,"href":"https:\/\/senabel.com\/sv\/wp-json\/wp\/v2\/product\/47272\/revisions\/48433"}],"wp:featuredmedia":[{"embeddable":true,"href":"https:\/\/senabel.com\/sv\/wp-json\/wp\/v2\/media\/54996"}],"wp:attachment":[{"href":"https:\/\/senabel.com\/sv\/wp-json\/wp\/v2\/media?parent=47272"}],"wp:term":[{"taxonomy":"product_brand","embeddable":true,"href":"https:\/\/senabel.com\/sv\/wp-json\/wp\/v2\/product_brand?post=47272"},{"taxonomy":"product_cat","embeddable":true,"href":"https:\/\/senabel.com\/sv\/wp-json\/wp\/v2\/product_cat?post=47272"},{"taxonomy":"product_tag","embeddable":true,"href":"https:\/\/senabel.com\/sv\/wp-json\/wp\/v2\/product_tag?post=47272"}],"curies":[{"name":"wp","href":"https:\/\/api.w.org\/{rel}","templated":true}]}}