{"id":47267,"date":"2025-02-14T15:15:51","date_gmt":"2025-02-14T15:15:51","guid":{"rendered":"https:\/\/senabel.com\/?post_type=product&#038;p=47267"},"modified":"2025-10-21T10:33:06","modified_gmt":"2025-10-21T10:33:06","slug":"natural-crispy-freeze-200-g","status":"publish","type":"product","link":"https:\/\/senabel.com\/sv\/product\/%d9%81%d8%b1%d9%8a%d8%b2-%d9%85%d9%82%d8%b1%d9%85%d8%b4-%d8%b7%d8%a8%d9%8a%d8%b9%d9%8a-200-%d8%ba\/","title":{"rendered":"Natural Crispy Freeze 200 g"},"content":{"rendered":"<p data-start=\"44\" data-end=\"103\"><strong data-start=\"44\" data-end=\"101\">Njut av den rika smaken av f\u00e4rska jordgubbar i en uts\u00f6kt torkad form!<\/strong><\/p>\n<p data-start=\"105\" data-end=\"285\">Frystorkade jordgubbar beh\u00e5ller sin naturliga r\u00f6da f\u00e4rg, s\u00f6ta smak och sitt n\u00e4ringsv\u00e4rde, vilket g\u00f6r dem till ett perfekt val f\u00f6r h\u00e4lsosamma snacks eller som topping p\u00e5 desserter och bakverk.<\/p>\n<h3 data-start=\"287\" data-end=\"323\"><strong data-start=\"291\" data-end=\"321\">Varf\u00f6r v\u00e4lja torkade jordgubbar?<\/strong><\/h3>\n<p data-start=\"324\" data-end=\"617\">\u2714 <strong data-start=\"326\" data-end=\"340\">100% Naturell<\/strong> - Inga konserveringsmedel eller konstgjorda tillsatser.<br data-start=\"376\" data-end=\"379\" \/>\u2714 <strong data-start=\"381\" data-end=\"406\">En rik k\u00e4lla till vitaminer<\/strong> - H\u00f6g halt av C-vitamin och antioxidanter.<br data-start=\"459\" data-end=\"462\" \/>\u2714 <strong data-start=\"464\" data-end=\"485\">L\u00e4tt och enkel att \u00e4ta<\/strong> - L\u00e4mplig f\u00f6r snabbmat eller p\u00e5 resan.<br data-start=\"525\" data-end=\"528\" \/>\u2714 <strong data-start=\"530\" data-end=\"551\">M\u00e5ngsidig<\/strong> - Den kan tills\u00e4ttas i havregryn, yoghurt, desserter eller \u00e4tas som den \u00e4r.<\/p>\n<h3 data-start=\"619\" data-end=\"643\"><strong data-start=\"623\" data-end=\"641\">Produktinformation:<\/strong><\/h3>\n<ul data-start=\"644\" data-end=\"781\">\n<li data-start=\"644\" data-end=\"668\"><strong data-start=\"646\" data-end=\"656\">Vikt:<\/strong> 200 gram.<\/li>\n<li data-start=\"669\" data-end=\"703\"><strong data-start=\"671\" data-end=\"684\">Ingredienser:<\/strong> Torkade naturliga jordgubbar.<\/li>\n<li data-start=\"704\" data-end=\"781\"><strong data-start=\"706\" data-end=\"722\">S\u00e4ttet att spara:<\/strong> F\u00f6rvara den svalt och torrt f\u00f6r att bevara smaken och den krispiga konsistensen.<\/li>\n<\/ul>\n<p data-start=\"783\" data-end=\"861\" data-is-last-node=\"\">\ud83c\udf53 <strong data-start=\"786\" data-end=\"861\" data-is-last-node=\"\">L\u00e4ckra och n\u00e4ringsrika torkade jordgubbar - Best\u00e4ll nu<\/strong><\/p>","protected":false},"excerpt":{"rendered":"<p data-start=\"44\" data-end=\"103\"><strong data-start=\"44\" data-end=\"101\">Njut av den rika smaken av f\u00e4rska jordgubbar i en uts\u00f6kt torkad form<\/strong><\/p>\n<p data-start=\"105\" data-end=\"285\">Frystorkade jordgubbar beh\u00e5ller sin naturliga r\u00f6da f\u00e4rg, s\u00f6ta smak och sitt n\u00e4ringsv\u00e4rde, vilket g\u00f6r dem till ett perfekt val f\u00f6r h\u00e4lsosamma snacks eller som topping p\u00e5 desserter och bakverk.<\/p>","protected":false},"featured_media":47268,"template":"","meta":[],"product_brand":[],"product_cat":[349,367,308],"product_tag":[],"class_list":{"0":"post-47267","1":"product","2":"type-product","3":"status-publish","4":"has-post-thumbnail","6":"product_cat-349","7":"product_cat-367","8":"product_cat-308","10":"first","11":"instock","12":"taxable","13":"shipping-taxable","14":"purchasable","15":"product-type-simple"},"_links":{"self":[{"href":"https:\/\/senabel.com\/sv\/wp-json\/wp\/v2\/product\/47267","targetHints":{"allow":["GET"]}}],"collection":[{"href":"https:\/\/senabel.com\/sv\/wp-json\/wp\/v2\/product"}],"about":[{"href":"https:\/\/senabel.com\/sv\/wp-json\/wp\/v2\/types\/product"}],"version-history":[{"count":7,"href":"https:\/\/senabel.com\/sv\/wp-json\/wp\/v2\/product\/47267\/revisions"}],"predecessor-version":[{"id":55635,"href":"https:\/\/senabel.com\/sv\/wp-json\/wp\/v2\/product\/47267\/revisions\/55635"}],"wp:featuredmedia":[{"embeddable":true,"href":"https:\/\/senabel.com\/sv\/wp-json\/wp\/v2\/media\/47268"}],"wp:attachment":[{"href":"https:\/\/senabel.com\/sv\/wp-json\/wp\/v2\/media?parent=47267"}],"wp:term":[{"taxonomy":"product_brand","embeddable":true,"href":"https:\/\/senabel.com\/sv\/wp-json\/wp\/v2\/product_brand?post=47267"},{"taxonomy":"product_cat","embeddable":true,"href":"https:\/\/senabel.com\/sv\/wp-json\/wp\/v2\/product_cat?post=47267"},{"taxonomy":"product_tag","embeddable":true,"href":"https:\/\/senabel.com\/sv\/wp-json\/wp\/v2\/product_tag?post=47267"}],"curies":[{"name":"wp","href":"https:\/\/api.w.org\/{rel}","templated":true}]}}