{"id":47259,"date":"2025-02-15T10:59:34","date_gmt":"2025-02-15T10:59:34","guid":{"rendered":"https:\/\/senabel.com\/?post_type=product&#038;p=47259"},"modified":"2026-02-05T14:14:57","modified_gmt":"2026-02-05T14:14:57","slug":"premium-chilenska-valnotter-500g","status":"publish","type":"product","link":"https:\/\/senabel.com\/sv\/product\/%d8%ac%d9%88%d8%b2-%d8%aa%d8%b4%d9%8a%d9%84%d9%8a-%d9%81%d8%a7%d8%ae%d8%b1-500%d8%ba\/","title":{"rendered":"Premium chilenska valn\u00f6tter 500g"},"content":{"rendered":"<p data-start=\"47\" data-end=\"111\"><strong data-start=\"47\" data-end=\"109\">Rik p\u00e5 smak och h\u00e4lsof\u00f6rdelar, perfekt f\u00f6r mellanm\u00e5l och matlagning!<\/strong><\/p>\n<p data-start=\"113\" data-end=\"255\">Njut av f\u00e4rska kinesiska valn\u00f6tter av finaste kvalitet, med en rik smak och krispig konsistens, perfekta att l\u00e4gga till i dina dagliga recept eller som ett n\u00e4ringsrikt mellanm\u00e5l.<\/p>\n<h3 data-start=\"257\" data-end=\"294\"><strong data-start=\"261\" data-end=\"292\">Varf\u00f6r v\u00e4lja chilenska valn\u00f6tter?<\/strong><\/h3>\n<p data-start=\"295\" data-end=\"621\">\u2714 <strong data-start=\"297\" data-end=\"321\">En rik k\u00e4lla till omega 3<\/strong> - Hj\u00e4lper till att fr\u00e4mja hj\u00e4rt- och hj\u00e4rnh\u00e4lsa.<br data-start=\"357\" data-end=\"360\" \/>\u2714 <strong data-start=\"362\" data-end=\"383\">F\u00e4rskt och av h\u00f6g kvalitet<\/strong> - Noggrant utvalda f\u00f6r att s\u00e4kerst\u00e4lla en krispig konsistens och frisk smak.<br data-start=\"440\" data-end=\"443\" \/>\u2714 <strong data-start=\"445\" data-end=\"475\">L\u00e4mplig f\u00f6r flera anv\u00e4ndningsomr\u00e5den<\/strong> - Den kan \u00e4tas som ett mellanm\u00e5l eller l\u00e4ggas till i desserter, bakverk och sallader.<br data-start=\"541\" data-end=\"544\" \/>\u2714 <strong data-start=\"546\" data-end=\"578\">Utm\u00e4rkt k\u00e4lla till protein och fibrer<\/strong> - Fr\u00e4mjar m\u00e4ttnadsk\u00e4nslan och st\u00f6der en h\u00e4lsosam livsstil.<\/p>\n<h3 data-start=\"623\" data-end=\"647\"><strong data-start=\"627\" data-end=\"645\">Produktinformation:<\/strong><\/h3>\n<ul data-start=\"648\" data-end=\"883\">\n<li data-start=\"648\" data-end=\"672\"><strong data-start=\"650\" data-end=\"660\">Vikt:<\/strong> 500 gram.<\/li>\n<li data-start=\"673\" data-end=\"722\"><strong data-start=\"675\" data-end=\"686\">K\u00e4lla:<\/strong> Importeras fr\u00e5n de finaste kinesiska g\u00e5rdarna.<\/li>\n<li data-start=\"723\" data-end=\"812\"><strong data-start=\"725\" data-end=\"741\">Anv\u00e4nds:<\/strong> Perfekt som mellanm\u00e5l, eller anv\u00e4nd den i desserter, sallader och br\u00f6d.<\/li>\n<li data-start=\"813\" data-end=\"883\"><strong data-start=\"815\" data-end=\"831\">S\u00e4ttet att spara:<\/strong> F\u00f6rvara p\u00e5 en sval och torr plats f\u00f6r att bevara f\u00e4rskhet och kvalitet.<\/li>\n<\/ul>\n<p data-start=\"885\" data-end=\"973\" data-is-last-node=\"\"><strong data-start=\"885\" data-end=\"973\" data-is-last-node=\"\">\ud83e\udd5c Njut av smaken av f\u00e4rska kinesiska valn\u00f6tter och best\u00e4ll dem nu f\u00f6r deras m\u00e5nga n\u00e4ringsm\u00e4ssiga f\u00f6rdelar<\/strong><\/p>","protected":false},"excerpt":{"rendered":"<p data-start=\"47\" data-end=\"111\"><strong data-start=\"47\" data-end=\"109\">Rik p\u00e5 smak och h\u00e4lsof\u00f6rdelar, perfekt f\u00f6r mellanm\u00e5l och matlagning!<\/strong><\/p>\n<p data-start=\"113\" data-end=\"255\">Njut av f\u00e4rska kinesiska valn\u00f6tter av finaste kvalitet, med en rik smak och krispig konsistens, perfekta att l\u00e4gga till i dina dagliga recept eller som ett n\u00e4ringsrikt mellanm\u00e5l.<\/p>","protected":false},"featured_media":47261,"template":"","meta":[],"product_brand":[],"product_cat":[327,308],"product_tag":[],"class_list":{"0":"post-47259","1":"product","2":"type-product","3":"status-publish","4":"has-post-thumbnail","6":"product_cat-327","7":"product_cat-308","9":"first","10":"instock","11":"taxable","12":"shipping-taxable","13":"purchasable","14":"product-type-simple"},"_links":{"self":[{"href":"https:\/\/senabel.com\/sv\/wp-json\/wp\/v2\/product\/47259","targetHints":{"allow":["GET"]}}],"collection":[{"href":"https:\/\/senabel.com\/sv\/wp-json\/wp\/v2\/product"}],"about":[{"href":"https:\/\/senabel.com\/sv\/wp-json\/wp\/v2\/types\/product"}],"version-history":[{"count":4,"href":"https:\/\/senabel.com\/sv\/wp-json\/wp\/v2\/product\/47259\/revisions"}],"predecessor-version":[{"id":60671,"href":"https:\/\/senabel.com\/sv\/wp-json\/wp\/v2\/product\/47259\/revisions\/60671"}],"wp:featuredmedia":[{"embeddable":true,"href":"https:\/\/senabel.com\/sv\/wp-json\/wp\/v2\/media\/47261"}],"wp:attachment":[{"href":"https:\/\/senabel.com\/sv\/wp-json\/wp\/v2\/media?parent=47259"}],"wp:term":[{"taxonomy":"product_brand","embeddable":true,"href":"https:\/\/senabel.com\/sv\/wp-json\/wp\/v2\/product_brand?post=47259"},{"taxonomy":"product_cat","embeddable":true,"href":"https:\/\/senabel.com\/sv\/wp-json\/wp\/v2\/product_cat?post=47259"},{"taxonomy":"product_tag","embeddable":true,"href":"https:\/\/senabel.com\/sv\/wp-json\/wp\/v2\/product_tag?post=47259"}],"curies":[{"name":"wp","href":"https:\/\/api.w.org\/{rel}","templated":true}]}}