{"id":47168,"date":"2025-02-13T13:43:31","date_gmt":"2025-02-13T13:43:31","guid":{"rendered":"https:\/\/senabel.com\/?post_type=product&#038;p=47168"},"modified":"2026-04-18T17:45:22","modified_gmt":"2026-04-18T17:45:22","slug":"torkad-svart-lomi-150g","status":"publish","type":"product","link":"https:\/\/senabel.com\/sv\/product\/%d9%84%d9%88%d9%85%d9%8a-%d8%a3%d8%b3%d9%88%d8%af-%d9%85%d8%ac%d9%81%d9%81-150%d8%ba\/","title":{"rendered":"Torkad svart lomi 150g"},"content":{"rendered":"<p><strong>En rik och distinkt smak f\u00f6r dina r\u00e4tter!<\/strong><\/p>\n<p>Torkad svart lomi \u00e4r en viktig krydda i det arabiska k\u00f6ket och i Gulfk\u00f6ket och anv\u00e4nds f\u00f6r att ge maten en r\u00f6kig och syrlig smak. Den har en stark smak som f\u00f6rh\u00f6jer smaken p\u00e5 ris, soppor och grillat k\u00f6tt.<\/p>\n<h3><strong>Varf\u00f6r v\u00e4lja v\u00e5r Black Lumi?<\/strong><\/h3>\n<p>\u2714 <strong>Naturell 100%<\/strong> - Inneh\u00e5ller inga tillsatser eller konserveringsmedel.<br \/>\n\u2714 <strong>Intensiv och koncentrerad smak<\/strong> - Ger en rik, syrlig smak till dina favoritr\u00e4tter.<br \/>\n\u2714 <strong>Idealisk f\u00f6r matlagning och dryck<\/strong> - Den anv\u00e4nds f\u00f6r att krydda k\u00f6tt, ris, s\u00e5s och varma drycker.<br \/>\n\u2714 <strong>En rik k\u00e4lla till antioxidanter<\/strong> - Hj\u00e4lper till att st\u00e4rka immunf\u00f6rsvaret och f\u00f6rb\u00e4ttra matsm\u00e4ltningen.<\/p>\n<h3><strong>Produktinformation:<\/strong><\/h3>\n<ul>\n<li><strong>Vikt:<\/strong> 150 gram.<\/li>\n<li><strong>Ingredienser:<\/strong> Naturlig svart lomi torkas noggrant f\u00f6r att bevara sin kvalitet.<\/li>\n<li><strong>Anv\u00e4nds:<\/strong> Den tills\u00e4tts i ris (Kabsa, Biryani), soppor och kokt mat f\u00f6r att ge den en distinkt smak.<\/li>\n<li><strong>S\u00e4ttet att spara:<\/strong> F\u00f6rvara p\u00e5 en sval, torr plats utan fukt f\u00f6r att bevara den starka smaken.<\/li>\n<\/ul>\n<p><strong>Ge dina r\u00e4tter en unik twist med torkad svart lomi! Best\u00e4ll den nu och njut av de b\u00e4sta smakerna.<\/strong><\/p>","protected":false},"excerpt":{"rendered":"<p><strong>En rik och distinkt smak f\u00f6r dina r\u00e4tter!<\/strong><\/p>\n<p>Torkad svart lomi \u00e4r en viktig krydda i det arabiska k\u00f6ket och i Gulfk\u00f6ket och anv\u00e4nds f\u00f6r att ge maten en r\u00f6kig och syrlig smak. Den har en stark smak som f\u00f6rh\u00f6jer smaken p\u00e5 ris, soppor och grillat k\u00f6tt.<\/p>","protected":false},"featured_media":47169,"template":"","meta":[],"product_brand":[],"product_cat":[349,327],"product_tag":[],"class_list":{"0":"post-47168","1":"product","2":"type-product","3":"status-publish","4":"has-post-thumbnail","6":"product_cat-349","7":"product_cat-327","9":"first","10":"instock","11":"taxable","12":"shipping-taxable","13":"purchasable","14":"product-type-simple"},"_links":{"self":[{"href":"https:\/\/senabel.com\/sv\/wp-json\/wp\/v2\/product\/47168","targetHints":{"allow":["GET"]}}],"collection":[{"href":"https:\/\/senabel.com\/sv\/wp-json\/wp\/v2\/product"}],"about":[{"href":"https:\/\/senabel.com\/sv\/wp-json\/wp\/v2\/types\/product"}],"version-history":[{"count":1,"href":"https:\/\/senabel.com\/sv\/wp-json\/wp\/v2\/product\/47168\/revisions"}],"predecessor-version":[{"id":47171,"href":"https:\/\/senabel.com\/sv\/wp-json\/wp\/v2\/product\/47168\/revisions\/47171"}],"wp:featuredmedia":[{"embeddable":true,"href":"https:\/\/senabel.com\/sv\/wp-json\/wp\/v2\/media\/47169"}],"wp:attachment":[{"href":"https:\/\/senabel.com\/sv\/wp-json\/wp\/v2\/media?parent=47168"}],"wp:term":[{"taxonomy":"product_brand","embeddable":true,"href":"https:\/\/senabel.com\/sv\/wp-json\/wp\/v2\/product_brand?post=47168"},{"taxonomy":"product_cat","embeddable":true,"href":"https:\/\/senabel.com\/sv\/wp-json\/wp\/v2\/product_cat?post=47168"},{"taxonomy":"product_tag","embeddable":true,"href":"https:\/\/senabel.com\/sv\/wp-json\/wp\/v2\/product_tag?post=47168"}],"curies":[{"name":"wp","href":"https:\/\/api.w.org\/{rel}","templated":true}]}}