{"id":47163,"date":"2025-02-13T13:44:07","date_gmt":"2025-02-13T13:44:07","guid":{"rendered":"https:\/\/senabel.com\/?post_type=product&#038;p=47163"},"modified":"2026-04-04T08:23:24","modified_gmt":"2026-04-04T08:23:24","slug":"torkad-gul-lomi-150g","status":"publish","type":"product","link":"https:\/\/senabel.com\/sv\/product\/%d9%84%d9%88%d9%85%d9%8a-%d8%a3%d8%b5%d9%81%d8%b1-%d9%85%d8%ac%d9%81%d9%81-150%d8%ba\/","title":{"rendered":"Torkad gul lomi 150g"},"content":{"rendered":"<p><strong>En unik citrussmak som ger en fantastisk twist till dina r\u00e4tter!<\/strong><\/p>\n<p>Njut av den karakteristiska smaken av torkade gula citroner, som ofta anv\u00e4nds i matlagning f\u00f6r att ge r\u00e4tter en uts\u00f6kt, l\u00e4tt syrlig smak. De passar perfekt i b\u00e5de \u00f6stliga och v\u00e4stliga recept och \u00e4r ett utm\u00e4rkt tillskott till soppor, risr\u00e4tter, grillmat och skaldjur.<\/p>\n<h3><strong>Varf\u00f6r v\u00e4lja v\u00e5r gula loomi?<\/strong><\/h3>\n<p>\u2714 <strong>Naturell 100%<\/strong> - Inga tillsatser eller konserveringsmedel.<br \/>\n\u2714 <strong>Stark citrussmak<\/strong> - F\u00f6rh\u00f6jer smaken p\u00e5 dina r\u00e4tter med en distinkt touch.<br \/>\n\u2714 <strong>Idealisk f\u00f6r matlagning och dryck<\/strong> - Den kan anv\u00e4ndas f\u00f6r matlagning eller f\u00f6r att g\u00f6ra uppfriskande drycker.<br \/>\n\u2714 <strong>En rik k\u00e4lla till antioxidanter<\/strong> - Bra f\u00f6r matsm\u00e4ltningen och immunf\u00f6rsvaret.<\/p>\n<h3><strong>Produktinformation:<\/strong><\/h3>\n<ul>\n<li><strong>Vikt:<\/strong> 150 gram.<\/li>\n<li><strong>Ingredienser:<\/strong> Naturligt gul rumi, noggrant torkad.<\/li>\n<li><strong>Anv\u00e4nds:<\/strong> Den anv\u00e4nds f\u00f6r att marinera k\u00f6tt och kyckling, tillaga grytor och ge en uppfriskande smak till mat och dryck.<\/li>\n<li><strong>S\u00e4ttet att spara:<\/strong> F\u00f6rvara p\u00e5 en sval, torr plats utan fukt f\u00f6r att bevara den ursprungliga smaken.<\/li>\n<\/ul>\n<p><strong>Tills\u00e4tt torkad gr\u00f6n lomi i ditt k\u00f6k f\u00f6r en rik och distinkt smak! Best\u00e4ll den nu<\/strong><\/p>","protected":false},"excerpt":{"rendered":"<p><strong>En unik citrussmak som ger en fantastisk twist till dina r\u00e4tter!<\/strong><\/p>\n<p>Njut av den distinkta smaken av torkad gr\u00f6n lomi, som ofta anv\u00e4nds i matlagning f\u00f6r att ge r\u00e4tter en salt och milt syrlig smak. Den \u00e4r perfekt f\u00f6r b\u00e5de \u00f6sterl\u00e4ndska och v\u00e4sterl\u00e4ndska recept och \u00e4r ett utm\u00e4rkt komplement till soppor, ris, grillat och skaldjur.<\/p>","protected":false},"featured_media":47164,"template":"","meta":[],"product_brand":[],"product_cat":[349,327],"product_tag":[],"class_list":{"0":"post-47163","1":"product","2":"type-product","3":"status-publish","4":"has-post-thumbnail","6":"product_cat-349","7":"product_cat-327","9":"first","10":"instock","11":"taxable","12":"shipping-taxable","13":"purchasable","14":"product-type-simple"},"_links":{"self":[{"href":"https:\/\/senabel.com\/sv\/wp-json\/wp\/v2\/product\/47163","targetHints":{"allow":["GET"]}}],"collection":[{"href":"https:\/\/senabel.com\/sv\/wp-json\/wp\/v2\/product"}],"about":[{"href":"https:\/\/senabel.com\/sv\/wp-json\/wp\/v2\/types\/product"}],"version-history":[{"count":4,"href":"https:\/\/senabel.com\/sv\/wp-json\/wp\/v2\/product\/47163\/revisions"}],"predecessor-version":[{"id":57728,"href":"https:\/\/senabel.com\/sv\/wp-json\/wp\/v2\/product\/47163\/revisions\/57728"}],"wp:featuredmedia":[{"embeddable":true,"href":"https:\/\/senabel.com\/sv\/wp-json\/wp\/v2\/media\/47164"}],"wp:attachment":[{"href":"https:\/\/senabel.com\/sv\/wp-json\/wp\/v2\/media?parent=47163"}],"wp:term":[{"taxonomy":"product_brand","embeddable":true,"href":"https:\/\/senabel.com\/sv\/wp-json\/wp\/v2\/product_brand?post=47163"},{"taxonomy":"product_cat","embeddable":true,"href":"https:\/\/senabel.com\/sv\/wp-json\/wp\/v2\/product_cat?post=47163"},{"taxonomy":"product_tag","embeddable":true,"href":"https:\/\/senabel.com\/sv\/wp-json\/wp\/v2\/product_tag?post=47163"}],"curies":[{"name":"wp","href":"https:\/\/api.w.org\/{rel}","templated":true}]}}