{"id":47158,"date":"2025-02-13T14:07:50","date_gmt":"2025-02-13T14:07:50","guid":{"rendered":"https:\/\/senabel.com\/?post_type=product&#038;p=47158"},"modified":"2025-04-05T11:15:54","modified_gmt":"2025-04-05T11:15:54","slug":"timjan-500g","status":"publish","type":"product","link":"https:\/\/senabel.com\/sv\/product\/%d8%b2%d8%b9%d8%aa%d8%b1-%d8%a8%d9%84%d8%af%d9%8a-%d9%81%d8%a7%d8%ae%d8%b1-500%d8%ba\/","title":{"rendered":"Timjan Baladi Gr\u00f6n Timjan 500g"},"content":{"rendered":"<p><strong>En rik, traditionell smak som \u00e5terspeglar det rika arvet och den autentiska smaken!<\/strong><\/p>\n<p>Njut av kombinationen <strong>Fin timjan<\/strong> Den \u00e4r omsorgsfullt tillagad med de finaste naturliga ingredienserna och ger dig en perfekt balanserad smak till alla dina m\u00e5ltider.<\/p>\n<h3><strong>Varf\u00f6r v\u00e4lja v\u00e5r timjan?<\/strong><\/h3>\n<p>\u2714 <strong>Krydd- och sesamblandning<\/strong> - En fantastisk smak som berikar dina r\u00e4tter.<br \/>\n\u2714 <strong>En naturlig energik\u00e4lla<\/strong> - Full av nyttiga n\u00e4rings\u00e4mnen.<br \/>\n\u2714 <strong>L\u00e4mplig f\u00f6r frukost och sm\u00f6rg\u00e5sar<\/strong> - Det ger en autentisk och oemotst\u00e5ndlig smak.<br \/>\n\u2714 <strong>Fri fr\u00e5n konserveringsmedel och konstgjorda tillsatser<\/strong> - Ren och \u00e4kta smak.<\/p>\n<h3><strong>Produktinformation:<\/strong><\/h3>\n<ul>\n<li><strong>Vikt:<\/strong> 500 gram.<\/li>\n<li><strong>Ingredienser:<\/strong> Vild timjan, rostade sesamfr\u00f6n, sumak, salt, naturliga kryddor.<\/li>\n<li><strong>Anv\u00e4nds:<\/strong> Perfekt med olivolja och br\u00f6d, som ett utm\u00e4rkt komplement till bakverk eller som krydda till sallader och olika r\u00e4tter.<\/li>\n<li><strong>F\u00f6rvaring:<\/strong> F\u00f6rvara p\u00e5 en sval och torr plats f\u00f6r att bevara den friska och distinkta smaken.<\/li>\n<\/ul>\n<p>\ud83c\udf3f <strong>L\u00e4gg till en autentisk orientalisk touch till dina m\u00e5ltider med v\u00e5r lyxiga Baladi Za'atar! Best\u00e4ll den nu och njut av den traditionella smaken<\/strong><\/p>","protected":false},"excerpt":{"rendered":"<p><strong>En rik, traditionell smak som \u00e5terspeglar det rika arvet och den autentiska smaken!<\/strong><\/p>\n<p>Njut av kombinationen <strong>Fin timjan<\/strong> Den \u00e4r omsorgsfullt tillagad med de finaste naturliga ingredienserna och ger dig en perfekt balanserad smak till alla dina m\u00e5ltider.<\/p>","protected":false},"featured_media":47159,"template":"","meta":[],"product_brand":[],"product_cat":[349,370],"product_tag":[],"class_list":{"0":"post-47158","1":"product","2":"type-product","3":"status-publish","4":"has-post-thumbnail","6":"product_cat-349","7":"product_cat-370","9":"first","10":"outofstock","11":"taxable","12":"shipping-taxable","13":"purchasable","14":"product-type-simple"},"_links":{"self":[{"href":"https:\/\/senabel.com\/sv\/wp-json\/wp\/v2\/product\/47158","targetHints":{"allow":["GET"]}}],"collection":[{"href":"https:\/\/senabel.com\/sv\/wp-json\/wp\/v2\/product"}],"about":[{"href":"https:\/\/senabel.com\/sv\/wp-json\/wp\/v2\/types\/product"}],"version-history":[{"count":3,"href":"https:\/\/senabel.com\/sv\/wp-json\/wp\/v2\/product\/47158\/revisions"}],"predecessor-version":[{"id":47574,"href":"https:\/\/senabel.com\/sv\/wp-json\/wp\/v2\/product\/47158\/revisions\/47574"}],"wp:featuredmedia":[{"embeddable":true,"href":"https:\/\/senabel.com\/sv\/wp-json\/wp\/v2\/media\/47159"}],"wp:attachment":[{"href":"https:\/\/senabel.com\/sv\/wp-json\/wp\/v2\/media?parent=47158"}],"wp:term":[{"taxonomy":"product_brand","embeddable":true,"href":"https:\/\/senabel.com\/sv\/wp-json\/wp\/v2\/product_brand?post=47158"},{"taxonomy":"product_cat","embeddable":true,"href":"https:\/\/senabel.com\/sv\/wp-json\/wp\/v2\/product_cat?post=47158"},{"taxonomy":"product_tag","embeddable":true,"href":"https:\/\/senabel.com\/sv\/wp-json\/wp\/v2\/product_tag?post=47158"}],"curies":[{"name":"wp","href":"https:\/\/api.w.org\/{rel}","templated":true}]}}