{"id":47075,"date":"2025-02-06T19:06:32","date_gmt":"2025-02-06T19:06:32","guid":{"rendered":"https:\/\/senabel.com\/?post_type=product&#038;p=47075"},"modified":"2025-09-15T17:44:24","modified_gmt":"2025-09-15T17:44:24","slug":"dubai-choklad-sma-bitar-500g","status":"publish","type":"product","link":"https:\/\/senabel.com\/sv\/product\/%d8%b4%d9%88%d9%83%d9%88%d9%84%d8%a7-%d8%af%d8%a8%d9%8a-%d9%82%d8%b7%d8%b9-%d8%b5%d8%ba%d9%8a%d8%b1%d8%a9-500%d8%ba\/","title":{"rendered":"Dubai Choklad Sm\u00e5 bitar 500g"},"content":{"rendered":"<p>Sk\u00e4m bort dina sinnen med <strong>Dubai Choklad<\/strong> Tillverkad med kakao av finaste kvalitet f\u00f6r en rik smak och konsistens som sm\u00e4lter i munnen. Dessa chokladbitar kommer i <strong>Sm\u00e5 bitar<\/strong> Perfekt att njuta av n\u00e4r som helst.<\/p>\n<h3><strong>Varf\u00f6r skulle du gilla det?<\/strong><\/h3>\n<p>\u2714 <strong>Sm\u00e5, l\u00e4tt\u00e4tna bitar<\/strong> - Perfekt att dela med sig av eller som mellanm\u00e5l.<br \/>\n\u2714 <strong>Rik smak och len choklad<\/strong> - Sm\u00e4ltande konsistens med fantastisk smak.<br \/>\n\u2714 <strong>H\u00f6gkvalitativa komponenter<\/strong> - Tillverkad av den finaste kakaon och naturligt sm\u00f6r.<br \/>\n\u2714 <strong>Perfekt f\u00f6r alla tillf\u00e4llen<\/strong> - Oavsett om du vill servera dem till g\u00e4sterna eller njuta av dem p\u00e5 rasten.<\/p>\n<h3><strong>Produktinformation:<\/strong><\/h3>\n<ul>\n<li><strong>Vikt:<\/strong> 500 gram.<\/li>\n<li><strong>Antalet delar:<\/strong> Ett kilo inneh\u00e5ller cirka 40 stycken<\/li>\n<li><strong>Ingredienser:<\/strong> Mj\u00f6lkchoklad, kakaosm\u00f6r, naturliga extrakt.<\/li>\n<li><strong>Texturer:<\/strong> Mjuk kr\u00e4m med en lyxig touch av l\u00e4tt crunch.<\/li>\n<li><strong>Anv\u00e4nds:<\/strong> Den kan drickas till kaffet, serveras vid evenemang eller avnjutas n\u00e4r som helst p\u00e5 dagen.<\/li>\n<\/ul>\n<h3><strong>Instruktioner f\u00f6r memorering:<\/strong><\/h3>\n<p>\u2714 F\u00f6rvaras svalt, torrt och skyddat fr\u00e5n solljus f\u00f6r att bevara den unika smaken och den perfekta konsistensen.<\/p>\n<p><strong>Njut av en smak av lyx i varje bit! Missa inte och best\u00e4ll nu<\/strong><\/p>","protected":false},"excerpt":{"rendered":"<p>Sk\u00e4m bort dina sinnen med <strong>Dubai Choklad<\/strong> Tillverkad med kakao av finaste kvalitet f\u00f6r en rik smak och konsistens som sm\u00e4lter i munnen. Dessa chokladbitar kommer i <strong>Sm\u00e5 bitar<\/strong> Perfekt att njuta av n\u00e4r som helst.<\/p>","protected":false},"featured_media":49588,"template":"","meta":[],"product_brand":[],"product_cat":[297],"product_tag":[],"class_list":{"0":"post-47075","1":"product","2":"type-product","3":"status-publish","4":"has-post-thumbnail","6":"product_cat-297","8":"first","9":"outofstock","10":"taxable","11":"shipping-taxable","12":"purchasable","13":"product-type-simple"},"_links":{"self":[{"href":"https:\/\/senabel.com\/sv\/wp-json\/wp\/v2\/product\/47075","targetHints":{"allow":["GET"]}}],"collection":[{"href":"https:\/\/senabel.com\/sv\/wp-json\/wp\/v2\/product"}],"about":[{"href":"https:\/\/senabel.com\/sv\/wp-json\/wp\/v2\/types\/product"}],"version-history":[{"count":4,"href":"https:\/\/senabel.com\/sv\/wp-json\/wp\/v2\/product\/47075\/revisions"}],"predecessor-version":[{"id":53337,"href":"https:\/\/senabel.com\/sv\/wp-json\/wp\/v2\/product\/47075\/revisions\/53337"}],"wp:featuredmedia":[{"embeddable":true,"href":"https:\/\/senabel.com\/sv\/wp-json\/wp\/v2\/media\/49588"}],"wp:attachment":[{"href":"https:\/\/senabel.com\/sv\/wp-json\/wp\/v2\/media?parent=47075"}],"wp:term":[{"taxonomy":"product_brand","embeddable":true,"href":"https:\/\/senabel.com\/sv\/wp-json\/wp\/v2\/product_brand?post=47075"},{"taxonomy":"product_cat","embeddable":true,"href":"https:\/\/senabel.com\/sv\/wp-json\/wp\/v2\/product_cat?post=47075"},{"taxonomy":"product_tag","embeddable":true,"href":"https:\/\/senabel.com\/sv\/wp-json\/wp\/v2\/product_tag?post=47075"}],"curies":[{"name":"wp","href":"https:\/\/api.w.org\/{rel}","templated":true}]}}