{"id":47042,"date":"2025-02-09T14:47:40","date_gmt":"2025-02-09T14:47:40","guid":{"rendered":"https:\/\/senabel.com\/?post_type=product&#038;p=47042"},"modified":"2026-03-24T21:01:56","modified_gmt":"2026-03-24T21:01:56","slug":"torabika-premium-3-i-1","status":"publish","type":"product","link":"https:\/\/senabel.com\/sv\/product\/%d8%aa%d9%88%d8%b1%d8%a7%d8%a8%d9%8a%d9%83%d8%a7-%d8%a8%d8%b1%d9%8a%d9%85%d9%8a%d9%88%d9%85-3-%d9%81%d9%8a-1\/","title":{"rendered":"Torabika Premium 3-i-1"},"content":{"rendered":"<p><strong>Njut av smaken av premium snabbkaffe med Torabika Premium 3-in-1!<\/strong><br \/>\nSpeciellt utformad f\u00f6r kaffe\u00e4lskare som letar efter <strong>Rik och balanserad smak<\/strong> Med mjuk kr\u00e4m. Inneh\u00e5ller en blandning av <strong>Komplett med pulverkaffe, socker och kaffegr\u00e4dde<\/strong> F\u00f6r att ge dig en perfekt kopp varje g\u00e5ng.<\/p>\n<h3><strong>Varf\u00f6r v\u00e4lja Torabika Premium?<\/strong><\/h3>\n<p>\u2714 <strong>Premium kaffe 3-i-1<\/strong> - En perfekt blandning av kaffe, socker och gr\u00e4dde f\u00f6r en balanserad smak.<br \/>\n\u2714 <strong>25% Mer smak<\/strong> - En rik upplevelse med en starkare smak och distinkt arom.<br \/>\n\u2714 <strong>Len gr\u00e4dde och rik smak<\/strong> - Njut av en kr\u00e4mig konsistens som f\u00e5r dig att k\u00e4nna dig bekv\u00e4m med varje klunk.<br \/>\n\u2714 <strong>Snabb och enkel att tillverka<\/strong> - Perfekt f\u00f6r arbete, resor eller hemma.<\/p>\n<h3><strong>Metoden f\u00f6r beredning:<\/strong><\/h3>\n<p>1\ufe0f\u20e3 Tomt inneh\u00e5ll <strong>En p\u00e5se Torabika Premium 3-in-1<\/strong> I en kopp.<br \/>\n2\ufe0f\u20e3 L\u00e4gg till <strong>150 ml<\/strong> varmt vatten eller varm mj\u00f6lk.<br \/>\n3\ufe0f\u20e3 R\u00f6r om v\u00e4l och njut av den rika kaffearomen.<br \/>\n4\ufe0f\u20e3 Tills\u00e4tt mer socker eller mj\u00f6lk efter smak.<\/p>\n<h3><strong>Produktinformation:<\/strong><\/h3>\n<ul>\n<li><strong>Ingredienser:<\/strong> Snabbkaffe, kaffegr\u00e4dde, socker.<\/li>\n<li><strong>Vikt:<\/strong> 25 g per p\u00e5se - f\u00f6rpackningen inneh\u00e5ller 20 p\u00e5sar.<\/li>\n<li><strong>Ursprung:<\/strong> En h\u00f6gkvalitativ produkt f\u00f6r dig som \u00e4lskar starkt och balanserat kaffe.<\/li>\n<li><strong>Anv\u00e4nds:<\/strong> Perfekt f\u00f6r morgonen eller f\u00f6r att njuta av under dagen.<\/li>\n<\/ul>\n<h3><strong>Instruktioner f\u00f6r memorering:<\/strong><\/h3>\n<p>\u2714 F\u00f6rvara i <strong>Torr och sval plats<\/strong> Skyddas fr\u00e5n solljus och fukt.<\/p>\n<p>\u2615 <strong>Njut av smaken av premiumkaffe med Torabika Premium - det perfekta valet f\u00f6r snabba kaffe\u00e4lskare<\/strong><\/p>","protected":false},"excerpt":{"rendered":"<p>A<strong>Njut av smaken av premium snabbkaffe med Torabika Premium 3-in-1!<\/strong><br \/>\nSpeciellt utformad f\u00f6r kaffe\u00e4lskare som letar efter <strong>Rik och balanserad smak<\/strong> Med mjuk kr\u00e4m. Inneh\u00e5ller en blandning av <strong>Komplett med pulverkaffe, socker och kaffegr\u00e4dde<\/strong> F\u00f6r att ge dig en perfekt kopp varje g\u00e5ng.<\/p>","protected":false},"featured_media":47043,"template":"","meta":[],"product_brand":[],"product_cat":[282],"product_tag":[],"class_list":{"0":"post-47042","1":"product","2":"type-product","3":"status-publish","4":"has-post-thumbnail","6":"product_cat-282","8":"first","9":"instock","10":"taxable","11":"shipping-taxable","12":"purchasable","13":"product-type-simple"},"_links":{"self":[{"href":"https:\/\/senabel.com\/sv\/wp-json\/wp\/v2\/product\/47042","targetHints":{"allow":["GET"]}}],"collection":[{"href":"https:\/\/senabel.com\/sv\/wp-json\/wp\/v2\/product"}],"about":[{"href":"https:\/\/senabel.com\/sv\/wp-json\/wp\/v2\/types\/product"}],"version-history":[{"count":1,"href":"https:\/\/senabel.com\/sv\/wp-json\/wp\/v2\/product\/47042\/revisions"}],"predecessor-version":[{"id":47045,"href":"https:\/\/senabel.com\/sv\/wp-json\/wp\/v2\/product\/47042\/revisions\/47045"}],"wp:featuredmedia":[{"embeddable":true,"href":"https:\/\/senabel.com\/sv\/wp-json\/wp\/v2\/media\/47043"}],"wp:attachment":[{"href":"https:\/\/senabel.com\/sv\/wp-json\/wp\/v2\/media?parent=47042"}],"wp:term":[{"taxonomy":"product_brand","embeddable":true,"href":"https:\/\/senabel.com\/sv\/wp-json\/wp\/v2\/product_brand?post=47042"},{"taxonomy":"product_cat","embeddable":true,"href":"https:\/\/senabel.com\/sv\/wp-json\/wp\/v2\/product_cat?post=47042"},{"taxonomy":"product_tag","embeddable":true,"href":"https:\/\/senabel.com\/sv\/wp-json\/wp\/v2\/product_tag?post=47042"}],"curies":[{"name":"wp","href":"https:\/\/api.w.org\/{rel}","templated":true}]}}