{"id":47032,"date":"2025-02-09T14:49:28","date_gmt":"2025-02-09T14:49:28","guid":{"rendered":"https:\/\/senabel.com\/?post_type=product&#038;p=47032"},"modified":"2026-04-23T22:37:02","modified_gmt":"2026-04-23T22:37:02","slug":"tora-pica-cappuccino-utan-socker","status":"publish","type":"product","link":"https:\/\/senabel.com\/sv\/product\/%d8%aa%d9%88%d8%b1%d8%a7-%d8%a8%d9%8a%d9%83%d8%a7-%d9%83%d8%a7%d8%a8%d8%aa%d8%b4%d9%8a%d9%86%d9%88-%d8%a8%d8%af%d9%88%d9%86-%d8%b3%d9%83%d8%b1\/","title":{"rendered":"Tora Pica Cappuccino utan socker"},"content":{"rendered":"<p><strong>Den fylliga smaken av cappuccino utan tillsatt socker!<\/strong> F\u00f6r kaffe\u00e4lskare som vill ha ett h\u00e4lsosammare alternativ med samma goda smak finns <strong>Tora Pica Cappuccino<\/strong> En exceptionell upplevelse med en balanserad blandning av <strong>Premiumkaffe, kr\u00e4mig mj\u00f6lk och fylligt skum<\/strong> med <strong>Extra chokladnibbar<\/strong> F\u00f6r den perfekta cappuccinon.<\/p>\n<h3><strong>Varf\u00f6r v\u00e4lja Tora Bica Cappuccino utan tillsatt socker?<\/strong><\/h3>\n<p>\u2714 <strong>Inget tillsatt socker<\/strong> - Den ursprungliga smaken av kaffe utan tillsatt socker.<br \/>\n\u2714 <strong>Fylligt, kr\u00e4migt skum<\/strong> - Njut av den mjuka k\u00e4nslan i varje klunk.<br \/>\n\u2714 <strong>Stark och balanserad kaffesmak<\/strong> - Den perfekta kaffeupplevelsen f\u00f6r dig som \u00e4lskar autentiska smaker.<br \/>\n\u2714 <strong>Snabb och enkel beredning<\/strong> - Njut av en god cappuccino p\u00e5 bara n\u00e5gra minuter!<\/p>\n<h3><strong>Metoden f\u00f6r beredning:<\/strong><\/h3>\n<p>1\ufe0f\u20e3 T\u00f6m cappuccinop\u00e5sen i en kopp.<br \/>\n2\ufe0f\u20e3 L\u00e4gg till <strong>150 ml<\/strong> av varmt vatten.<br \/>\n3\ufe0f\u20e3 R\u00f6r om v\u00e4l och str\u00f6 sedan \u00f6ver de medf\u00f6ljande chokladnibbarna f\u00f6r att f\u00f6rst\u00e4rka smaken.<br \/>\n4\ufe0f\u20e3 Njut av den rika smaken av kaffe utan tillsatt socker!<\/p>\n<h3><strong>Produktinformation:<\/strong><\/h3>\n<ul>\n<li><strong>Ingredienser:<\/strong> Blandning av snabbkaffe, mj\u00f6lkpulver och kaffegr\u00e4dde, utan tillsatt socker.<\/li>\n<li><strong>Vikt:<\/strong> 20 dosp\u00e5sar x 12,5 g.<\/li>\n<li><strong>Jag v\u00e4xte upp:<\/strong> En originalprodukt fr\u00e5n Tora Bica - kaffet f\u00f6r alla som \u00e4lskar naturliga smaker.<\/li>\n<li><strong>Anv\u00e4nds:<\/strong> Passar n\u00e4r som helst p\u00e5 dagen, oavsett om det \u00e4r p\u00e5 morgonen, eftermiddagen eller avkopplande stunder.<\/li>\n<\/ul>\n<h3><strong>Instruktioner f\u00f6r memorering:<\/strong><\/h3>\n<p>\u2714 F\u00f6rvara i <strong>Torr och sval plats<\/strong> F\u00e5r inte uts\u00e4ttas f\u00f6r direkt solljus.<\/p>\n<p>\u2615 <strong>Njut av smaken av \u00e4kta cappuccino utan tillsatt socker - det perfekta valet f\u00f6r h\u00e4lsosamma kaffe\u00e4lskare<\/strong><\/p>","protected":false},"excerpt":{"rendered":"<p><strong>Den fylliga smaken av cappuccino utan tillsatt socker!<\/strong> F\u00f6r kaffe\u00e4lskare som vill ha ett h\u00e4lsosammare alternativ med samma goda smak finns <strong>Tora Pica Cappuccino<\/strong> En exceptionell upplevelse med en balanserad blandning av <strong>Premiumkaffe, kr\u00e4mig mj\u00f6lk och fylligt skum<\/strong> med <strong>Extra chokladnibbar<\/strong> F\u00f6r den perfekta cappuccinon.<\/p>","protected":false},"featured_media":47033,"template":"","meta":[],"product_brand":[],"product_cat":[347,282],"product_tag":[],"class_list":{"0":"post-47032","1":"product","2":"type-product","3":"status-publish","4":"has-post-thumbnail","6":"product_cat-347","7":"product_cat-282","9":"first","10":"instock","11":"taxable","12":"shipping-taxable","13":"purchasable","14":"product-type-simple"},"_links":{"self":[{"href":"https:\/\/senabel.com\/sv\/wp-json\/wp\/v2\/product\/47032","targetHints":{"allow":["GET"]}}],"collection":[{"href":"https:\/\/senabel.com\/sv\/wp-json\/wp\/v2\/product"}],"about":[{"href":"https:\/\/senabel.com\/sv\/wp-json\/wp\/v2\/types\/product"}],"version-history":[{"count":4,"href":"https:\/\/senabel.com\/sv\/wp-json\/wp\/v2\/product\/47032\/revisions"}],"predecessor-version":[{"id":47133,"href":"https:\/\/senabel.com\/sv\/wp-json\/wp\/v2\/product\/47032\/revisions\/47133"}],"wp:featuredmedia":[{"embeddable":true,"href":"https:\/\/senabel.com\/sv\/wp-json\/wp\/v2\/media\/47033"}],"wp:attachment":[{"href":"https:\/\/senabel.com\/sv\/wp-json\/wp\/v2\/media?parent=47032"}],"wp:term":[{"taxonomy":"product_brand","embeddable":true,"href":"https:\/\/senabel.com\/sv\/wp-json\/wp\/v2\/product_brand?post=47032"},{"taxonomy":"product_cat","embeddable":true,"href":"https:\/\/senabel.com\/sv\/wp-json\/wp\/v2\/product_cat?post=47032"},{"taxonomy":"product_tag","embeddable":true,"href":"https:\/\/senabel.com\/sv\/wp-json\/wp\/v2\/product_tag?post=47032"}],"curies":[{"name":"wp","href":"https:\/\/api.w.org\/{rel}","templated":true}]}}