{"id":46906,"date":"2025-02-04T15:49:34","date_gmt":"2025-02-04T15:49:34","guid":{"rendered":"https:\/\/senabel.com\/?post_type=product&#038;p=46906"},"modified":"2025-07-31T11:43:22","modified_gmt":"2025-07-31T11:43:22","slug":"turkiska-halstabletter-med-jordnotter-2","status":"publish","type":"product","link":"https:\/\/senabel.com\/sv\/product\/%d8%b1%d8%a7%d8%ad%d8%a9-%d8%a7%d9%84%d8%ad%d9%84%d9%82%d9%88%d9%85-%d8%a7%d9%84%d8%aa%d8%b1%d9%83%d9%8a%d8%a9-%d8%a8%d8%a7%d9%84%d9%81%d9%88%d9%84-%d8%a7%d9%84%d8%b3%d9%88%d8%af%d8%a7%d9%86%d9%8a-2\/","title":{"rendered":"Jordn\u00f6tter och russin Turkisk Halloumi Comfort 300g"},"content":{"rendered":"<p>Njut av den unika smaken av den turkiska gommen, som kombinerar <strong>Mjuk sockers\u00f6tma<\/strong> Den mjuka konsistensen med <strong>Rik jordn\u00f6tssmak och l\u00e4ckra russin<\/strong>. En autentisk upplevelse som ger dig en varm k\u00e4nsla f\u00f6r varje tugga, inspirerad av den l\u00e5nga traditionen med turkiska desserter.<\/p>\n<h3><strong>Produktinformation:<\/strong><\/h3>\n<ul>\n<li><strong>Ingredienser:<\/strong> Rostade jordn\u00f6tter, naturliga russin, socker, ren st\u00e4rkelse, naturliga extrakt.<\/li>\n<li><strong>Vikt:<\/strong> 300 gram.<\/li>\n<li><strong>Jag v\u00e4xte upp:<\/strong> <strong>\u00c4kta turkisk industri<\/strong> Enligt ett traditionellt recept som garanterar rik smak och h\u00f6g kvalitet.<\/li>\n<li><strong>Texturer:<\/strong> Mjuk och lite klibbig, den sm\u00e4lter i munnen med en l\u00e4tt jordn\u00f6tskn\u00e4ckning.<\/li>\n<li><strong>Anv\u00e4nds:<\/strong> Perfekt att servera till <strong>Turkiskt kaffe eller te<\/strong>eller som en lyxig dessert som ger en traditionell touch till din dag.<\/li>\n<\/ul>\n<h3><strong>Varf\u00f6r v\u00e4lja den turkiska halvan med jordn\u00f6tter och russin?<\/strong><\/h3>\n<p>\u2714 <strong>L\u00e4ckert balanserad smak<\/strong> - Sockrets s\u00f6tma kombineras med den fylliga smaken av jordn\u00f6tter och russin.<br \/>\n\u2714 <strong>Fri fr\u00e5n konserveringsmedel och artificiella f\u00e4rg\u00e4mnen<\/strong> - Naturlig kvalitet f\u00f6r en autentisk smak.<br \/>\n\u2714 <strong>Perfekt f\u00f6r alla tillf\u00e4llen<\/strong> - Fungerar som en sofistikerad g\u00e4stfrihet eller g\u00e5va f\u00f6r \u00e4lskare av orientaliska desserter.<\/p>\n<h3><strong>Instruktioner f\u00f6r memorering:<\/strong><\/h3>\n<p>F\u00f6rvara produkten i <strong>Sval, torr plats<\/strong> F\u00f6rvaras skyddat fr\u00e5n solen f\u00f6r att bevara den mjuka konsistensen och den unika smaken.<\/p>\n<p>\u2728 <strong>Upplev den autentiska smaken av Turkiet med en behaglig halva av jordn\u00f6tter och russin - en v\u00e4rmande och tr\u00f6stande smak<\/strong><\/p>","protected":false},"excerpt":{"rendered":"<p>Njut av den unika smaken av den turkiska gommen, som kombinerar <strong>Mjuk sockers\u00f6tma<\/strong> Den mjuka konsistensen med <strong>Rik jordn\u00f6tssmak och l\u00e4ckra russin<\/strong>. En autentisk upplevelse som ger dig en varm k\u00e4nsla f\u00f6r varje tugga, inspirerad av den l\u00e5nga traditionen med turkiska desserter.<\/p>","protected":false},"featured_media":46907,"template":"","meta":[],"product_brand":[],"product_cat":[299],"product_tag":[],"class_list":{"0":"post-46906","1":"product","2":"type-product","3":"status-publish","4":"has-post-thumbnail","6":"product_cat-299","8":"first","9":"outofstock","10":"sale","11":"taxable","12":"shipping-taxable","13":"purchasable","14":"product-type-simple"},"_links":{"self":[{"href":"https:\/\/senabel.com\/sv\/wp-json\/wp\/v2\/product\/46906","targetHints":{"allow":["GET"]}}],"collection":[{"href":"https:\/\/senabel.com\/sv\/wp-json\/wp\/v2\/product"}],"about":[{"href":"https:\/\/senabel.com\/sv\/wp-json\/wp\/v2\/types\/product"}],"version-history":[{"count":2,"href":"https:\/\/senabel.com\/sv\/wp-json\/wp\/v2\/product\/46906\/revisions"}],"predecessor-version":[{"id":46934,"href":"https:\/\/senabel.com\/sv\/wp-json\/wp\/v2\/product\/46906\/revisions\/46934"}],"wp:featuredmedia":[{"embeddable":true,"href":"https:\/\/senabel.com\/sv\/wp-json\/wp\/v2\/media\/46907"}],"wp:attachment":[{"href":"https:\/\/senabel.com\/sv\/wp-json\/wp\/v2\/media?parent=46906"}],"wp:term":[{"taxonomy":"product_brand","embeddable":true,"href":"https:\/\/senabel.com\/sv\/wp-json\/wp\/v2\/product_brand?post=46906"},{"taxonomy":"product_cat","embeddable":true,"href":"https:\/\/senabel.com\/sv\/wp-json\/wp\/v2\/product_cat?post=46906"},{"taxonomy":"product_tag","embeddable":true,"href":"https:\/\/senabel.com\/sv\/wp-json\/wp\/v2\/product_tag?post=46906"}],"curies":[{"name":"wp","href":"https:\/\/api.w.org\/{rel}","templated":true}]}}