{"id":46890,"date":"2025-02-04T15:57:20","date_gmt":"2025-02-04T15:57:20","guid":{"rendered":"https:\/\/senabel.com\/?post_type=product&#038;p=46890"},"modified":"2025-03-07T13:30:12","modified_gmt":"2025-03-07T13:30:12","slug":"socker-dadlar-1kg","status":"publish","type":"product","link":"https:\/\/senabel.com\/sv\/product\/%d8%aa%d9%85%d8%b1-%d8%a7%d9%84%d8%b3%d9%83%d8%b1%d9%8a-1%d9%83%d8%ba\/","title":{"rendered":"Socker Dadlar 1kg"},"content":{"rendered":"<p>Njut av smaken av <strong>Datum f\u00f6r diabetiker<\/strong> Den k\u00e4nnetecknas av sin mjuka konsistens och rika smak med naturlig s\u00f6tma. Denna typ av dadlar anses vara en av de finaste och mest eftertraktade dadlarna, som kombinerar m\u00f6rhet med h\u00f6ga n\u00e4ringsm\u00e4ssiga f\u00f6rdelar.<\/p>\n<h3><strong>Varf\u00f6r v\u00e4lja datum f\u00f6r diabetiker?<\/strong><\/h3>\n<ul>\n<li><strong>Naturell 100%<\/strong> Inga tillsatser eller konserveringsmedel.<\/li>\n<li><strong>Smakar s\u00f6tt och mjukt<\/strong> Perfekt att \u00e4ta direkt eller till kaffet.<\/li>\n<li><strong>En rik k\u00e4lla till fibrer och vitaminer<\/strong> F\u00f6r att st\u00f6dja h\u00e4lsa och matsm\u00e4ltning.<\/li>\n<li><strong>Ett h\u00e4lsosamt alternativ f\u00f6r att ge din kropp energi<\/strong> Hela dagen l\u00e5ng.<\/li>\n<li><strong>L\u00e4mplig f\u00f6r mellanm\u00e5l<\/strong> Eller tills\u00e4tt den i desserter och bakverk.<\/li>\n<\/ul>\n<p><strong>Njut av den autentiska smaken och h\u00e4lsof\u00f6rdelarna med Dadelar Sugar Dates - det perfekta valet f\u00f6r dem som \u00e4lskar s\u00f6t smak och premiumkvalitet<\/strong><\/p>","protected":false},"excerpt":{"rendered":"<p>Njut av smaken av <strong>Datum f\u00f6r diabetiker<\/strong> Den k\u00e4nnetecknas av sin mjuka konsistens och rika smak med naturlig s\u00f6tma. Denna typ av dadlar anses vara en av de finaste och mest eftertraktade dadlarna, som kombinerar m\u00f6rhet med h\u00f6ga n\u00e4ringsm\u00e4ssiga f\u00f6rdelar.<\/p>","protected":false},"featured_media":46892,"template":"","meta":[],"product_brand":[],"product_cat":[309],"product_tag":[],"class_list":{"0":"post-46890","1":"product","2":"type-product","3":"status-publish","4":"has-post-thumbnail","6":"product_cat-309","8":"first","9":"outofstock","10":"taxable","11":"shipping-taxable","12":"purchasable","13":"product-type-simple"},"_links":{"self":[{"href":"https:\/\/senabel.com\/sv\/wp-json\/wp\/v2\/product\/46890","targetHints":{"allow":["GET"]}}],"collection":[{"href":"https:\/\/senabel.com\/sv\/wp-json\/wp\/v2\/product"}],"about":[{"href":"https:\/\/senabel.com\/sv\/wp-json\/wp\/v2\/types\/product"}],"version-history":[{"count":5,"href":"https:\/\/senabel.com\/sv\/wp-json\/wp\/v2\/product\/46890\/revisions"}],"predecessor-version":[{"id":46948,"href":"https:\/\/senabel.com\/sv\/wp-json\/wp\/v2\/product\/46890\/revisions\/46948"}],"wp:featuredmedia":[{"embeddable":true,"href":"https:\/\/senabel.com\/sv\/wp-json\/wp\/v2\/media\/46892"}],"wp:attachment":[{"href":"https:\/\/senabel.com\/sv\/wp-json\/wp\/v2\/media?parent=46890"}],"wp:term":[{"taxonomy":"product_brand","embeddable":true,"href":"https:\/\/senabel.com\/sv\/wp-json\/wp\/v2\/product_brand?post=46890"},{"taxonomy":"product_cat","embeddable":true,"href":"https:\/\/senabel.com\/sv\/wp-json\/wp\/v2\/product_cat?post=46890"},{"taxonomy":"product_tag","embeddable":true,"href":"https:\/\/senabel.com\/sv\/wp-json\/wp\/v2\/product_tag?post=46890"}],"curies":[{"name":"wp","href":"https:\/\/api.w.org\/{rel}","templated":true}]}}