{"id":46886,"date":"2025-02-04T16:01:23","date_gmt":"2025-02-04T16:01:23","guid":{"rendered":"https:\/\/senabel.com\/?post_type=product&#038;p=46886"},"modified":"2025-04-26T22:02:38","modified_gmt":"2025-04-26T22:02:38","slug":"dadelpasta-1-kg","status":"publish","type":"product","link":"https:\/\/senabel.com\/sv\/product\/%d8%b9%d8%ac%d9%8a%d9%86%d8%a9-%d8%a7%d9%84%d8%aa%d9%85%d8%b1-1%d9%83%d8%ba\/","title":{"rendered":"Dadelpasta 1 kg"},"content":{"rendered":"<p>100% Natural Date Paste, tillverkad av dadlar av finaste kvalitet, \u00e4r det perfekta tillskottet till ditt k\u00f6k. Den h\u00e4r pastan \u00e4r ett h\u00e4lsosamt och m\u00e5ngsidigt val f\u00f6r desserter, bakverk och salta r\u00e4tter.<\/p>\n<h3><strong>Varf\u00f6r v\u00e4lja date paste?<\/strong><\/h3>\n<ul>\n<li><strong>Naturliga datum 100%<\/strong> Utan n\u00e5gra konstgjorda tillsatser.<\/li>\n<li><strong>Smidig och enkel att anv\u00e4nda<\/strong> L\u00e4mpar sig f\u00f6r olika recept.<\/li>\n<li><strong>En rik k\u00e4lla till fibrer<\/strong> F\u00f6r att st\u00f6dja matsm\u00e4ltningsh\u00e4lsan.<\/li>\n<li><strong>Ett h\u00e4lsosamt alternativ till vitt socker<\/strong> I desserter och bakverk.<\/li>\n<li><strong>L\u00e4mplig f\u00f6r barn och vuxna<\/strong> som en naturlig energik\u00e4lla.<\/li>\n<\/ul>\n<h3><strong>Hur man anv\u00e4nder dadelpasta:<\/strong><\/h3>\n<ul>\n<li>Den kan anv\u00e4ndas f\u00f6r att f\u00f6rbereda <strong>Maamoul, kakor, kex<\/strong>.<\/li>\n<li>Tills\u00e4tt i smoothies och juicer f\u00f6r en naturligt s\u00f6t smak.<\/li>\n<li>Kan anv\u00e4ndas f\u00f6r <strong>Paj- och t\u00e5rtfyllningar<\/strong>.<\/li>\n<li>Servera med sm\u00f6r eller tahini f\u00f6r en god och n\u00e4ringsrik frukost.<\/li>\n<\/ul>\n<p><strong>G\u00f6r dina recept h\u00e4lsosammare och godare med Datadollar Date Paste, och njut av den autentiska smaken och de n\u00e4ringsm\u00e4ssiga f\u00f6rdelarna<\/strong><\/p>","protected":false},"excerpt":{"rendered":"<p>100% Natural Date Paste, tillverkad av dadlar av finaste kvalitet, \u00e4r det perfekta tillskottet till ditt k\u00f6k. Den h\u00e4r pastan \u00e4r ett h\u00e4lsosamt och m\u00e5ngsidigt val f\u00f6r desserter, bakverk och salta r\u00e4tter.<\/p>","protected":false},"featured_media":46887,"template":"","meta":[],"product_brand":[],"product_cat":[309,227],"product_tag":[],"class_list":{"0":"post-46886","1":"product","2":"type-product","3":"status-publish","4":"has-post-thumbnail","6":"product_cat-309","7":"product_cat-227","9":"first","10":"outofstock","11":"sale","12":"taxable","13":"shipping-taxable","14":"purchasable","15":"product-type-simple"},"_links":{"self":[{"href":"https:\/\/senabel.com\/sv\/wp-json\/wp\/v2\/product\/46886","targetHints":{"allow":["GET"]}}],"collection":[{"href":"https:\/\/senabel.com\/sv\/wp-json\/wp\/v2\/product"}],"about":[{"href":"https:\/\/senabel.com\/sv\/wp-json\/wp\/v2\/types\/product"}],"version-history":[{"count":6,"href":"https:\/\/senabel.com\/sv\/wp-json\/wp\/v2\/product\/46886\/revisions"}],"predecessor-version":[{"id":47240,"href":"https:\/\/senabel.com\/sv\/wp-json\/wp\/v2\/product\/46886\/revisions\/47240"}],"wp:featuredmedia":[{"embeddable":true,"href":"https:\/\/senabel.com\/sv\/wp-json\/wp\/v2\/media\/46887"}],"wp:attachment":[{"href":"https:\/\/senabel.com\/sv\/wp-json\/wp\/v2\/media?parent=46886"}],"wp:term":[{"taxonomy":"product_brand","embeddable":true,"href":"https:\/\/senabel.com\/sv\/wp-json\/wp\/v2\/product_brand?post=46886"},{"taxonomy":"product_cat","embeddable":true,"href":"https:\/\/senabel.com\/sv\/wp-json\/wp\/v2\/product_cat?post=46886"},{"taxonomy":"product_tag","embeddable":true,"href":"https:\/\/senabel.com\/sv\/wp-json\/wp\/v2\/product_tag?post=46886"}],"curies":[{"name":"wp","href":"https:\/\/api.w.org\/{rel}","templated":true}]}}