{"id":46879,"date":"2025-02-04T16:08:54","date_gmt":"2025-02-04T16:08:54","guid":{"rendered":"https:\/\/senabel.com\/?post_type=product&#038;p=46879"},"modified":"2025-04-18T19:20:41","modified_gmt":"2025-04-18T19:20:41","slug":"lulu-dadlar-by-taj-dadlar-1kg","status":"publish","type":"product","link":"https:\/\/senabel.com\/sv\/product\/%d8%aa%d9%85%d8%b1-%d9%84%d9%88%d9%84%d9%88-%d9%85%d9%86-%d8%aa%d8%a7%d8%ac-%d8%a7%d9%84%d8%aa%d9%85%d9%88%d8%b1-1%d9%83%d8%ba\/","title":{"rendered":"Lulu Dadlar by Taj Dadlar 1kg"},"content":{"rendered":"<p>Njut av den rika smaken och den perfekta konsistensen med <strong>Lulu datum<\/strong> Lyx fr\u00e5n <strong>Datum f\u00f6r kronan<\/strong>kombination <strong>M\u00e5ttlig naturlig s\u00f6tma<\/strong> Den mjuka konsistensen g\u00f6r den till det perfekta valet f\u00f6r dig som \u00e4lskar dejter.<\/p>\n<h3><strong>Varf\u00f6r v\u00e4lja Tamar Lulu?<\/strong><\/h3>\n<ul>\n<li><strong>Naturliga datum 100%<\/strong> Utan n\u00e5gra konstgjorda tillsatser.<\/li>\n<li><strong>Rik p\u00e5 fibrer och vitaminer<\/strong> F\u00f6r att fr\u00e4mja matsm\u00e4ltningsh\u00e4lsan.<\/li>\n<li><strong>Idealisk energik\u00e4lla<\/strong> F\u00f6r en dag full av energi och kraft.<\/li>\n<li><strong>Mjuk smak och m\u00e5ttlig s\u00f6tma<\/strong> Passar f\u00f6r alla smaker.<\/li>\n<\/ul>\n<p><strong>Njut av Lulus premium dadlar fr\u00e5n Taj Dates och l\u00e4gg till en touch av \u00e4kthet och smak i din dag<\/strong><\/p>","protected":false},"excerpt":{"rendered":"<p>Njut av den rika smaken och den perfekta konsistensen med <strong>Lulu datum<\/strong> Lyx fr\u00e5n <strong>Datum f\u00f6r kronan<\/strong>kombination <strong>M\u00e5ttlig naturlig s\u00f6tma<\/strong> Den mjuka konsistensen g\u00f6r den till det perfekta valet f\u00f6r dig som \u00e4lskar dejter.<\/p>","protected":false},"featured_media":46880,"template":"","meta":[],"product_brand":[],"product_cat":[309,227],"product_tag":[],"class_list":{"0":"post-46879","1":"product","2":"type-product","3":"status-publish","4":"has-post-thumbnail","6":"product_cat-309","7":"product_cat-227","9":"first","10":"outofstock","11":"sale","12":"taxable","13":"shipping-taxable","14":"purchasable","15":"product-type-simple"},"_links":{"self":[{"href":"https:\/\/senabel.com\/sv\/wp-json\/wp\/v2\/product\/46879","targetHints":{"allow":["GET"]}}],"collection":[{"href":"https:\/\/senabel.com\/sv\/wp-json\/wp\/v2\/product"}],"about":[{"href":"https:\/\/senabel.com\/sv\/wp-json\/wp\/v2\/types\/product"}],"version-history":[{"count":2,"href":"https:\/\/senabel.com\/sv\/wp-json\/wp\/v2\/product\/46879\/revisions"}],"predecessor-version":[{"id":48233,"href":"https:\/\/senabel.com\/sv\/wp-json\/wp\/v2\/product\/46879\/revisions\/48233"}],"wp:featuredmedia":[{"embeddable":true,"href":"https:\/\/senabel.com\/sv\/wp-json\/wp\/v2\/media\/46880"}],"wp:attachment":[{"href":"https:\/\/senabel.com\/sv\/wp-json\/wp\/v2\/media?parent=46879"}],"wp:term":[{"taxonomy":"product_brand","embeddable":true,"href":"https:\/\/senabel.com\/sv\/wp-json\/wp\/v2\/product_brand?post=46879"},{"taxonomy":"product_cat","embeddable":true,"href":"https:\/\/senabel.com\/sv\/wp-json\/wp\/v2\/product_cat?post=46879"},{"taxonomy":"product_tag","embeddable":true,"href":"https:\/\/senabel.com\/sv\/wp-json\/wp\/v2\/product_tag?post=46879"}],"curies":[{"name":"wp","href":"https:\/\/api.w.org\/{rel}","templated":true}]}}