{"id":46876,"date":"2025-02-04T16:09:35","date_gmt":"2025-02-04T16:09:35","guid":{"rendered":"https:\/\/senabel.com\/?post_type=product&#038;p=46876"},"modified":"2026-01-08T08:41:51","modified_gmt":"2026-01-08T08:41:51","slug":"lulu-dadlar-av-taj-dadlar-500g","status":"publish","type":"product","link":"https:\/\/senabel.com\/sv\/product\/%d8%aa%d9%85%d8%b1-%d9%84%d9%88%d9%84%d9%88-%d9%85%d9%86-%d8%aa%d8%a7%d8%ac-%d8%a7%d9%84%d8%aa%d9%85%d9%88%d8%b1-500%d8%ba\/","title":{"rendered":"Lulu Dadlar av Taj Dadlar 500g"},"content":{"rendered":"<p>Njut av smaken av <strong>Lulu datum<\/strong> Naturligt och rikt fr\u00e5n <strong>Datum f\u00f6r kronan<\/strong>kombination <strong>Balanserad s\u00f6tma och mjuk konsistens<\/strong> Ett perfekt val f\u00f6r den som \u00e4lskar \u00e4kta dadlar.<\/p>\n<h3><strong>Varf\u00f6r \u00e4r Lulu p\u00e5 genomresa?<\/strong><\/h3>\n<ul>\n<li><strong>Naturell 100%<\/strong> och fri fr\u00e5n tillsatser.<\/li>\n<li><strong>M\u00e5ttlig s\u00f6tma<\/strong> Passar f\u00f6r alla smaker.<\/li>\n<li><strong>En naturlig k\u00e4lla till energi och fibrer<\/strong> F\u00f6r b\u00e4ttre h\u00e4lsa.<\/li>\n<li><strong>Omsorgsfullt f\u00f6rpackad<\/strong> F\u00f6r att bibeh\u00e5lla f\u00e4rskhet och kvalitet.<\/li>\n<\/ul>\n<p><strong>G\u00f6r Lulu Dates by Taj Dates till en del av din dag och njut av den lyxiga smaken och de m\u00e5nga h\u00e4lsof\u00f6rdelarna<\/strong><\/p>","protected":false},"excerpt":{"rendered":"<p>Njut av smaken av <strong>Lulu datum<\/strong> Naturligt och rikt fr\u00e5n <strong>Datum f\u00f6r kronan<\/strong>kombination <strong>Balanserad s\u00f6tma och mjuk konsistens<\/strong> Ett perfekt val f\u00f6r den som \u00e4lskar \u00e4kta dadlar.<\/p>","protected":false},"featured_media":46877,"template":"","meta":[],"product_brand":[],"product_cat":[347,309],"product_tag":[],"class_list":{"0":"post-46876","1":"product","2":"type-product","3":"status-publish","4":"has-post-thumbnail","6":"product_cat-347","7":"product_cat-309","9":"first","10":"outofstock","11":"taxable","12":"shipping-taxable","13":"purchasable","14":"product-type-simple"},"_links":{"self":[{"href":"https:\/\/senabel.com\/sv\/wp-json\/wp\/v2\/product\/46876","targetHints":{"allow":["GET"]}}],"collection":[{"href":"https:\/\/senabel.com\/sv\/wp-json\/wp\/v2\/product"}],"about":[{"href":"https:\/\/senabel.com\/sv\/wp-json\/wp\/v2\/types\/product"}],"version-history":[{"count":2,"href":"https:\/\/senabel.com\/sv\/wp-json\/wp\/v2\/product\/46876\/revisions"}],"predecessor-version":[{"id":54154,"href":"https:\/\/senabel.com\/sv\/wp-json\/wp\/v2\/product\/46876\/revisions\/54154"}],"wp:featuredmedia":[{"embeddable":true,"href":"https:\/\/senabel.com\/sv\/wp-json\/wp\/v2\/media\/46877"}],"wp:attachment":[{"href":"https:\/\/senabel.com\/sv\/wp-json\/wp\/v2\/media?parent=46876"}],"wp:term":[{"taxonomy":"product_brand","embeddable":true,"href":"https:\/\/senabel.com\/sv\/wp-json\/wp\/v2\/product_brand?post=46876"},{"taxonomy":"product_cat","embeddable":true,"href":"https:\/\/senabel.com\/sv\/wp-json\/wp\/v2\/product_cat?post=46876"},{"taxonomy":"product_tag","embeddable":true,"href":"https:\/\/senabel.com\/sv\/wp-json\/wp\/v2\/product_tag?post=46876"}],"curies":[{"name":"wp","href":"https:\/\/api.w.org\/{rel}","templated":true}]}}