{"id":46866,"date":"2025-02-04T16:16:35","date_gmt":"2025-02-04T16:16:35","guid":{"rendered":"https:\/\/senabel.com\/?post_type=product&#038;p=46866"},"modified":"2025-02-26T22:00:36","modified_gmt":"2025-02-26T22:00:36","slug":"khanizi-dadlar-fran-taj-dadlar-1kg","status":"publish","type":"product","link":"https:\/\/senabel.com\/sv\/product\/%d8%aa%d9%85%d8%b1-%d8%ae%d9%86%d9%8a%d8%b2%d9%8a-%d9%85%d9%86-%d8%aa%d8%a7%d8%ac-%d8%a7%d9%84%d8%aa%d9%85%d9%88%d8%b1-1%d9%83%d8%ba\/","title":{"rendered":"Khanizi Dadlar fr\u00e5n Taj Dadlar 1kg"},"content":{"rendered":"<p>Njut av den unika smaken av dadlar <strong>Khenizi<\/strong> Fr\u00e5n <strong>Datum f\u00f6r kronan<\/strong>En av de finaste emiratiska dadlarna, som k\u00e4nnetecknas av sin naturliga s\u00f6tma och mjuka konsistens. Dess rika m\u00f6rka f\u00e4rg och mjuka konsistens g\u00f6r den till ett perfekt val f\u00f6r dem som \u00e4lskar dadlar med en stark och n\u00e4ringsrik smak.<\/p>\n<p><strong>Varf\u00f6r v\u00e4lja Khanizi Dates fr\u00e5n Taj Dates?<\/strong><\/p>\n<ul>\n<li>100% naturliga datum, fria fr\u00e5n alla tillsatser eller konserveringsmedel.<\/li>\n<li>En naturlig k\u00e4lla till energi och viktiga n\u00e4rings\u00e4mnen.<\/li>\n<li>Len konsistens och uts\u00f6kt smak som passar alla smaker.<\/li>\n<li>Passar som mellanm\u00e5l eller som en viktig ingrediens i desserter och bakverk.<\/li>\n<li>En \u00e4kta emiratisk produkt med internationella kvalitetsstandarder.<\/li>\n<\/ul>\n<p><strong>Njut av kvaliteten p\u00e5 Taj Dates premium Khanizi dadlar och ge din dag en oemotst\u00e5ndlig naturlig s\u00f6tma och energi<\/strong><\/p>","protected":false},"excerpt":{"rendered":"<p>Njut av den unika smaken av dadlar <strong>Khenizi<\/strong> Fr\u00e5n <strong>Datum f\u00f6r kronan<\/strong>En av de finaste emiratiska dadlarna, som k\u00e4nnetecknas av sin naturliga s\u00f6tma och mjuka konsistens. Dess rika m\u00f6rka f\u00e4rg och mjuka konsistens g\u00f6r den till ett perfekt val f\u00f6r dem som \u00e4lskar dadlar med en stark och n\u00e4ringsrik smak.<\/p>","protected":false},"featured_media":46867,"template":"","meta":[],"product_brand":[],"product_cat":[347,309],"product_tag":[],"class_list":{"0":"post-46866","1":"product","2":"type-product","3":"status-publish","4":"has-post-thumbnail","6":"product_cat-347","7":"product_cat-309","9":"first","10":"outofstock","11":"taxable","12":"shipping-taxable","13":"purchasable","14":"product-type-simple"},"_links":{"self":[{"href":"https:\/\/senabel.com\/sv\/wp-json\/wp\/v2\/product\/46866","targetHints":{"allow":["GET"]}}],"collection":[{"href":"https:\/\/senabel.com\/sv\/wp-json\/wp\/v2\/product"}],"about":[{"href":"https:\/\/senabel.com\/sv\/wp-json\/wp\/v2\/types\/product"}],"version-history":[{"count":2,"href":"https:\/\/senabel.com\/sv\/wp-json\/wp\/v2\/product\/46866\/revisions"}],"predecessor-version":[{"id":47130,"href":"https:\/\/senabel.com\/sv\/wp-json\/wp\/v2\/product\/46866\/revisions\/47130"}],"wp:featuredmedia":[{"embeddable":true,"href":"https:\/\/senabel.com\/sv\/wp-json\/wp\/v2\/media\/46867"}],"wp:attachment":[{"href":"https:\/\/senabel.com\/sv\/wp-json\/wp\/v2\/media?parent=46866"}],"wp:term":[{"taxonomy":"product_brand","embeddable":true,"href":"https:\/\/senabel.com\/sv\/wp-json\/wp\/v2\/product_brand?post=46866"},{"taxonomy":"product_cat","embeddable":true,"href":"https:\/\/senabel.com\/sv\/wp-json\/wp\/v2\/product_cat?post=46866"},{"taxonomy":"product_tag","embeddable":true,"href":"https:\/\/senabel.com\/sv\/wp-json\/wp\/v2\/product_tag?post=46866"}],"curies":[{"name":"wp","href":"https:\/\/api.w.org\/{rel}","templated":true}]}}