{"id":46863,"date":"2025-02-04T16:16:53","date_gmt":"2025-02-04T16:16:53","guid":{"rendered":"https:\/\/senabel.com\/?post_type=product&#038;p=46863"},"modified":"2025-08-24T14:31:21","modified_gmt":"2025-08-24T14:31:21","slug":"dadelkarnor-fran-dadelkronor-1-kg-2","status":"publish","type":"product","link":"https:\/\/senabel.com\/sv\/product\/%d8%aa%d9%85%d8%b1-%d8%ae%d9%84%d8%a7%d8%b5-%d9%85%d9%86-%d8%aa%d8%a7%d8%ac-%d8%a7%d9%84%d8%aa%d9%85%d9%88%d8%b1-1%d9%83%d8%ba-2\/","title":{"rendered":"Dadlar fr\u00e5n Crown Dadlar 1kg"},"content":{"rendered":"<p>Njut av en unik upplevelse av s\u00f6t och naturlig smak med <strong>Khalsa datum fr\u00e5n Crown datum<\/strong>En av de mest lyxiga emiratiska dadlarna, k\u00e4nd f\u00f6r sin h\u00f6ga kvalitet och goda smak. Med sin mjuka konsistens och v\u00e4lbalanserade smak som kombinerar s\u00f6tma och mjukhet \u00e4r Khalas Dadlar ett perfekt val f\u00f6r dadel\u00e4lskare.<\/p>\n<p><strong>Varf\u00f6r v\u00e4lja Khalas Dates fr\u00e5n Crown of Dates?<\/strong><\/p>\n<ul>\n<li>100% naturliga datum, fria fr\u00e5n alla konserveringsmedel eller tillsatser.<\/li>\n<li>Rik p\u00e5 fibrer och mineraler som \u00e4r viktiga f\u00f6r en sund kropp.<\/li>\n<li>Mjuk konsistens och v\u00e4lbalanserad smak som passar alla smaker.<\/li>\n<li>En naturlig energik\u00e4lla, perfekt f\u00f6r ett n\u00e4ringsrikt mellanm\u00e5l.<\/li>\n<li>En \u00e4kta emiratisk produkt med h\u00f6g kvalitet och internationella standarder.<\/li>\n<\/ul>\n<p><strong>L\u00e4gg till en touch av \u00e4kthet i din dag med Khalas Dadlar fr\u00e5n Taj Dadlar, och njut av en lyxig smak och o\u00f6vertr\u00e4ffad kvalitet<\/strong><\/p>","protected":false},"excerpt":{"rendered":"<p>Njut av en unik upplevelse av s\u00f6t och naturlig smak med <strong>Khalsa datum fr\u00e5n Crown datum<\/strong>En av de mest lyxiga emiratiska dadlarna, k\u00e4nd f\u00f6r sin h\u00f6ga kvalitet och goda smak. Med sin mjuka konsistens och v\u00e4lbalanserade smak som kombinerar s\u00f6tma och mjukhet \u00e4r Khalas Dadlar ett perfekt val f\u00f6r dadel\u00e4lskare.<\/p>","protected":false},"featured_media":46864,"template":"","meta":[],"product_brand":[],"product_cat":[347,309],"product_tag":[],"class_list":{"0":"post-46863","1":"product","2":"type-product","3":"status-publish","4":"has-post-thumbnail","6":"product_cat-347","7":"product_cat-309","9":"first","10":"outofstock","11":"taxable","12":"shipping-taxable","13":"purchasable","14":"product-type-simple"},"_links":{"self":[{"href":"https:\/\/senabel.com\/sv\/wp-json\/wp\/v2\/product\/46863","targetHints":{"allow":["GET"]}}],"collection":[{"href":"https:\/\/senabel.com\/sv\/wp-json\/wp\/v2\/product"}],"about":[{"href":"https:\/\/senabel.com\/sv\/wp-json\/wp\/v2\/types\/product"}],"version-history":[{"count":1,"href":"https:\/\/senabel.com\/sv\/wp-json\/wp\/v2\/product\/46863\/revisions"}],"predecessor-version":[{"id":46865,"href":"https:\/\/senabel.com\/sv\/wp-json\/wp\/v2\/product\/46863\/revisions\/46865"}],"wp:featuredmedia":[{"embeddable":true,"href":"https:\/\/senabel.com\/sv\/wp-json\/wp\/v2\/media\/46864"}],"wp:attachment":[{"href":"https:\/\/senabel.com\/sv\/wp-json\/wp\/v2\/media?parent=46863"}],"wp:term":[{"taxonomy":"product_brand","embeddable":true,"href":"https:\/\/senabel.com\/sv\/wp-json\/wp\/v2\/product_brand?post=46863"},{"taxonomy":"product_cat","embeddable":true,"href":"https:\/\/senabel.com\/sv\/wp-json\/wp\/v2\/product_cat?post=46863"},{"taxonomy":"product_tag","embeddable":true,"href":"https:\/\/senabel.com\/sv\/wp-json\/wp\/v2\/product_tag?post=46863"}],"curies":[{"name":"wp","href":"https:\/\/api.w.org\/{rel}","templated":true}]}}