{"id":46827,"date":"2025-02-05T13:03:00","date_gmt":"2025-02-05T13:03:00","guid":{"rendered":"https:\/\/senabel.com\/?post_type=product&#038;p=46827"},"modified":"2025-03-14T14:29:27","modified_gmt":"2025-03-14T14:29:27","slug":"ramadan-lykta-i-tra-i-lyxig-guldfarg","status":"publish","type":"product","link":"https:\/\/senabel.com\/sv\/product\/%d9%81%d8%a7%d9%86%d9%88%d8%b3-%d8%b1%d9%85%d8%b6%d8%a7%d9%86-%d8%ae%d8%b4%d8%a8%d9%8a-%d8%a8%d8%a7%d9%84%d9%84%d9%88%d9%86-%d8%a7%d9%84%d8%b0%d9%87%d8%a8%d9%8a-%d8%a7%d9%84%d9%81%d8%a7%d8%ae%d8%b1\/","title":{"rendered":"Ramadan-lykta i tr\u00e4 i lyxig guldf\u00e4rg"},"content":{"rendered":"<p>Ge dina Ramadan-dekorationer en touch av lyx och originalitet med denna fantastiska tr\u00e4lykta med en elegant hexagonal design och glittrande gulddetaljer. Denna lykta f\u00e5ngar atmosf\u00e4ren i den heliga m\u00e5naden Ramadan med stil med sina distinkta orientaliska motiv, inklusive halvm\u00e5nen, stj\u00e4rnor och orden \"Ramadan \u00e4r Koranens m\u00e5nad\", vilket g\u00f6r den till den perfekta dekorativa pj\u00e4sen f\u00f6r att skapa en varm och f\u00f6rtrollande atmosf\u00e4r.<\/p>\n<p>Lyktan har dekorativa f\u00f6nster som sl\u00e4pper igenom ljus och kastar vackra skuggor n\u00e4r ljuset eller lampan t\u00e4nds, vilket skapar en unik andlig scen. Tillverkad av h\u00f6gkvalitativt massivt tr\u00e4 och m\u00e5lad i guldf\u00e4rg f\u00f6r att framh\u00e4va dess eleganta detaljer.<\/p>\n<h4><strong>Produktinformation:<\/strong><\/h4>\n<ul>\n<li><strong>Material:<\/strong> H\u00f6gkvalitativt tr\u00e4 med guldf\u00e4rgad finish<\/li>\n<li><strong>Design:<\/strong> Hexagonal form med orientaliska m\u00f6nster och geometriska motiv<\/li>\n<li><strong>F\u00e4rgen:<\/strong> Lyxigt guld med graverade detaljer<\/li>\n<li><strong>Anv\u00e4nds:<\/strong> Perfekt f\u00f6r att dekorera majlis, bord och h\u00f6rn under ramadan<\/li>\n<li><strong>M\u00e5tt:<\/strong> (35*30)<\/li>\n<\/ul>\n<p>G\u00f6r \u00e5rets Ramadan ljusare och mer elegant med denna utm\u00e4rkande gyllene lykta, som \u00e5terspeglar den heliga m\u00e5nadens sk\u00f6nhet och anda i en elegant och distinkt stil<\/p>","protected":false},"excerpt":{"rendered":"<p>Ge dina Ramadan-dekorationer en touch av lyx och originalitet med denna fantastiska tr\u00e4lykta med en elegant hexagonal design och glittrande gulddetaljer. Denna lykta f\u00e5ngar atmosf\u00e4ren i den heliga m\u00e5naden Ramadan med stil med sina distinkta orientaliska motiv, inklusive halvm\u00e5nen, stj\u00e4rnor och orden \"Ramadan \u00e4r Koranens m\u00e5nad\", vilket g\u00f6r den till den perfekta dekorativa pj\u00e4sen f\u00f6r att skapa en varm och f\u00f6rtrollande atmosf\u00e4r.<\/p>","protected":false},"featured_media":46828,"template":"","meta":[],"product_brand":[],"product_cat":[348,227,347],"product_tag":[],"class_list":{"0":"post-46827","1":"product","2":"type-product","3":"status-publish","4":"has-post-thumbnail","6":"product_cat-348","7":"product_cat-227","8":"product_cat-347","10":"first","11":"outofstock","12":"sale","13":"taxable","14":"shipping-taxable","15":"purchasable","16":"product-type-simple"},"_links":{"self":[{"href":"https:\/\/senabel.com\/sv\/wp-json\/wp\/v2\/product\/46827","targetHints":{"allow":["GET"]}}],"collection":[{"href":"https:\/\/senabel.com\/sv\/wp-json\/wp\/v2\/product"}],"about":[{"href":"https:\/\/senabel.com\/sv\/wp-json\/wp\/v2\/types\/product"}],"version-history":[{"count":5,"href":"https:\/\/senabel.com\/sv\/wp-json\/wp\/v2\/product\/46827\/revisions"}],"predecessor-version":[{"id":46959,"href":"https:\/\/senabel.com\/sv\/wp-json\/wp\/v2\/product\/46827\/revisions\/46959"}],"wp:featuredmedia":[{"embeddable":true,"href":"https:\/\/senabel.com\/sv\/wp-json\/wp\/v2\/media\/46828"}],"wp:attachment":[{"href":"https:\/\/senabel.com\/sv\/wp-json\/wp\/v2\/media?parent=46827"}],"wp:term":[{"taxonomy":"product_brand","embeddable":true,"href":"https:\/\/senabel.com\/sv\/wp-json\/wp\/v2\/product_brand?post=46827"},{"taxonomy":"product_cat","embeddable":true,"href":"https:\/\/senabel.com\/sv\/wp-json\/wp\/v2\/product_cat?post=46827"},{"taxonomy":"product_tag","embeddable":true,"href":"https:\/\/senabel.com\/sv\/wp-json\/wp\/v2\/product_tag?post=46827"}],"curies":[{"name":"wp","href":"https:\/\/api.w.org\/{rel}","templated":true}]}}