{"id":46822,"date":"2025-02-05T13:02:43","date_gmt":"2025-02-05T13:02:43","guid":{"rendered":"https:\/\/senabel.com\/?post_type=product&#038;p=46822"},"modified":"2025-03-14T14:29:28","modified_gmt":"2025-03-14T14:29:28","slug":"klassisk-ramadan-lykta-i-tra-med-hexagonal-design","status":"publish","type":"product","link":"https:\/\/senabel.com\/sv\/product\/%d9%81%d8%a7%d9%86%d9%88%d8%b3-%d8%b1%d9%85%d8%b6%d8%a7%d9%86-%d8%ae%d8%b4%d8%a8%d9%8a-%d9%83%d9%84%d8%a7%d8%b3%d9%8a%d9%83%d9%8a-%d8%a8%d8%aa%d8%b5%d9%85%d9%8a%d9%85-%d8%b3%d8%af%d8%a7%d8%b3%d9%8a\/","title":{"rendered":"En klassisk Ramadan-lykta i tr\u00e4 med en distinkt sexkantig design"},"content":{"rendered":"<p>Ge dina Ramadan-dekorationer en varm och charmig touch med den h\u00e4r klassiska tr\u00e4lyktan som kombinerar enkelhet och kulturarvsinspirerad elegans. Lyktan har en elegant hexagonal design med intrikat snidade geometriska motiv och f\u00e5ngar andan i den heliga m\u00e5naden med stil.<\/p>\n<p>Lyktans sidor \u00e4r dekorerade med uts\u00f6kta orientaliska sniderier som halvm\u00e5nar och stj\u00e4rnor, med intrikata geometriska \u00f6ppningar som g\u00f6r att ljuset skiner igenom vackert och skapar en speciell andlig atmosf\u00e4r. Denna lykta \u00e4r tillverkad av h\u00f6gkvalitativt massivt tr\u00e4 i en varm naturf\u00e4rg och \u00e4r den perfekta dekorativa pj\u00e4sen f\u00f6r alla h\u00f6rn av hemmet.<\/p>\n<h4><strong>Produktinformation:<\/strong><\/h4>\n<ul>\n<li><strong>Material:<\/strong> H\u00e5llbart tr\u00e4 av h\u00f6g kvalitet<\/li>\n<li><strong>Design:<\/strong> Hexagonal form med orientaliska m\u00f6nster och geometriska motiv<\/li>\n<li><strong>F\u00e4rgen:<\/strong> Naturbrun med graverade detaljer<\/li>\n<li><strong>Anv\u00e4nds:<\/strong> Perfekt f\u00f6r att dekorera majlis, bord och h\u00f6rn inf\u00f6r Ramadan<\/li>\n<li><strong>M\u00e5tt:<\/strong> (35*30)<\/li>\n<\/ul>\n<p>G\u00f6r Ramadan varmare och mer speciell med denna klassiska lykta, som f\u00e5ngar andan i den heliga m\u00e5naden med elegans och sk\u00f6nhet<\/p>","protected":false},"excerpt":{"rendered":"<p>Ge dina Ramadan-dekorationer en varm och charmig touch med den h\u00e4r klassiska tr\u00e4lyktan som kombinerar enkelhet och kulturarvsinspirerad elegans. Lyktan har en elegant hexagonal design med intrikat snidade geometriska motiv och f\u00e5ngar andan i den heliga m\u00e5naden med stil.<\/p>","protected":false},"featured_media":46823,"template":"","meta":[],"product_brand":[],"product_cat":[348,227,347],"product_tag":[],"class_list":{"0":"post-46822","1":"product","2":"type-product","3":"status-publish","4":"has-post-thumbnail","6":"product_cat-348","7":"product_cat-227","8":"product_cat-347","10":"first","11":"outofstock","12":"taxable","13":"shipping-taxable","14":"purchasable","15":"product-type-simple"},"_links":{"self":[{"href":"https:\/\/senabel.com\/sv\/wp-json\/wp\/v2\/product\/46822","targetHints":{"allow":["GET"]}}],"collection":[{"href":"https:\/\/senabel.com\/sv\/wp-json\/wp\/v2\/product"}],"about":[{"href":"https:\/\/senabel.com\/sv\/wp-json\/wp\/v2\/types\/product"}],"version-history":[{"count":3,"href":"https:\/\/senabel.com\/sv\/wp-json\/wp\/v2\/product\/46822\/revisions"}],"predecessor-version":[{"id":46963,"href":"https:\/\/senabel.com\/sv\/wp-json\/wp\/v2\/product\/46822\/revisions\/46963"}],"wp:featuredmedia":[{"embeddable":true,"href":"https:\/\/senabel.com\/sv\/wp-json\/wp\/v2\/media\/46823"}],"wp:attachment":[{"href":"https:\/\/senabel.com\/sv\/wp-json\/wp\/v2\/media?parent=46822"}],"wp:term":[{"taxonomy":"product_brand","embeddable":true,"href":"https:\/\/senabel.com\/sv\/wp-json\/wp\/v2\/product_brand?post=46822"},{"taxonomy":"product_cat","embeddable":true,"href":"https:\/\/senabel.com\/sv\/wp-json\/wp\/v2\/product_cat?post=46822"},{"taxonomy":"product_tag","embeddable":true,"href":"https:\/\/senabel.com\/sv\/wp-json\/wp\/v2\/product_tag?post=46822"}],"curies":[{"name":"wp","href":"https:\/\/api.w.org\/{rel}","templated":true}]}}