{"id":46674,"date":"2025-02-03T14:28:50","date_gmt":"2025-02-03T14:28:50","guid":{"rendered":"https:\/\/senabel.com\/?post_type=product&#038;p=46674"},"modified":"2025-03-14T14:29:54","modified_gmt":"2025-03-14T14:29:54","slug":"ramadan-lykta-i-tra-med-hala-design","status":"publish","type":"product","link":"https:\/\/senabel.com\/sv\/product\/%d9%81%d8%a7%d9%86%d9%88%d8%b3-%d8%b1%d9%85%d8%b6%d8%a7%d9%86-%d8%a7%d9%84%d8%ae%d8%b4%d8%a8%d9%8a-%d8%a7%d9%84%d9%85%d8%b6%d8%a6-%d8%a8%d8%aa%d8%b5%d9%85%d9%8a%d9%85-%d8%a7%d9%84%d9%87%d9%84%d8%a7\/","title":{"rendered":"Ramadan-lykta med halvm\u00e5ne- och stj\u00e4rndesign"},"content":{"rendered":"<p>S\u00e4tt en speciell pr\u00e4gel p\u00e5 din Ramadan-st\u00e4mning med denna unika tr\u00e4lykta, designad i form av en halvm\u00e5ne och stj\u00e4rna dekorerad med uts\u00f6kta geometriska detaljer. Lyktan har en f\u00e4rgglad innerbelysning som ger v\u00e4rme och sk\u00f6nhet n\u00e4r den \u00e4r t\u00e4nd och \u00e4r perfekt f\u00f6r att dekorera Ramadan majlis och skapa en magisk atmosf\u00e4r.<\/p>\n<p>Lyktan har en elegant guldf\u00e4rg som f\u00f6rst\u00e4rker dess storslagenhet, med en intrikat graverad stj\u00e4rna med orden \"Ramadan Kareem\" i en intrikat snidad design. Tillverkad av h\u00f6gkvalitativt tr\u00e4 f\u00f6r h\u00e5llbarhet och naturlig sk\u00f6nhet, och de \u00f6ppna motiven g\u00f6r att ljuset kan spridas f\u00f6r att \u00e5terspegla atmosf\u00e4ren i den heliga m\u00e5naden Ramadan.<\/p>\n<p>Den kan placeras i vilket h\u00f6rn som helst i hemmet, p\u00e5 bord eller till och med anv\u00e4ndas som mittpunkt i en speciell Ramadan-h\u00f6rna. Den lysande designen g\u00f6r den l\u00e4mplig att anv\u00e4nda p\u00e5 kv\u00e4llen f\u00f6r att skapa en mysig och varm atmosf\u00e4r som \u00e5terspeglar Ramadans anda.<\/p>\n<h4><strong>Produktinformation:<\/strong><\/h4>\n<ul>\n<li><strong>Material:<\/strong> Tr\u00e4 av h\u00f6g kvalitet.<\/li>\n<li><strong>Design:<\/strong> Dekorativ halvm\u00e5ne och stj\u00e4rna med inv\u00e4ndig belysning.<\/li>\n<li><strong>F\u00e4rgen:<\/strong> Lyxigt guld.<\/li>\n<li><strong>Anv\u00e4nds:<\/strong> Perfekt f\u00f6r att dekorera majlis och bord och ge en touch av Ramadan-elegans.<\/li>\n<li><strong>Belysning:<\/strong> Kombineras med varma f\u00e4rger f\u00f6r en distinkt effekt.<\/li>\n<li><strong>M\u00e5tt:<\/strong> (35*30).<\/li>\n<\/ul>\n<p>G\u00f6r Ramadan-stunderna \u00e4nnu mer speciella med denna eleganta lykta, och l\u00e4gg till en touch av lyx och v\u00e4rme i din heminredning<\/p>","protected":false},"excerpt":{"rendered":"<p>S\u00e4tt en speciell pr\u00e4gel p\u00e5 din Ramadan-st\u00e4mning med denna unika tr\u00e4lykta, designad i form av en halvm\u00e5ne och stj\u00e4rna dekorerad med uts\u00f6kta geometriska detaljer. Lyktan har en f\u00e4rgglad innerbelysning som ger v\u00e4rme och sk\u00f6nhet n\u00e4r den \u00e4r t\u00e4nd och \u00e4r perfekt f\u00f6r att dekorera Ramadan majlis och skapa en magisk atmosf\u00e4r.<\/p>","protected":false},"featured_media":46675,"template":"","meta":[],"product_brand":[],"product_cat":[348,227,347],"product_tag":[],"class_list":{"0":"post-46674","1":"product","2":"type-product","3":"status-publish","4":"has-post-thumbnail","6":"product_cat-348","7":"product_cat-227","8":"product_cat-347","10":"first","11":"outofstock","12":"sale","13":"taxable","14":"shipping-taxable","15":"purchasable","16":"product-type-simple"},"_links":{"self":[{"href":"https:\/\/senabel.com\/sv\/wp-json\/wp\/v2\/product\/46674","targetHints":{"allow":["GET"]}}],"collection":[{"href":"https:\/\/senabel.com\/sv\/wp-json\/wp\/v2\/product"}],"about":[{"href":"https:\/\/senabel.com\/sv\/wp-json\/wp\/v2\/types\/product"}],"version-history":[{"count":5,"href":"https:\/\/senabel.com\/sv\/wp-json\/wp\/v2\/product\/46674\/revisions"}],"predecessor-version":[{"id":47555,"href":"https:\/\/senabel.com\/sv\/wp-json\/wp\/v2\/product\/46674\/revisions\/47555"}],"wp:featuredmedia":[{"embeddable":true,"href":"https:\/\/senabel.com\/sv\/wp-json\/wp\/v2\/media\/46675"}],"wp:attachment":[{"href":"https:\/\/senabel.com\/sv\/wp-json\/wp\/v2\/media?parent=46674"}],"wp:term":[{"taxonomy":"product_brand","embeddable":true,"href":"https:\/\/senabel.com\/sv\/wp-json\/wp\/v2\/product_brand?post=46674"},{"taxonomy":"product_cat","embeddable":true,"href":"https:\/\/senabel.com\/sv\/wp-json\/wp\/v2\/product_cat?post=46674"},{"taxonomy":"product_tag","embeddable":true,"href":"https:\/\/senabel.com\/sv\/wp-json\/wp\/v2\/product_tag?post=46674"}],"curies":[{"name":"wp","href":"https:\/\/api.w.org\/{rel}","templated":true}]}}