{"id":46652,"date":"2025-02-03T14:39:14","date_gmt":"2025-02-03T14:39:14","guid":{"rendered":"https:\/\/senabel.com\/?post_type=product&#038;p=46652"},"modified":"2025-03-14T14:29:48","modified_gmt":"2025-03-14T14:29:48","slug":"ramadan-dekorationer-i-tra-med-halvmane-och-masj-design","status":"publish","type":"product","link":"https:\/\/senabel.com\/sv\/product\/%d8%b2%d9%8a%d9%86%d8%a9-%d8%b1%d9%85%d8%b6%d8%a7%d9%86-%d8%ae%d8%b4%d8%a8%d9%8a%d8%a9-%d8%a8%d8%aa%d8%b5%d9%85%d9%8a%d9%85-%d8%a7%d9%84%d9%87%d9%84%d8%a7%d9%84-%d9%88%d8%a7%d9%84%d9%85%d8%b3%d8%ac\/","title":{"rendered":"Ramadan-dekorationer i tr\u00e4 med halvm\u00e5ne och mosk\u00e9design"},"content":{"rendered":"<p>F\u00f6r in Ramadans magi i ditt hem med denna tr\u00e4prydnad som kombinerar en elegant design med islamiska inslag. Prydnaden har en gyllene halvm\u00e5ne dekorerad med vackra orientaliska motiv och har en elegant bas som ger den den perfekta stabiliteten.<\/p>\n<p>Designen har en framtr\u00e4dande mosk\u00e9 i en av formerna, medan den andra har en h\u00e4ngande tr\u00e4platta med orden \"Ramadan f\u00f6r oss samman\", vilket f\u00f6rst\u00e4rker den spirituella atmosf\u00e4ren och ger utrymmet en varm, Ramadan-inspirerad k\u00e4nsla.<\/p>\n<p>Tillverkad av h\u00f6gkvalitativt tr\u00e4 med fina ytbehandlingar som ger den ett sofistikerat utseende, vilket g\u00f6r den till ett utm\u00e4rkt val f\u00f6r att dekorera Ramadan majlis eller g\u00e4stfrihetsbord, och kan ocks\u00e5 anv\u00e4ndas som eleganta g\u00e5vor till n\u00e4ra och k\u00e4ra i samband med den heliga m\u00e5naden Ramadan.<\/p>\n<h4><strong>Produktinformation:<\/strong><\/h4>\n<ul>\n<li><strong>Material:<\/strong> Slitstarkt tr\u00e4 med en lyxig guldfinish.<\/li>\n<li><strong>Design:<\/strong> En halvm\u00e5ne med islamiska inskriptioner, en framtr\u00e4dande mosk\u00e9 och en h\u00e4ngande plakett med en ramadanfras.<\/li>\n<li><strong>F\u00e4rgen:<\/strong> Guld och svart f\u00f6r en snygg och stilren look.<\/li>\n<li><strong>Anv\u00e4nds:<\/strong> Perfekt f\u00f6r bord, hyllor och Ramadan-h\u00f6rn.<\/li>\n<li><strong>M\u00e5tt:<\/strong> (30*20).<\/li>\n<\/ul>\n<p>V\u00e4lkomna den heliga m\u00e5naden med dekorationer som \u00e5terspeglar Ramadans anda och ger en varm touch till ditt hem.<\/p>","protected":false},"excerpt":{"rendered":"<p>F\u00f6r in Ramadans magi i ditt hem med denna tr\u00e4prydnad som kombinerar en elegant design med islamiska inslag. Prydnaden har en gyllene halvm\u00e5ne dekorerad med vackra orientaliska motiv och har en elegant bas som ger den den perfekta stabiliteten.<\/p>","protected":false},"featured_media":46653,"template":"","meta":[],"product_brand":[],"product_cat":[348,347],"product_tag":[],"class_list":{"0":"post-46652","1":"product","2":"type-product","3":"status-publish","4":"has-post-thumbnail","6":"product_cat-348","7":"product_cat-347","9":"first","10":"outofstock","11":"taxable","12":"shipping-taxable","13":"purchasable","14":"product-type-simple"},"_links":{"self":[{"href":"https:\/\/senabel.com\/sv\/wp-json\/wp\/v2\/product\/46652","targetHints":{"allow":["GET"]}}],"collection":[{"href":"https:\/\/senabel.com\/sv\/wp-json\/wp\/v2\/product"}],"about":[{"href":"https:\/\/senabel.com\/sv\/wp-json\/wp\/v2\/types\/product"}],"version-history":[{"count":3,"href":"https:\/\/senabel.com\/sv\/wp-json\/wp\/v2\/product\/46652\/revisions"}],"predecessor-version":[{"id":47384,"href":"https:\/\/senabel.com\/sv\/wp-json\/wp\/v2\/product\/46652\/revisions\/47384"}],"wp:featuredmedia":[{"embeddable":true,"href":"https:\/\/senabel.com\/sv\/wp-json\/wp\/v2\/media\/46653"}],"wp:attachment":[{"href":"https:\/\/senabel.com\/sv\/wp-json\/wp\/v2\/media?parent=46652"}],"wp:term":[{"taxonomy":"product_brand","embeddable":true,"href":"https:\/\/senabel.com\/sv\/wp-json\/wp\/v2\/product_brand?post=46652"},{"taxonomy":"product_cat","embeddable":true,"href":"https:\/\/senabel.com\/sv\/wp-json\/wp\/v2\/product_cat?post=46652"},{"taxonomy":"product_tag","embeddable":true,"href":"https:\/\/senabel.com\/sv\/wp-json\/wp\/v2\/product_tag?post=46652"}],"curies":[{"name":"wp","href":"https:\/\/api.w.org\/{rel}","templated":true}]}}