{"id":46642,"date":"2025-02-03T14:41:21","date_gmt":"2025-02-03T14:41:21","guid":{"rendered":"https:\/\/senabel.com\/?post_type=product&#038;p=46642"},"modified":"2025-05-11T11:27:43","modified_gmt":"2025-05-11T11:27:43","slug":"sexkantig-tralada-med-lyxiga-orientaliska-sniderier","status":"publish","type":"product","link":"https:\/\/senabel.com\/sv\/product\/%d8%b5%d9%86%d8%af%d9%88%d9%82-%d8%ae%d8%b4%d8%a8%d9%8a-%d8%b3%d8%af%d8%a7%d8%b3%d9%8a-%d8%a8%d9%86%d9%82%d9%88%d8%b4-%d8%b4%d8%b1%d9%82%d9%8a%d8%a9-%d9%81%d8%a7%d8%ae%d8%b1%d8%a9\/","title":{"rendered":"Sexkantig tr\u00e4l\u00e5da med lyxiga orientaliska sniderier"},"content":{"rendered":"<p>Ge ditt hem en touch av elegans och orientalisk tradition med denna genomt\u00e4nkt designade tr\u00e4kista. Med en unik hexagonal design och ett lock pr\u00e4glat med geometriska detaljer och orientaliska motiv \u00e4r skrinet ett unikt konstverk.<\/p>\n<p>Den \u00e4r tillverkad av h\u00f6gkvalitativt tr\u00e4 och de m\u00f6rkbruna och gyllene f\u00e4rgerna skapar tillsammans en klassisk och elegant look som passar f\u00f6r m\u00e5nga olika anv\u00e4ndningsomr\u00e5den. Anv\u00e4nd den f\u00f6r att f\u00f6rvara smycken, dadlar, n\u00f6tter eller till och med som en speciell g\u00e5va vid speciella tillf\u00e4llen, s\u00e4rskilt under Ramadan och Eid.<\/p>\n<h4><strong>Produktinformation:<\/strong><\/h4>\n<ul>\n<li><strong>Material:<\/strong> H\u00e5llbart tr\u00e4 av h\u00f6g kvalitet med fint utskurna sniderier.<\/li>\n<li><strong>Design:<\/strong> Sexkantig form med utsmyckat lock med unika geometriska detaljer.<\/li>\n<li><strong>F\u00e4rgen:<\/strong> M\u00f6rkbrun med gulddetaljer f\u00f6r en lyxig och elegant look.<\/li>\n<li><strong>Anv\u00e4nds:<\/strong> Perfekt som present, smycke, dejt eller som en vacker inredningsdetalj.<\/li>\n<li><strong>M\u00e5tt:<\/strong> (25*25*10).<\/li>\n<\/ul>\n<p>G\u00f6r dina evenemang \u00e4nnu mer speciella med denna eleganta tr\u00e4l\u00e5da som \u00e5terspeglar autentisk orientalisk konst med en modern twist.<\/p>","protected":false},"excerpt":{"rendered":"<p>Ge ditt hem en touch av elegans och orientalisk tradition med denna genomt\u00e4nkt designade tr\u00e4kista. Med en unik hexagonal design och ett lock pr\u00e4glat med geometriska detaljer och orientaliska motiv \u00e4r skrinet ett unikt konstverk.<\/p>","protected":false},"featured_media":46643,"template":"","meta":[],"product_brand":[],"product_cat":[303],"product_tag":[],"class_list":{"0":"post-46642","1":"product","2":"type-product","3":"status-publish","4":"has-post-thumbnail","6":"product_cat-303","8":"first","9":"outofstock","10":"taxable","11":"shipping-taxable","12":"purchasable","13":"product-type-simple"},"_links":{"self":[{"href":"https:\/\/senabel.com\/sv\/wp-json\/wp\/v2\/product\/46642","targetHints":{"allow":["GET"]}}],"collection":[{"href":"https:\/\/senabel.com\/sv\/wp-json\/wp\/v2\/product"}],"about":[{"href":"https:\/\/senabel.com\/sv\/wp-json\/wp\/v2\/types\/product"}],"version-history":[{"count":2,"href":"https:\/\/senabel.com\/sv\/wp-json\/wp\/v2\/product\/46642\/revisions"}],"predecessor-version":[{"id":46775,"href":"https:\/\/senabel.com\/sv\/wp-json\/wp\/v2\/product\/46642\/revisions\/46775"}],"wp:featuredmedia":[{"embeddable":true,"href":"https:\/\/senabel.com\/sv\/wp-json\/wp\/v2\/media\/46643"}],"wp:attachment":[{"href":"https:\/\/senabel.com\/sv\/wp-json\/wp\/v2\/media?parent=46642"}],"wp:term":[{"taxonomy":"product_brand","embeddable":true,"href":"https:\/\/senabel.com\/sv\/wp-json\/wp\/v2\/product_brand?post=46642"},{"taxonomy":"product_cat","embeddable":true,"href":"https:\/\/senabel.com\/sv\/wp-json\/wp\/v2\/product_cat?post=46642"},{"taxonomy":"product_tag","embeddable":true,"href":"https:\/\/senabel.com\/sv\/wp-json\/wp\/v2\/product_tag?post=46642"}],"curies":[{"name":"wp","href":"https:\/\/api.w.org\/{rel}","templated":true}]}}