{"id":46626,"date":"2025-02-03T14:46:28","date_gmt":"2025-02-03T14:46:28","guid":{"rendered":"https:\/\/senabel.com\/?post_type=product&#038;p=46626"},"modified":"2025-03-14T14:29:43","modified_gmt":"2025-03-14T14:29:43","slug":"ramadan-dekor-med-halvmane-och-moskedesign","status":"publish","type":"product","link":"https:\/\/senabel.com\/sv\/product\/%d8%af%d9%8a%d9%83%d9%88%d8%b1-%d8%b1%d9%85%d8%b6%d8%a7%d9%86%d9%8a-%d8%a8%d8%aa%d8%b5%d9%85%d9%8a%d9%85-%d8%a7%d9%84%d9%87%d9%84%d8%a7%d9%84-%d9%88%d8%a7%d9%84%d9%85%d8%b3%d8%ac%d8%af-%d8%a8%d8%a7\/","title":{"rendered":"Ramadan-dekor med halvm\u00e5ne och mosk\u00e9 i guldf\u00e4rg"},"content":{"rendered":"<p>L\u00e4gg till en unik och elegant touch till dina Ramadan-dekorationer med denna unika tr\u00e4dekoration, designad i form av en sammankopplad halvm\u00e5ne med geometriska motiv inspirerade av islamisk konst, med en elegant mosk\u00e9bild inuti halvm\u00e5nen f\u00f6r att \u00e5terspegla den heliga m\u00e5naden. Den skimrande guldf\u00e4rgen g\u00f6r den till ett blickf\u00e5ng som kommer att ge en touch av glamour till din heminredning.<\/p>\n<p>Tack vare den stabila basen \u00e4r den frist\u00e5ende och perfekt att placera p\u00e5 bord, hyllor eller till och med i h\u00f6rnen av hotellrum f\u00f6r att skapa en varm och mysig Ramadan-st\u00e4mning.<\/p>\n<h4><strong>Produktinformation:<\/strong><\/h4>\n<ul>\n<li><strong>Material:<\/strong> H\u00f6gkvalitativt tr\u00e4 med en lyxig guldfinish.<\/li>\n<li><strong>Design:<\/strong> En halvm\u00e5ne med geometriska motiv och en mosk\u00e9 inuti, med orden \"Ramadan Mubarak\".<\/li>\n<li><strong>Anv\u00e4nds:<\/strong> L\u00e4mplig som dekoration p\u00e5 bord eller hylla i hemmet och p\u00e5 kontoret.<\/li>\n<li><strong>M\u00e5tt:<\/strong> (20*30).<\/li>\n<\/ul>\n<p>G\u00f6r Ramadan-n\u00e4tterna \u00e4nnu ljusare med detta unika dekorativa f\u00f6rem\u00e5l och l\u00e4gg till en vacker orientalisk touch i din heminredning.<\/p>","protected":false},"excerpt":{"rendered":"<p>Ge dina Ramadan-dekorationer en unik och elegant touch med denna unika tr\u00e4dekoration, designad i form av en sammankopplad halvm\u00e5ne med geometriska motiv inspirerade av islamisk konst, och med en elegant mosk\u00e9bild inuti halvm\u00e5nen f\u00f6r att \u00e5terspegla atmosf\u00e4ren i den heliga m\u00e5naden.<\/p>","protected":false},"featured_media":46627,"template":"","meta":[],"product_brand":[],"product_cat":[348,347],"product_tag":[],"class_list":{"0":"post-46626","1":"product","2":"type-product","3":"status-publish","4":"has-post-thumbnail","6":"product_cat-348","7":"product_cat-347","9":"first","10":"outofstock","11":"taxable","12":"shipping-taxable","13":"purchasable","14":"product-type-simple"},"_links":{"self":[{"href":"https:\/\/senabel.com\/sv\/wp-json\/wp\/v2\/product\/46626","targetHints":{"allow":["GET"]}}],"collection":[{"href":"https:\/\/senabel.com\/sv\/wp-json\/wp\/v2\/product"}],"about":[{"href":"https:\/\/senabel.com\/sv\/wp-json\/wp\/v2\/types\/product"}],"version-history":[{"count":3,"href":"https:\/\/senabel.com\/sv\/wp-json\/wp\/v2\/product\/46626\/revisions"}],"predecessor-version":[{"id":46781,"href":"https:\/\/senabel.com\/sv\/wp-json\/wp\/v2\/product\/46626\/revisions\/46781"}],"wp:featuredmedia":[{"embeddable":true,"href":"https:\/\/senabel.com\/sv\/wp-json\/wp\/v2\/media\/46627"}],"wp:attachment":[{"href":"https:\/\/senabel.com\/sv\/wp-json\/wp\/v2\/media?parent=46626"}],"wp:term":[{"taxonomy":"product_brand","embeddable":true,"href":"https:\/\/senabel.com\/sv\/wp-json\/wp\/v2\/product_brand?post=46626"},{"taxonomy":"product_cat","embeddable":true,"href":"https:\/\/senabel.com\/sv\/wp-json\/wp\/v2\/product_cat?post=46626"},{"taxonomy":"product_tag","embeddable":true,"href":"https:\/\/senabel.com\/sv\/wp-json\/wp\/v2\/product_tag?post=46626"}],"curies":[{"name":"wp","href":"https:\/\/api.w.org\/{rel}","templated":true}]}}