{"id":46595,"date":"2025-02-03T14:54:11","date_gmt":"2025-02-03T14:54:11","guid":{"rendered":"https:\/\/senabel.com\/?post_type=product&#038;p=46595"},"modified":"2025-03-14T14:29:39","modified_gmt":"2025-03-14T14:29:39","slug":"ramadan-lykta-i-tra-med-islamiska-motiv-och-design","status":"publish","type":"product","link":"https:\/\/senabel.com\/sv\/product\/%d9%81%d8%a7%d9%86%d9%88%d8%b3-%d8%b1%d9%85%d8%b6%d8%a7%d9%86-%d8%ae%d8%b4%d8%a8%d9%8a-%d8%a8%d9%86%d9%82%d9%88%d8%b4-%d8%a5%d8%b3%d9%84%d8%a7%d9%85%d9%8a%d8%a9-%d9%88%d8%aa%d8%b5%d9%85%d9%8a%d9%85\/","title":{"rendered":"Ramadan-lykta i tr\u00e4 med islamiska motiv och \u00f6ppningsbar design"},"content":{"rendered":"<p>Ge ditt hem en touch av Ramadan med denna eleganta tr\u00e4lykta, som \u00e4r designad f\u00f6r att \u00e5terspegla andan i den heliga m\u00e5naden Ramadan. Lyktan har vackra islamiska motiv, inklusive halvm\u00e5nar och stj\u00e4rnor, med intrikat snidade detaljer som ger den en distinkt traditionell k\u00e4nsla.<\/p>\n<p>Lyktan har en \u00f6ppen design med dekorativa d\u00f6rrar, s\u00e5 att du kan placera ett ljus eller en LED-lampa inuti f\u00f6r att skapa en varm och mysig atmosf\u00e4r p\u00e5 Ramadan-n\u00e4tterna. Lyktan \u00e4r tillverkad av robust tr\u00e4 och har ett elegant utseende som passar perfekt f\u00f6r att dekorera Ramadan majlis, iftar-bord eller till och med d\u00f6rr\u00f6ppningar och balkonger.<\/p>\n<h4><strong>Produktinformation:<\/strong><\/h4>\n<ul>\n<li><strong>Material:<\/strong> Naturligt tr\u00e4 av h\u00f6g kvalitet med graverade sniderier.<\/li>\n<li><strong>Design:<\/strong> \u00d6ppna d\u00f6rrar med ett distinkt dekorativt m\u00f6nster.<\/li>\n<li><strong>Anv\u00e4nds:<\/strong> Perfekt som Ramadan-inredning eller f\u00f6r att lysa upp h\u00f6rnen i ditt hem i Ramadans anda.<\/li>\n<li><strong>M\u00e5tt:<\/strong> (20*12).<\/li>\n<\/ul>\n<p>Njut av den spirituella atmosf\u00e4ren under Ramadan med denna unika tr\u00e4lykta och ge din heminredning en touch av originalitet.<\/p>","protected":false},"excerpt":{"rendered":"<p>Ge ditt hem en touch av Ramadan med denna eleganta tr\u00e4lykta, som \u00e4r designad f\u00f6r att \u00e5terspegla andan i den heliga m\u00e5naden Ramadan. Lyktan har vackra islamiska motiv, inklusive halvm\u00e5nar och stj\u00e4rnor, med intrikat snidade detaljer som ger den en distinkt traditionell k\u00e4nsla.<\/p>","protected":false},"featured_media":46598,"template":"","meta":[],"product_brand":[],"product_cat":[348,347],"product_tag":[],"class_list":{"0":"post-46595","1":"product","2":"type-product","3":"status-publish","4":"has-post-thumbnail","6":"product_cat-348","7":"product_cat-347","9":"first","10":"outofstock","11":"taxable","12":"shipping-taxable","13":"purchasable","14":"product-type-simple"},"_links":{"self":[{"href":"https:\/\/senabel.com\/sv\/wp-json\/wp\/v2\/product\/46595","targetHints":{"allow":["GET"]}}],"collection":[{"href":"https:\/\/senabel.com\/sv\/wp-json\/wp\/v2\/product"}],"about":[{"href":"https:\/\/senabel.com\/sv\/wp-json\/wp\/v2\/types\/product"}],"version-history":[{"count":4,"href":"https:\/\/senabel.com\/sv\/wp-json\/wp\/v2\/product\/46595\/revisions"}],"predecessor-version":[{"id":46790,"href":"https:\/\/senabel.com\/sv\/wp-json\/wp\/v2\/product\/46595\/revisions\/46790"}],"wp:featuredmedia":[{"embeddable":true,"href":"https:\/\/senabel.com\/sv\/wp-json\/wp\/v2\/media\/46598"}],"wp:attachment":[{"href":"https:\/\/senabel.com\/sv\/wp-json\/wp\/v2\/media?parent=46595"}],"wp:term":[{"taxonomy":"product_brand","embeddable":true,"href":"https:\/\/senabel.com\/sv\/wp-json\/wp\/v2\/product_brand?post=46595"},{"taxonomy":"product_cat","embeddable":true,"href":"https:\/\/senabel.com\/sv\/wp-json\/wp\/v2\/product_cat?post=46595"},{"taxonomy":"product_tag","embeddable":true,"href":"https:\/\/senabel.com\/sv\/wp-json\/wp\/v2\/product_tag?post=46595"}],"curies":[{"name":"wp","href":"https:\/\/api.w.org\/{rel}","templated":true}]}}