{"id":46576,"date":"2025-02-03T14:55:32","date_gmt":"2025-02-03T14:55:32","guid":{"rendered":"https:\/\/senabel.com\/?post_type=product&#038;p=46576"},"modified":"2025-03-14T14:29:35","modified_gmt":"2025-03-14T14:29:35","slug":"ramadan-lykta-i-tra-med-moske-och-halvmane-design","status":"publish","type":"product","link":"https:\/\/senabel.com\/sv\/product\/%d9%81%d8%a7%d9%86%d9%88%d8%b3-%d8%ae%d8%b4%d8%a8%d9%8a-%d8%b1%d9%85%d8%b6%d8%a7%d9%86%d9%8a-%d8%a8%d8%aa%d8%b5%d9%85%d9%8a%d9%85-%d9%85%d8%b3%d8%ac%d8%af-%d9%88%d9%87%d9%84%d8%a7%d9%84\/","title":{"rendered":"Ramadan-lykta i tr\u00e4 med mosk\u00e9 och halvm\u00e5ne-design"},"content":{"rendered":"<p>Ge din heminredning en traditionell touch av Ramadan med denna tr\u00e4lykta, designad i en attraktiv gr\u00f6n f\u00e4rg som \u00e5terspeglar atmosf\u00e4ren under den heliga m\u00e5naden. Lyktan har ett vackert motiv av en minaret och en mosk\u00e9 med Ramadans m\u00e5nsk\u00e4ra.<\/p>\n<p>Tillverkad av h\u00f6gkvalitativt, h\u00e5llbart tr\u00e4 med fina detaljer som ger den ett distinkt estetiskt utseende, dess ih\u00e5liga design l\u00e5ter ljus passera igenom och skapar ett varmt och elegant sken n\u00e4r den anv\u00e4nds med inomhusbelysning eller sm\u00e5 ljus. Den kan placeras p\u00e5 bord, i h\u00f6rn av rum eller h\u00e4ngas upp f\u00f6r att ge en vacker orientalisk touch till din Ramadan-inredning.<\/p>\n<p><strong>Specifikationer:<\/strong><\/p>\n<ul>\n<li><strong>Material:<\/strong> Slitstarkt tr\u00e4 med omsorgsfullt utskurna detaljer.<\/li>\n<li><strong>Design:<\/strong> Dekorerad med mosk\u00e9ns symbol och m\u00e5nsk\u00e4ran i en gr\u00f6n f\u00e4rg som f\u00f6rst\u00e4rker Ramadan-st\u00e4mningen.<\/li>\n<li><strong>Anv\u00e4nd:<\/strong> Perfekt f\u00f6r att dekorera bord, h\u00f6rn av huset eller f\u00f6r att h\u00e4nga upp som Ramadan-dekoration.<\/li>\n<li><strong>M\u00e5tt:<\/strong> (20*10).<\/li>\n<\/ul>\n<p>L\u00e4gg till den h\u00e4r utm\u00e4rkande tr\u00e4lyktan till dina Ramadan-dekorationer och g\u00f6r den heliga m\u00e5naden \u00e4nnu mysigare och vackrare.<\/p>","protected":false},"excerpt":{"rendered":"<p>Ge din heminredning en traditionell touch av Ramadan med denna tr\u00e4lykta, designad i en attraktiv gr\u00f6n f\u00e4rg som \u00e5terspeglar atmosf\u00e4ren under den heliga m\u00e5naden. Lyktan har ett vackert motiv av en minaret och en mosk\u00e9 med Ramadans m\u00e5nsk\u00e4ra.<\/p>","protected":false},"featured_media":46577,"template":"","meta":[],"product_brand":[],"product_cat":[348,347],"product_tag":[],"class_list":{"0":"post-46576","1":"product","2":"type-product","3":"status-publish","4":"has-post-thumbnail","6":"product_cat-348","7":"product_cat-347","9":"first","10":"outofstock","11":"taxable","12":"shipping-taxable","13":"purchasable","14":"product-type-simple"},"_links":{"self":[{"href":"https:\/\/senabel.com\/sv\/wp-json\/wp\/v2\/product\/46576","targetHints":{"allow":["GET"]}}],"collection":[{"href":"https:\/\/senabel.com\/sv\/wp-json\/wp\/v2\/product"}],"about":[{"href":"https:\/\/senabel.com\/sv\/wp-json\/wp\/v2\/types\/product"}],"version-history":[{"count":3,"href":"https:\/\/senabel.com\/sv\/wp-json\/wp\/v2\/product\/46576\/revisions"}],"predecessor-version":[{"id":46798,"href":"https:\/\/senabel.com\/sv\/wp-json\/wp\/v2\/product\/46576\/revisions\/46798"}],"wp:featuredmedia":[{"embeddable":true,"href":"https:\/\/senabel.com\/sv\/wp-json\/wp\/v2\/media\/46577"}],"wp:attachment":[{"href":"https:\/\/senabel.com\/sv\/wp-json\/wp\/v2\/media?parent=46576"}],"wp:term":[{"taxonomy":"product_brand","embeddable":true,"href":"https:\/\/senabel.com\/sv\/wp-json\/wp\/v2\/product_brand?post=46576"},{"taxonomy":"product_cat","embeddable":true,"href":"https:\/\/senabel.com\/sv\/wp-json\/wp\/v2\/product_cat?post=46576"},{"taxonomy":"product_tag","embeddable":true,"href":"https:\/\/senabel.com\/sv\/wp-json\/wp\/v2\/product_tag?post=46576"}],"curies":[{"name":"wp","href":"https:\/\/api.w.org\/{rel}","templated":true}]}}