{"id":46542,"date":"2025-01-31T13:17:51","date_gmt":"2025-01-31T13:17:51","guid":{"rendered":"https:\/\/senabel.com\/?post_type=product&#038;p=46542"},"modified":"2026-03-14T22:05:41","modified_gmt":"2026-03-14T22:05:41","slug":"korianderfron-160-g","status":"publish","type":"product","link":"https:\/\/senabel.com\/sv\/product\/%d9%83%d8%b2%d8%a8%d8%b1%d8%a9-%d8%ad%d8%a8-160%d8%ba\/","title":{"rendered":"Korianderfr\u00f6n 160 g"},"content":{"rendered":"<p>Korianderfr\u00f6n anv\u00e4nds i olika r\u00e4tter f\u00f6r att ge en distinkt smak, eftersom de kan malas f\u00e4rskt vid behov eller anv\u00e4ndas som de \u00e4r i vissa recept, till exempel i det indiska och arabiska k\u00f6ket.<\/p>\n<h4><strong>Produktinformation:<\/strong><\/h4>\n<ul>\n<li><strong>Vikt:<\/strong> 160 gram<\/li>\n<li><strong>Anv\u00e4nds:<\/strong> Anv\u00e4nd som den \u00e4r eller mala f\u00e4rskt f\u00f6r att ge rik smak till r\u00e4tter<\/li>\n<li><strong>Kvalitet:<\/strong> Fullkornsprodukter f\u00f6r att bevara smak och arom<\/li>\n<\/ul>","protected":false},"excerpt":{"rendered":"<p>Koriander anv\u00e4nds i olika r\u00e4tter f\u00f6r att ge en distinkt smak, eftersom den kan malas f\u00e4rskt vid behov eller anv\u00e4ndas som den \u00e4r i vissa recept, till exempel i det indiska och arabiska k\u00f6ket.<\/p>","protected":false},"featured_media":46543,"template":"","meta":[],"product_brand":[],"product_cat":[327],"product_tag":[],"class_list":{"0":"post-46542","1":"product","2":"type-product","3":"status-publish","4":"has-post-thumbnail","6":"product_cat-327","8":"first","9":"instock","10":"taxable","11":"shipping-taxable","12":"purchasable","13":"product-type-simple"},"_links":{"self":[{"href":"https:\/\/senabel.com\/sv\/wp-json\/wp\/v2\/product\/46542","targetHints":{"allow":["GET"]}}],"collection":[{"href":"https:\/\/senabel.com\/sv\/wp-json\/wp\/v2\/product"}],"about":[{"href":"https:\/\/senabel.com\/sv\/wp-json\/wp\/v2\/types\/product"}],"version-history":[{"count":4,"href":"https:\/\/senabel.com\/sv\/wp-json\/wp\/v2\/product\/46542\/revisions"}],"predecessor-version":[{"id":58432,"href":"https:\/\/senabel.com\/sv\/wp-json\/wp\/v2\/product\/46542\/revisions\/58432"}],"wp:featuredmedia":[{"embeddable":true,"href":"https:\/\/senabel.com\/sv\/wp-json\/wp\/v2\/media\/46543"}],"wp:attachment":[{"href":"https:\/\/senabel.com\/sv\/wp-json\/wp\/v2\/media?parent=46542"}],"wp:term":[{"taxonomy":"product_brand","embeddable":true,"href":"https:\/\/senabel.com\/sv\/wp-json\/wp\/v2\/product_brand?post=46542"},{"taxonomy":"product_cat","embeddable":true,"href":"https:\/\/senabel.com\/sv\/wp-json\/wp\/v2\/product_cat?post=46542"},{"taxonomy":"product_tag","embeddable":true,"href":"https:\/\/senabel.com\/sv\/wp-json\/wp\/v2\/product_tag?post=46542"}],"curies":[{"name":"wp","href":"https:\/\/api.w.org\/{rel}","templated":true}]}}