{"id":46538,"date":"2025-01-31T13:18:14","date_gmt":"2025-01-31T13:18:14","guid":{"rendered":"https:\/\/senabel.com\/?post_type=product&#038;p=46538"},"modified":"2026-05-14T23:03:01","modified_gmt":"2026-05-14T23:03:01","slug":"malet-svartpeppar-250g","status":"publish","type":"product","link":"https:\/\/senabel.com\/sv\/product\/%d9%81%d9%84%d9%81%d9%84-%d8%a3%d8%b3%d9%88%d8%af-%d9%85%d8%b7%d8%ad%d9%88%d9%86-250%d8%ba\/","title":{"rendered":"Malet svartpeppar 250g"},"content":{"rendered":"<p>Mald svartpeppar \u00e4r en baskrydda i alla k\u00f6k och anv\u00e4nds f\u00f6r att ge maten en kryddig och distinkt smak. Tills\u00e4tt den i k\u00f6tt, s\u00e5ser, soppor och m\u00e5nga andra recept f\u00f6r att f\u00f6rh\u00f6ja smaken.<\/p>\n<h4><strong>Produktinformation:<\/strong><\/h4>\n<ul>\n<li><strong>Vikt:<\/strong> 250 gram<\/li>\n<li><strong>Anv\u00e4nds:<\/strong> L\u00e4mplig f\u00f6r k\u00f6tt, s\u00e5ser, soppor och en m\u00e4ngd olika matr\u00e4tter<\/li>\n<li><strong>Kvalitet:<\/strong> Noggrant mald f\u00f6r att bevara den starka smaken<\/li>\n<\/ul>","protected":false},"excerpt":{"rendered":"<p>Mald svartpeppar \u00e4r en viktig krydda i varje k\u00f6k och anv\u00e4nds f\u00f6r att ge maten en kryddig och distinkt smak. Tills\u00e4tt den i k\u00f6tt, s\u00e5ser, soppor och m\u00e5nga andra recept f\u00f6r att f\u00f6rh\u00f6ja smaken.<\/p>","protected":false},"featured_media":46539,"template":"","meta":[],"product_brand":[],"product_cat":[327],"product_tag":[],"class_list":{"0":"post-46538","1":"product","2":"type-product","3":"status-publish","4":"has-post-thumbnail","6":"product_cat-327","8":"first","9":"instock","10":"taxable","11":"shipping-taxable","12":"purchasable","13":"product-type-simple"},"_links":{"self":[{"href":"https:\/\/senabel.com\/sv\/wp-json\/wp\/v2\/product\/46538","targetHints":{"allow":["GET"]}}],"collection":[{"href":"https:\/\/senabel.com\/sv\/wp-json\/wp\/v2\/product"}],"about":[{"href":"https:\/\/senabel.com\/sv\/wp-json\/wp\/v2\/types\/product"}],"version-history":[{"count":2,"href":"https:\/\/senabel.com\/sv\/wp-json\/wp\/v2\/product\/46538\/revisions"}],"predecessor-version":[{"id":46541,"href":"https:\/\/senabel.com\/sv\/wp-json\/wp\/v2\/product\/46538\/revisions\/46541"}],"wp:featuredmedia":[{"embeddable":true,"href":"https:\/\/senabel.com\/sv\/wp-json\/wp\/v2\/media\/46539"}],"wp:attachment":[{"href":"https:\/\/senabel.com\/sv\/wp-json\/wp\/v2\/media?parent=46538"}],"wp:term":[{"taxonomy":"product_brand","embeddable":true,"href":"https:\/\/senabel.com\/sv\/wp-json\/wp\/v2\/product_brand?post=46538"},{"taxonomy":"product_cat","embeddable":true,"href":"https:\/\/senabel.com\/sv\/wp-json\/wp\/v2\/product_cat?post=46538"},{"taxonomy":"product_tag","embeddable":true,"href":"https:\/\/senabel.com\/sv\/wp-json\/wp\/v2\/product_tag?post=46538"}],"curies":[{"name":"wp","href":"https:\/\/api.w.org\/{rel}","templated":true}]}}