{"id":46534,"date":"2025-01-31T13:18:41","date_gmt":"2025-01-31T13:18:41","guid":{"rendered":"https:\/\/senabel.com\/?post_type=product&#038;p=46534"},"modified":"2026-04-12T09:37:16","modified_gmt":"2026-04-12T09:37:16","slug":"kummin-250-g","status":"publish","type":"product","link":"https:\/\/senabel.com\/sv\/product\/%d9%83%d9%85%d9%88%d9%86-%d8%ad%d8%a8-250%d8%ba\/","title":{"rendered":"Kummin 250 g"},"content":{"rendered":"<p>Kummin anv\u00e4nds f\u00f6r att ge en stark naturlig smak till olika r\u00e4tter. Den tills\u00e4tts i orientaliska r\u00e4tter, grillr\u00e4tter, bakverk och kan malas f\u00e4rskt n\u00e4r det beh\u00f6vs f\u00f6r en mer koncentrerad smak.<\/p>\n<h4><strong>Produktinformation:<\/strong><\/h4>\n<ul>\n<li><strong>Vikt:<\/strong> 250 gram<\/li>\n<li><strong>Anv\u00e4nds:<\/strong> Anv\u00e4nd i stekar, orientaliska r\u00e4tter och bakverk<\/li>\n<li><strong>Kvalitet:<\/strong> Fullkornsprodukter f\u00f6r att bevara den ursprungliga smaken<\/li>\n<\/ul>","protected":false},"excerpt":{"rendered":"<p>Kummin anv\u00e4nds f\u00f6r att ge en stark naturlig smak till olika r\u00e4tter. Den tills\u00e4tts i orientaliska r\u00e4tter, grillr\u00e4tter, bakverk och kan nymalas n\u00e4r det beh\u00f6vs f\u00f6r en mer koncentrerad smak.<\/p>","protected":false},"featured_media":46535,"template":"","meta":[],"product_brand":[],"product_cat":[327],"product_tag":[],"class_list":{"0":"post-46534","1":"product","2":"type-product","3":"status-publish","4":"has-post-thumbnail","6":"product_cat-327","8":"first","9":"instock","10":"taxable","11":"shipping-taxable","12":"purchasable","13":"product-type-simple"},"_links":{"self":[{"href":"https:\/\/senabel.com\/sv\/wp-json\/wp\/v2\/product\/46534","targetHints":{"allow":["GET"]}}],"collection":[{"href":"https:\/\/senabel.com\/sv\/wp-json\/wp\/v2\/product"}],"about":[{"href":"https:\/\/senabel.com\/sv\/wp-json\/wp\/v2\/types\/product"}],"version-history":[{"count":2,"href":"https:\/\/senabel.com\/sv\/wp-json\/wp\/v2\/product\/46534\/revisions"}],"predecessor-version":[{"id":46537,"href":"https:\/\/senabel.com\/sv\/wp-json\/wp\/v2\/product\/46534\/revisions\/46537"}],"wp:featuredmedia":[{"embeddable":true,"href":"https:\/\/senabel.com\/sv\/wp-json\/wp\/v2\/media\/46535"}],"wp:attachment":[{"href":"https:\/\/senabel.com\/sv\/wp-json\/wp\/v2\/media?parent=46534"}],"wp:term":[{"taxonomy":"product_brand","embeddable":true,"href":"https:\/\/senabel.com\/sv\/wp-json\/wp\/v2\/product_brand?post=46534"},{"taxonomy":"product_cat","embeddable":true,"href":"https:\/\/senabel.com\/sv\/wp-json\/wp\/v2\/product_cat?post=46534"},{"taxonomy":"product_tag","embeddable":true,"href":"https:\/\/senabel.com\/sv\/wp-json\/wp\/v2\/product_tag?post=46534"}],"curies":[{"name":"wp","href":"https:\/\/api.w.org\/{rel}","templated":true}]}}