{"id":46530,"date":"2025-01-31T13:16:37","date_gmt":"2025-01-31T13:16:37","guid":{"rendered":"https:\/\/senabel.com\/?post_type=product&#038;p=46530"},"modified":"2026-04-20T14:14:42","modified_gmt":"2026-04-20T14:14:42","slug":"mald-kummin-250g","status":"publish","type":"product","link":"https:\/\/senabel.com\/sv\/product\/%d9%83%d9%85%d9%88%d9%86-%d9%85%d8%b7%d8%ad%d9%88%d9%86-250%d8%ba\/","title":{"rendered":"Mald kummin 250g"},"content":{"rendered":"<p>Mald kummin ger en stark aromatisk smak till matr\u00e4tter och anv\u00e4nds i orientaliska r\u00e4tter, s\u00e5ser, grytor, stuvningar och stekar. Den k\u00e4nnetecknas av sin rika arom som f\u00f6rh\u00f6jer smaken p\u00e5 maten.<\/p>\n<h4><strong>Produktinformation:<\/strong><\/h4>\n<ul>\n<li><strong>Vikt:<\/strong> 250 gram<\/li>\n<li><strong>Anv\u00e4nds:<\/strong> L\u00e4mplig f\u00f6r orientaliska r\u00e4tter, s\u00e5ser, grytor och grillat<\/li>\n<li><strong>Kvalitet:<\/strong> Noggrant mald f\u00f6r att bevara den starka smaken<\/li>\n<\/ul>","protected":false},"excerpt":{"rendered":"<p>Mald kummin ger en stark aromatisk smak till matr\u00e4tter och anv\u00e4nds i orientaliska r\u00e4tter, s\u00e5ser, grytor, stekpannor och grillr\u00e4tter. Den k\u00e4nnetecknas av sin rika arom som f\u00f6rh\u00f6jer smaken p\u00e5 maten.<\/p>","protected":false},"featured_media":46531,"template":"","meta":[],"product_brand":[],"product_cat":[327],"product_tag":[],"class_list":{"0":"post-46530","1":"product","2":"type-product","3":"status-publish","4":"has-post-thumbnail","6":"product_cat-327","8":"first","9":"instock","10":"taxable","11":"shipping-taxable","12":"purchasable","13":"product-type-simple"},"_links":{"self":[{"href":"https:\/\/senabel.com\/sv\/wp-json\/wp\/v2\/product\/46530","targetHints":{"allow":["GET"]}}],"collection":[{"href":"https:\/\/senabel.com\/sv\/wp-json\/wp\/v2\/product"}],"about":[{"href":"https:\/\/senabel.com\/sv\/wp-json\/wp\/v2\/types\/product"}],"version-history":[{"count":3,"href":"https:\/\/senabel.com\/sv\/wp-json\/wp\/v2\/product\/46530\/revisions"}],"predecessor-version":[{"id":59530,"href":"https:\/\/senabel.com\/sv\/wp-json\/wp\/v2\/product\/46530\/revisions\/59530"}],"wp:featuredmedia":[{"embeddable":true,"href":"https:\/\/senabel.com\/sv\/wp-json\/wp\/v2\/media\/46531"}],"wp:attachment":[{"href":"https:\/\/senabel.com\/sv\/wp-json\/wp\/v2\/media?parent=46530"}],"wp:term":[{"taxonomy":"product_brand","embeddable":true,"href":"https:\/\/senabel.com\/sv\/wp-json\/wp\/v2\/product_brand?post=46530"},{"taxonomy":"product_cat","embeddable":true,"href":"https:\/\/senabel.com\/sv\/wp-json\/wp\/v2\/product_cat?post=46530"},{"taxonomy":"product_tag","embeddable":true,"href":"https:\/\/senabel.com\/sv\/wp-json\/wp\/v2\/product_tag?post=46530"}],"curies":[{"name":"wp","href":"https:\/\/api.w.org\/{rel}","templated":true}]}}