{"id":46527,"date":"2025-01-31T13:20:36","date_gmt":"2025-01-31T13:20:36","guid":{"rendered":"https:\/\/senabel.com\/?post_type=product&#038;p=46527"},"modified":"2026-04-19T16:10:17","modified_gmt":"2026-04-19T16:10:17","slug":"mald-koriander-250-g","status":"publish","type":"product","link":"https:\/\/senabel.com\/sv\/product\/%d9%83%d8%b2%d8%a8%d8%b1%d8%a9-%d9%85%d8%b7%d8%ad%d9%88%d9%86%d8%a9-250%d8%ba\/","title":{"rendered":"Malda korianderfr\u00f6n 200 g"},"content":{"rendered":"<p>Mald koriander \u00e4r en viktig krydda i k\u00f6ket och anv\u00e4nds f\u00f6r att ge en varm och aromatisk smak till en m\u00e4ngd olika r\u00e4tter. Tills\u00e4tt den i grytor, s\u00e5ser, k\u00f6ttmarinader samt i indiska och arabiska r\u00e4tter f\u00f6r att ge dem en distinkt smak.<\/p>\n<h4><strong>Produktinformation:<\/strong><\/h4>\n<ul>\n<li><strong>Vikt:<\/strong> 200 gram<\/li>\n<li><strong>Anv\u00e4nds:<\/strong> Anv\u00e4nds i grytor, s\u00e5ser, marinader, k\u00f6ttmarinader, det indiska och arabiska k\u00f6ket<\/li>\n<li><strong>Kvalitet:<\/strong> Finmald koriander f\u00f6r att bevara den friska smaken<\/li>\n<\/ul>","protected":false},"excerpt":{"rendered":"<p>Mald koriander \u00e4r en viktig krydda i k\u00f6ket som ger en varm och aromatisk smak till olika r\u00e4tter. Tills\u00e4tt den i grytor, s\u00e5ser, k\u00f6ttmarinader samt i indiska och arabiska r\u00e4tter f\u00f6r att ge dem en distinkt smak.<\/p>","protected":false},"featured_media":46528,"template":"","meta":[],"product_brand":[],"product_cat":[327],"product_tag":[],"class_list":{"0":"post-46527","1":"product","2":"type-product","3":"status-publish","4":"has-post-thumbnail","6":"product_cat-327","8":"first","9":"instock","10":"taxable","11":"shipping-taxable","12":"purchasable","13":"product-type-simple"},"_links":{"self":[{"href":"https:\/\/senabel.com\/sv\/wp-json\/wp\/v2\/product\/46527","targetHints":{"allow":["GET"]}}],"collection":[{"href":"https:\/\/senabel.com\/sv\/wp-json\/wp\/v2\/product"}],"about":[{"href":"https:\/\/senabel.com\/sv\/wp-json\/wp\/v2\/types\/product"}],"version-history":[{"count":3,"href":"https:\/\/senabel.com\/sv\/wp-json\/wp\/v2\/product\/46527\/revisions"}],"predecessor-version":[{"id":58738,"href":"https:\/\/senabel.com\/sv\/wp-json\/wp\/v2\/product\/46527\/revisions\/58738"}],"wp:featuredmedia":[{"embeddable":true,"href":"https:\/\/senabel.com\/sv\/wp-json\/wp\/v2\/media\/46528"}],"wp:attachment":[{"href":"https:\/\/senabel.com\/sv\/wp-json\/wp\/v2\/media?parent=46527"}],"wp:term":[{"taxonomy":"product_brand","embeddable":true,"href":"https:\/\/senabel.com\/sv\/wp-json\/wp\/v2\/product_brand?post=46527"},{"taxonomy":"product_cat","embeddable":true,"href":"https:\/\/senabel.com\/sv\/wp-json\/wp\/v2\/product_cat?post=46527"},{"taxonomy":"product_tag","embeddable":true,"href":"https:\/\/senabel.com\/sv\/wp-json\/wp\/v2\/product_tag?post=46527"}],"curies":[{"name":"wp","href":"https:\/\/api.w.org\/{rel}","templated":true}]}}