{"id":46519,"date":"2025-01-31T13:21:02","date_gmt":"2025-01-31T13:21:02","guid":{"rendered":"https:\/\/senabel.com\/?post_type=product&#038;p=46519"},"modified":"2026-04-17T03:23:39","modified_gmt":"2026-04-17T03:23:39","slug":"citronsyra-500g","status":"publish","type":"product","link":"https:\/\/senabel.com\/sv\/product\/%d8%ad%d9%85%d8%b6-%d8%a7%d9%84%d9%84%d9%8a%d9%85%d9%88%d9%86-500%d8%ba\/","title":{"rendered":"Citronsyra 500g"},"content":{"rendered":"<p>Citronsyra anv\u00e4nds som en naturlig ingrediens f\u00f6r att ge livsmedel en balanserad syrlig smak. Den tills\u00e4tts i juicer, desserter, s\u00e5ser och skaldjur och anv\u00e4nds ocks\u00e5 i vissa recept f\u00f6r att konservera och f\u00f6rl\u00e4nga h\u00e5llbarheten p\u00e5 livsmedel.<\/p>\n<h4><strong>Produktinformation:<\/strong><\/h4>\n<ul>\n<li><strong>Vikt:<\/strong> 250 gram<\/li>\n<li><strong>Anv\u00e4nds:<\/strong> Anv\u00e4nd i smoothies, desserter, fisk och skaldjur samt s\u00e5ser<\/li>\n<li><strong>Kvalitet:<\/strong> Ren och fri fr\u00e5n tillsatser f\u00f6r att bevara den naturliga smaken<\/li>\n<\/ul>","protected":false},"excerpt":{"rendered":"<p>Citronsyra anv\u00e4nds som en naturlig ingrediens f\u00f6r att ge livsmedel en balanserad syrlig smak. Den tills\u00e4tts i juicer, desserter, s\u00e5ser och skaldjur och anv\u00e4nds ocks\u00e5 i vissa recept f\u00f6r att konservera och f\u00f6rl\u00e4nga h\u00e5llbarheten p\u00e5 livsmedel.<\/p>","protected":false},"featured_media":46520,"template":"","meta":[],"product_brand":[],"product_cat":[327],"product_tag":[],"class_list":{"0":"post-46519","1":"product","2":"type-product","3":"status-publish","4":"has-post-thumbnail","6":"product_cat-327","8":"first","9":"instock","10":"taxable","11":"shipping-taxable","12":"purchasable","13":"product-type-simple"},"_links":{"self":[{"href":"https:\/\/senabel.com\/sv\/wp-json\/wp\/v2\/product\/46519","targetHints":{"allow":["GET"]}}],"collection":[{"href":"https:\/\/senabel.com\/sv\/wp-json\/wp\/v2\/product"}],"about":[{"href":"https:\/\/senabel.com\/sv\/wp-json\/wp\/v2\/types\/product"}],"version-history":[{"count":4,"href":"https:\/\/senabel.com\/sv\/wp-json\/wp\/v2\/product\/46519\/revisions"}],"predecessor-version":[{"id":48178,"href":"https:\/\/senabel.com\/sv\/wp-json\/wp\/v2\/product\/46519\/revisions\/48178"}],"wp:featuredmedia":[{"embeddable":true,"href":"https:\/\/senabel.com\/sv\/wp-json\/wp\/v2\/media\/46520"}],"wp:attachment":[{"href":"https:\/\/senabel.com\/sv\/wp-json\/wp\/v2\/media?parent=46519"}],"wp:term":[{"taxonomy":"product_brand","embeddable":true,"href":"https:\/\/senabel.com\/sv\/wp-json\/wp\/v2\/product_brand?post=46519"},{"taxonomy":"product_cat","embeddable":true,"href":"https:\/\/senabel.com\/sv\/wp-json\/wp\/v2\/product_cat?post=46519"},{"taxonomy":"product_tag","embeddable":true,"href":"https:\/\/senabel.com\/sv\/wp-json\/wp\/v2\/product_tag?post=46519"}],"curies":[{"name":"wp","href":"https:\/\/api.w.org\/{rel}","templated":true}]}}