{"id":46512,"date":"2025-01-31T13:22:17","date_gmt":"2025-01-31T13:22:17","guid":{"rendered":"https:\/\/senabel.com\/?post_type=product&#038;p=46512"},"modified":"2026-04-22T18:36:40","modified_gmt":"2026-04-22T18:36:40","slug":"mald-sumak-250g","status":"publish","type":"product","link":"https:\/\/senabel.com\/sv\/product\/%d8%b3%d9%85%d8%a7%d9%82-%d9%85%d8%b7%d8%ad%d9%88%d9%86-250%d8%ba\/","title":{"rendered":"Mald sumak 250g"},"content":{"rendered":"<p>Mald sumak \u00e4r en viktig krydda i det orientaliska k\u00f6ket och anv\u00e4nds f\u00f6r att ge maten en naturligt syrlig smak. Tills\u00e4tt den till grillat, sallader, za'atar och tabbouleh f\u00f6r att ge dem en uts\u00f6kt och distinkt smak.<\/p>\n<h4><strong>Produktinformation:<\/strong><\/h4>\n<ul>\n<li><strong>Vikt:<\/strong> 250 gram<\/li>\n<li><strong>Anv\u00e4nds:<\/strong> Idealisk f\u00f6r marinering av rostbiffar, sallader, za'atar och tabbouleh<\/li>\n<li><strong>Kvalitet:<\/strong> Rent mald sumak f\u00f6r att bevara den ursprungliga smaken<\/li>\n<\/ul>","protected":false},"excerpt":{"rendered":"<p>Mald sumak \u00e4r en viktig krydda i det orientaliska k\u00f6ket och anv\u00e4nds f\u00f6r att ge maten en naturligt syrlig smak. Tills\u00e4tt den till grillat, sallader, za'atar och tabbouleh f\u00f6r att ge dem en uts\u00f6kt och distinkt smak.<\/p>","protected":false},"featured_media":46513,"template":"","meta":[],"product_brand":[],"product_cat":[327],"product_tag":[],"class_list":{"0":"post-46512","1":"product","2":"type-product","3":"status-publish","4":"has-post-thumbnail","6":"product_cat-327","8":"first","9":"instock","10":"taxable","11":"shipping-taxable","12":"purchasable","13":"product-type-simple"},"_links":{"self":[{"href":"https:\/\/senabel.com\/sv\/wp-json\/wp\/v2\/product\/46512","targetHints":{"allow":["GET"]}}],"collection":[{"href":"https:\/\/senabel.com\/sv\/wp-json\/wp\/v2\/product"}],"about":[{"href":"https:\/\/senabel.com\/sv\/wp-json\/wp\/v2\/types\/product"}],"version-history":[{"count":2,"href":"https:\/\/senabel.com\/sv\/wp-json\/wp\/v2\/product\/46512\/revisions"}],"predecessor-version":[{"id":46515,"href":"https:\/\/senabel.com\/sv\/wp-json\/wp\/v2\/product\/46512\/revisions\/46515"}],"wp:featuredmedia":[{"embeddable":true,"href":"https:\/\/senabel.com\/sv\/wp-json\/wp\/v2\/media\/46513"}],"wp:attachment":[{"href":"https:\/\/senabel.com\/sv\/wp-json\/wp\/v2\/media?parent=46512"}],"wp:term":[{"taxonomy":"product_brand","embeddable":true,"href":"https:\/\/senabel.com\/sv\/wp-json\/wp\/v2\/product_brand?post=46512"},{"taxonomy":"product_cat","embeddable":true,"href":"https:\/\/senabel.com\/sv\/wp-json\/wp\/v2\/product_cat?post=46512"},{"taxonomy":"product_tag","embeddable":true,"href":"https:\/\/senabel.com\/sv\/wp-json\/wp\/v2\/product_tag?post=46512"}],"curies":[{"name":"wp","href":"https:\/\/api.w.org\/{rel}","templated":true}]}}