{"id":46508,"date":"2025-01-31T13:22:44","date_gmt":"2025-01-31T13:22:44","guid":{"rendered":"https:\/\/senabel.com\/?post_type=product&#038;p=46508"},"modified":"2026-04-20T14:14:42","modified_gmt":"2026-04-20T14:14:42","slug":"mynta-mald-250g","status":"publish","type":"product","link":"https:\/\/senabel.com\/sv\/product\/%d9%86%d8%b9%d9%86%d8%b9-%d9%8a%d8%a7%d8%a8%d8%b3-%d9%85%d8%b7%d8%ad%d9%88%d9%86-250%d8%ba\/","title":{"rendered":"Mynta, mald 250g"},"content":{"rendered":"<p>Med sin starka aromatiska doft och distinkta smak ger mald mynta en uppfriskande smak till mat och dryck. Anv\u00e4nd den i te, sallader, orientaliska r\u00e4tter och s\u00e5ser f\u00f6r att f\u00f6rh\u00f6ja smaken och ge en uts\u00f6kt naturlig touch.<\/p>\n<h4><strong>Produktinformation:<\/strong><\/h4>\n<ul>\n<li><strong>Vikt:<\/strong> 250 gram<\/li>\n<li><strong>Anv\u00e4nds:<\/strong> Tills\u00e4tt till teer, sallader, s\u00e5ser och orientaliska r\u00e4tter<\/li>\n<li><strong>Kvalitet:<\/strong> Ren produkt, omsorgsfullt torkad f\u00f6r att bevara den ursprungliga smaken<\/li>\n<\/ul>","protected":false},"excerpt":{"rendered":"<p>Mald torr mynta ger en uppfriskande smak till matr\u00e4tter och drycker med sin starka aromatiska doft och distinkta smak. Anv\u00e4nd den i te, sallader, orientaliska r\u00e4tter och s\u00e5ser f\u00f6r att f\u00f6rh\u00f6ja smaken och ge en uts\u00f6kt naturlig touch.<\/p>","protected":false},"featured_media":46509,"template":"","meta":[],"product_brand":[],"product_cat":[327],"product_tag":[],"class_list":{"0":"post-46508","1":"product","2":"type-product","3":"status-publish","4":"has-post-thumbnail","6":"product_cat-327","8":"first","9":"instock","10":"taxable","11":"shipping-taxable","12":"purchasable","13":"product-type-simple"},"_links":{"self":[{"href":"https:\/\/senabel.com\/sv\/wp-json\/wp\/v2\/product\/46508","targetHints":{"allow":["GET"]}}],"collection":[{"href":"https:\/\/senabel.com\/sv\/wp-json\/wp\/v2\/product"}],"about":[{"href":"https:\/\/senabel.com\/sv\/wp-json\/wp\/v2\/types\/product"}],"version-history":[{"count":3,"href":"https:\/\/senabel.com\/sv\/wp-json\/wp\/v2\/product\/46508\/revisions"}],"predecessor-version":[{"id":53218,"href":"https:\/\/senabel.com\/sv\/wp-json\/wp\/v2\/product\/46508\/revisions\/53218"}],"wp:featuredmedia":[{"embeddable":true,"href":"https:\/\/senabel.com\/sv\/wp-json\/wp\/v2\/media\/46509"}],"wp:attachment":[{"href":"https:\/\/senabel.com\/sv\/wp-json\/wp\/v2\/media?parent=46508"}],"wp:term":[{"taxonomy":"product_brand","embeddable":true,"href":"https:\/\/senabel.com\/sv\/wp-json\/wp\/v2\/product_brand?post=46508"},{"taxonomy":"product_cat","embeddable":true,"href":"https:\/\/senabel.com\/sv\/wp-json\/wp\/v2\/product_cat?post=46508"},{"taxonomy":"product_tag","embeddable":true,"href":"https:\/\/senabel.com\/sv\/wp-json\/wp\/v2\/product_tag?post=46508"}],"curies":[{"name":"wp","href":"https:\/\/api.w.org\/{rel}","templated":true}]}}