{"id":46504,"date":"2025-01-31T13:23:01","date_gmt":"2025-01-31T13:23:01","guid":{"rendered":"https:\/\/senabel.com\/?post_type=product&#038;p=46504"},"modified":"2026-02-16T12:26:18","modified_gmt":"2026-02-16T12:26:18","slug":"svartpeppar-250g","status":"publish","type":"product","link":"https:\/\/senabel.com\/sv\/product\/%d9%81%d9%84%d9%81%d9%84-%d8%a3%d8%b3%d9%88%d8%af-%d8%ad%d8%a8-250%d8%ba\/","title":{"rendered":"Svartpeppar 250g"},"content":{"rendered":"<p>Tills\u00e4tt en rik och kryddig smak till dina m\u00e5ltider med svartpepparkorn, som \u00e4r av h\u00f6g kvalitet och har en intensiv smak. De kan nymales vid behov f\u00f6r en mer koncentrerad smak, vilket g\u00f6r dem idealiska f\u00f6r olika r\u00e4tter som k\u00f6tt, s\u00e5ser, soppor och marinader.<\/p>\n<h4><strong>Produktinformation:<\/strong><\/h4>\n<ul>\n<li><strong>Vikt:<\/strong> 250 gram<\/li>\n<li><strong>Anv\u00e4nds:<\/strong> Anv\u00e4nds f\u00f6r tillagning av k\u00f6tt, kyckling, s\u00e5ser, salladsdressingar och soppor<\/li>\n<li><strong>Kvalitet:<\/strong> Fullkorns svartpeppar f\u00f6r att h\u00e5lla smaken frisk<\/li>\n<\/ul>","protected":false},"excerpt":{"rendered":"<p>Tills\u00e4tt en rik och kryddig smak till dina m\u00e5ltider med Black Pepper Kernel, som k\u00e4nnetecknas av sin h\u00f6ga kvalitet och starka smak. F\u00f6r en mer koncentrerad smak kan den f\u00e4rskmales vid behov, vilket g\u00f6r den idealisk f\u00f6r olika r\u00e4tter som k\u00f6tt, s\u00e5ser, soppor och marinader.<\/p>","protected":false},"featured_media":46505,"template":"","meta":[],"product_brand":[],"product_cat":[327],"product_tag":[],"class_list":{"0":"post-46504","1":"product","2":"type-product","3":"status-publish","4":"has-post-thumbnail","6":"product_cat-327","8":"first","9":"instock","10":"taxable","11":"shipping-taxable","12":"purchasable","13":"product-type-simple"},"_links":{"self":[{"href":"https:\/\/senabel.com\/sv\/wp-json\/wp\/v2\/product\/46504","targetHints":{"allow":["GET"]}}],"collection":[{"href":"https:\/\/senabel.com\/sv\/wp-json\/wp\/v2\/product"}],"about":[{"href":"https:\/\/senabel.com\/sv\/wp-json\/wp\/v2\/types\/product"}],"version-history":[{"count":2,"href":"https:\/\/senabel.com\/sv\/wp-json\/wp\/v2\/product\/46504\/revisions"}],"predecessor-version":[{"id":46507,"href":"https:\/\/senabel.com\/sv\/wp-json\/wp\/v2\/product\/46504\/revisions\/46507"}],"wp:featuredmedia":[{"embeddable":true,"href":"https:\/\/senabel.com\/sv\/wp-json\/wp\/v2\/media\/46505"}],"wp:attachment":[{"href":"https:\/\/senabel.com\/sv\/wp-json\/wp\/v2\/media?parent=46504"}],"wp:term":[{"taxonomy":"product_brand","embeddable":true,"href":"https:\/\/senabel.com\/sv\/wp-json\/wp\/v2\/product_brand?post=46504"},{"taxonomy":"product_cat","embeddable":true,"href":"https:\/\/senabel.com\/sv\/wp-json\/wp\/v2\/product_cat?post=46504"},{"taxonomy":"product_tag","embeddable":true,"href":"https:\/\/senabel.com\/sv\/wp-json\/wp\/v2\/product_tag?post=46504"}],"curies":[{"name":"wp","href":"https:\/\/api.w.org\/{rel}","templated":true}]}}