{"id":46472,"date":"2025-01-29T16:38:37","date_gmt":"2025-01-29T16:38:37","guid":{"rendered":"https:\/\/senabel.com\/?post_type=product&#038;p=46472"},"modified":"2025-07-17T20:07:22","modified_gmt":"2025-07-17T20:07:22","slug":"toffekaramell-med-vit-choklad-och-gradde","status":"publish","type":"product","link":"https:\/\/senabel.com\/sv\/product\/%d8%aa%d9%88%d9%81%d9%8a-%d9%83%d8%b1%d8%a7%d9%85%d9%8a%d9%84-%d9%85%d8%b9-%d8%b4%d9%88%d9%83%d9%88%d9%84%d8%a7%d8%aa%d8%a9-%d8%a8%d9%8a%d8%b6%d8%a7%d8%a1-%d9%88%d9%83%d8%b1%d9%8a%d9%85%d8%a9-%d8%a7\/","title":{"rendered":"Kola-karamell med vit choklad - 15 st."},"content":{"rendered":"<p>Njut av en unik upplevelse med <strong>Kola med vit choklad och karamell<\/strong> - En bra kombination av <strong>Smak av len gyllene karamell och lyxig vit choklad<\/strong> Stunder av ren njutning som sm\u00e4lter i munnen.<\/p>\n<h4><strong>Produktinformation:<\/strong><\/h4>\n<ul>\n<li><strong>Ingredienser:<\/strong> En mjuk kola inb\u00e4ddad i en fyllig nougatkr\u00e4m och toppad med ett mjukt lager av uts\u00f6kt vit choklad.<\/li>\n<li><strong>Antalet delar:<\/strong> 15 tabletter i l\u00e5dan.<\/li>\n<li><strong>Anv\u00e4nds:<\/strong> Perfekt till kaffet, som en sofistikerad present till choklad\u00e4lskare eller som en lyxig dessert n\u00e4r som helst.<\/li>\n<li><strong>F\u00f6rpackning:<\/strong> Utformad f\u00f6r att bevara f\u00e4rskheten och smaken hos varje bit, f\u00f6r en oemotst\u00e5ndlig smak varje g\u00e5ng.<\/li>\n<\/ul>\n<h4><strong>Varf\u00f6r skulle du \u00e4lska denna kola?<\/strong><\/h4>\n<ul>\n<li><strong>En unik smakkombination av karamell och vit choklad<\/strong>.<\/li>\n<li><strong>Fyllning med rik nougat f\u00f6r en oemotst\u00e5ndlig kr\u00e4mig smak<\/strong>.<\/li>\n<li><strong>L\u00e4mplig att dela eller avnjutas som en speciell dessert<\/strong>.<\/li>\n<\/ul>\n<p>&nbsp;<\/p>","protected":false},"excerpt":{"rendered":"<p>Njut av en unik upplevelse med <strong>Kola med vit choklad och karamell<\/strong> - En bra kombination av <strong>Smak av len gyllene karamell och lyxig vit choklad<\/strong> Sm\u00e4lta i munnen<\/p>","protected":false},"featured_media":46473,"template":"","meta":[],"product_brand":[],"product_cat":[220,297,227,347],"product_tag":[],"class_list":{"0":"post-46472","1":"product","2":"type-product","3":"status-publish","4":"has-post-thumbnail","6":"product_cat-220","7":"product_cat-297","8":"product_cat-227","9":"product_cat-347","11":"first","12":"outofstock","13":"sale","14":"taxable","15":"shipping-taxable","16":"purchasable","17":"product-type-simple"},"_links":{"self":[{"href":"https:\/\/senabel.com\/sv\/wp-json\/wp\/v2\/product\/46472","targetHints":{"allow":["GET"]}}],"collection":[{"href":"https:\/\/senabel.com\/sv\/wp-json\/wp\/v2\/product"}],"about":[{"href":"https:\/\/senabel.com\/sv\/wp-json\/wp\/v2\/types\/product"}],"version-history":[{"count":3,"href":"https:\/\/senabel.com\/sv\/wp-json\/wp\/v2\/product\/46472\/revisions"}],"predecessor-version":[{"id":46902,"href":"https:\/\/senabel.com\/sv\/wp-json\/wp\/v2\/product\/46472\/revisions\/46902"}],"wp:featuredmedia":[{"embeddable":true,"href":"https:\/\/senabel.com\/sv\/wp-json\/wp\/v2\/media\/46473"}],"wp:attachment":[{"href":"https:\/\/senabel.com\/sv\/wp-json\/wp\/v2\/media?parent=46472"}],"wp:term":[{"taxonomy":"product_brand","embeddable":true,"href":"https:\/\/senabel.com\/sv\/wp-json\/wp\/v2\/product_brand?post=46472"},{"taxonomy":"product_cat","embeddable":true,"href":"https:\/\/senabel.com\/sv\/wp-json\/wp\/v2\/product_cat?post=46472"},{"taxonomy":"product_tag","embeddable":true,"href":"https:\/\/senabel.com\/sv\/wp-json\/wp\/v2\/product_tag?post=46472"}],"curies":[{"name":"wp","href":"https:\/\/api.w.org\/{rel}","templated":true}]}}