{"id":46448,"date":"2025-01-28T15:00:52","date_gmt":"2025-01-28T15:00:52","guid":{"rendered":"https:\/\/senabel.com\/?post_type=product&#038;p=46448"},"modified":"2025-07-31T11:43:40","modified_gmt":"2025-07-31T11:43:40","slug":"turkisk-halsvila-med-citrussmak","status":"publish","type":"product","link":"https:\/\/senabel.com\/sv\/product\/%d8%b1%d8%a7%d8%ad%d8%a9-%d8%a7%d9%84%d8%ad%d9%84%d9%82%d9%88%d9%85-%d8%a7%d9%84%d8%aa%d8%b1%d9%83%d9%8a%d8%a9-%d8%a8%d9%86%d9%83%d9%87%d8%a7%d8%aa-%d8%a7%d9%84%d8%ad%d9%85%d8%b6%d9%8a%d8%a7%d8%aa\/","title":{"rendered":"Turkiska citrus- och myntasmaker 300g"},"content":{"rendered":"<p><strong>En uppfriskande kombination av aromatisk citrus och uppfriskande mintsmak f\u00f6r en of\u00f6rgl\u00f6mlig upplevelse<\/strong><\/p>\n<p>Njut av en unik kombination av den turkiska halsens komfort med ljusa citrussmaker (citron, apelsin och grapefrukt) och en antydan till f\u00e4rsk mynta. Varje bit erbjuder en distinkt smakupplevelse som kombinerar s\u00f6tma och \u00f6mhet med naturlig citrusfr\u00e4schhet, vilket g\u00f6r den till det perfekta valet f\u00f6r dem som \u00e4lskar livliga och uppfriskande smaker.<\/p>\n<h4><strong>Produktinformation:<\/strong><\/h4>\n<ul>\n<li><strong>Ingredienser:<\/strong> Naturliga extrakt av citron, apelsin, grapefrukt och mynta med socker och st\u00e4rkelse av h\u00f6g kvalitet.<\/li>\n<li><strong>Vikt:<\/strong> 300 gram.<\/li>\n<li><strong>Jag v\u00e4xte upp:<\/strong> \u00c4kta turkiskt hantverk, tillverkat enligt gamla traditioner f\u00f6r att garantera en autentisk smak.<\/li>\n<li><strong>Texturer:<\/strong> Den \u00e4r mjuk och seg och sm\u00e4lter smidigt i munnen med en balanserad citrussmak.<\/li>\n<li><strong>Anv\u00e4nds:<\/strong> Perfekt att servera till kaffe och te eller som en uppfriskande dessert vid alla tillf\u00e4llen.<\/li>\n<\/ul>\n<h4><strong>Turkish Delight har smak av citrus och mynta:<\/strong><\/h4>\n<p>\u2714 <strong>Uppfriskande naturliga smaker<\/strong> - En unik blandning av citrus och mynta f\u00f6r en smak som \u00e4r balanserad mellan s\u00f6tma och friskhet.<br \/>\n\u2714 <strong>Tillverkad med naturliga ingredienser<\/strong> - Fri fr\u00e5n artificiella f\u00e4rg\u00e4mnen och konserveringsmedel.<br \/>\n\u2714 <strong>En l\u00e4cker upplevelse f\u00f6r alla smaker<\/strong> - En unik touch av aromatiska smaker som ger dig njutningen av den turkiska g\u00e4stfriheten.<\/p>\n<h4><strong>Instruktioner f\u00f6r memorering:<\/strong><\/h4>\n<p>F\u00f6rvara den p\u00e5 en sval, torr plats utan direkt solljus f\u00f6r att bevara dess mjuka konsistens och rika smak.<\/p>\n<p><strong>Njut av den autentiska smaken av Turkiet med uppfriskande citrus- och myntasmaker!<\/strong><br \/>\n\ud83d\udce6 <strong>Best\u00e4ll den nu fr\u00e5n v\u00e5r onlinebutik och njut av en unik upplevelse<\/strong><\/p>","protected":false},"excerpt":{"rendered":"<p><strong>En uppfriskande kombination av aromatisk citrus och uppfriskande mintsmak i en of\u00f6rgl\u00f6mlig och uts\u00f6kt upplevelse med Turkish Throat Relief<\/strong><\/p>","protected":false},"featured_media":46449,"template":"","meta":[],"product_brand":[],"product_cat":[299],"product_tag":[],"class_list":{"0":"post-46448","1":"product","2":"type-product","3":"status-publish","4":"has-post-thumbnail","6":"product_cat-299","8":"first","9":"outofstock","10":"sale","11":"taxable","12":"shipping-taxable","13":"purchasable","14":"product-type-simple"},"_links":{"self":[{"href":"https:\/\/senabel.com\/sv\/wp-json\/wp\/v2\/product\/46448","targetHints":{"allow":["GET"]}}],"collection":[{"href":"https:\/\/senabel.com\/sv\/wp-json\/wp\/v2\/product"}],"about":[{"href":"https:\/\/senabel.com\/sv\/wp-json\/wp\/v2\/types\/product"}],"version-history":[{"count":2,"href":"https:\/\/senabel.com\/sv\/wp-json\/wp\/v2\/product\/46448\/revisions"}],"predecessor-version":[{"id":46451,"href":"https:\/\/senabel.com\/sv\/wp-json\/wp\/v2\/product\/46448\/revisions\/46451"}],"wp:featuredmedia":[{"embeddable":true,"href":"https:\/\/senabel.com\/sv\/wp-json\/wp\/v2\/media\/46449"}],"wp:attachment":[{"href":"https:\/\/senabel.com\/sv\/wp-json\/wp\/v2\/media?parent=46448"}],"wp:term":[{"taxonomy":"product_brand","embeddable":true,"href":"https:\/\/senabel.com\/sv\/wp-json\/wp\/v2\/product_brand?post=46448"},{"taxonomy":"product_cat","embeddable":true,"href":"https:\/\/senabel.com\/sv\/wp-json\/wp\/v2\/product_cat?post=46448"},{"taxonomy":"product_tag","embeddable":true,"href":"https:\/\/senabel.com\/sv\/wp-json\/wp\/v2\/product_tag?post=46448"}],"curies":[{"name":"wp","href":"https:\/\/api.w.org\/{rel}","templated":true}]}}