{"id":46445,"date":"2025-01-28T14:59:08","date_gmt":"2025-01-28T14:59:08","guid":{"rendered":"https:\/\/senabel.com\/?post_type=product&#038;p=46445"},"modified":"2025-07-11T21:09:39","modified_gmt":"2025-07-11T21:09:39","slug":"%d8%b1%d8%a7%d8%ad%d8%a9-%d8%a7%d9%84%d8%ad%d9%84%d9%82%d9%88%d9%85-%d8%a7%d9%84%d8%aa%d8%b1%d9%83%d9%8a%d8%a9-%d8%a8%d9%86%d9%83%d9%87%d8%a7%d8%aa-%d8%a7%d9%84%d9%81%d9%88%d8%a7%d9%83%d9%87-%d9%88","status":"publish","type":"product","link":"https:\/\/senabel.com\/sv\/product\/%d8%b1%d8%a7%d8%ad%d8%a9-%d8%a7%d9%84%d8%ad%d9%84%d9%82%d9%88%d9%85-%d8%a7%d9%84%d8%aa%d8%b1%d9%83%d9%8a%d8%a9-%d8%a8%d9%86%d9%83%d9%87%d8%a7%d8%aa-%d8%a7%d9%84%d9%81%d9%88%d8%a7%d9%83%d9%87-%d9%88\/","title":{"rendered":"Turkisk hals Raha med frukt-, jordn\u00f6ts- och kokossmak 300g"},"content":{"rendered":"<p><strong>En blandning av naturliga smaker som kombinerar f\u00e4rsk frukt och jordn\u00f6tscrunch med en antydan till tropisk kokosn\u00f6t!<\/strong><\/p>\n<p>Njut av en unik smakupplevelse med den h\u00e4rligt fruktiga Turkish Throat Relief, f\u00f6rpackad i fylliga kokosflingor f\u00f6r en perfekt balans mellan mjuk konsistens och unik smak. De sm\u00e4lter i munnen, medan rostade jordn\u00f6tter ger en krispig konsistens som lyfter smakupplevelsen till en ny niv\u00e5. Tillverkade enligt b\u00e4sta turkiska tradition med de finaste naturliga ingredienserna.<\/p>\n<h4><strong>Produktinformation:<\/strong><\/h4>\n<ul>\n<li><strong>Ingredienser:<\/strong> Naturliga fruktaromer, rostade jordn\u00f6tter, kokosn\u00f6t, socker, st\u00e4rkelse.<\/li>\n<li><strong>Vikt:<\/strong> 300 gram.<\/li>\n<li><strong>Jag v\u00e4xte upp:<\/strong> En \u00e4kta turkisk industri, tillagad enligt traditionella metoder f\u00f6r att s\u00e4kerst\u00e4lla kvalitet och autentisk smak.<\/li>\n<li><strong>Texturer:<\/strong> Mjuka och sega med en rik krispighet och uppfriskande fruktig smak.<\/li>\n<li><strong>Anv\u00e4nds:<\/strong> Perfekt f\u00f6r olika tillf\u00e4llen, som en speciell present eller som en l\u00e4tt dessert till kaffe eller te.<\/li>\n<\/ul>\n<h4><strong>Turkiska halsst\u00f6d funktioner:<\/strong><\/h4>\n<p>\u2714 <strong>Naturliga fruktsmaker<\/strong> - En perfekt harmoni mellan den rika fruktiga smaken och den l\u00e4ckra k\u00e4nslan av kokosn\u00f6t.<br \/>\n\u2714 <strong>Tillverkad med naturliga ingredienser<\/strong> - Fri fr\u00e5n artificiella f\u00e4rg\u00e4mnen och konserveringsmedel.<br \/>\n\u2714 <strong>Erfarenhet av lyxig g\u00e4stfrihet<\/strong> - Den ger dig en traditionell orientalisk touch f\u00f6r alla tillf\u00e4llen.<\/p>\n<h4><strong>Instruktioner f\u00f6r memorering:<\/strong><\/h4>\n<p>F\u00f6rvara produkten svalt, torrt och skyddat fr\u00e5n direkt solljus f\u00f6r att s\u00e4kerst\u00e4lla att den beh\u00e5ller sin mjuka konsistens och ursprungliga smak.<\/p>\n<p><strong>Njut av s\u00f6tman i den traditionella turkiska g\u00e4stfriheten med smaker av frukt, jordn\u00f6tter och kokosn\u00f6t!<\/strong><br \/>\n\ud83d\udce6 <strong>Best\u00e4ll den nu fr\u00e5n v\u00e5r onlinebutik och njut av en of\u00f6rgl\u00f6mlig smakupplevelse!<\/strong><\/p>","protected":false},"excerpt":{"rendered":"<p><strong>En blandning av naturliga smaker som kombinerar f\u00e4rsk frukt och jordn\u00f6tscrunch med en touch av tropisk kokosn\u00f6t i den turkiska smakens komfort.<\/strong><\/p>","protected":false},"featured_media":46446,"template":"","meta":[],"product_brand":[],"product_cat":[299],"product_tag":[],"class_list":{"0":"post-46445","1":"product","2":"type-product","3":"status-publish","4":"has-post-thumbnail","6":"product_cat-299","8":"first","9":"outofstock","10":"taxable","11":"shipping-taxable","12":"purchasable","13":"product-type-simple"},"_links":{"self":[{"href":"https:\/\/senabel.com\/sv\/wp-json\/wp\/v2\/product\/46445","targetHints":{"allow":["GET"]}}],"collection":[{"href":"https:\/\/senabel.com\/sv\/wp-json\/wp\/v2\/product"}],"about":[{"href":"https:\/\/senabel.com\/sv\/wp-json\/wp\/v2\/types\/product"}],"version-history":[{"count":1,"href":"https:\/\/senabel.com\/sv\/wp-json\/wp\/v2\/product\/46445\/revisions"}],"predecessor-version":[{"id":46447,"href":"https:\/\/senabel.com\/sv\/wp-json\/wp\/v2\/product\/46445\/revisions\/46447"}],"wp:featuredmedia":[{"embeddable":true,"href":"https:\/\/senabel.com\/sv\/wp-json\/wp\/v2\/media\/46446"}],"wp:attachment":[{"href":"https:\/\/senabel.com\/sv\/wp-json\/wp\/v2\/media?parent=46445"}],"wp:term":[{"taxonomy":"product_brand","embeddable":true,"href":"https:\/\/senabel.com\/sv\/wp-json\/wp\/v2\/product_brand?post=46445"},{"taxonomy":"product_cat","embeddable":true,"href":"https:\/\/senabel.com\/sv\/wp-json\/wp\/v2\/product_cat?post=46445"},{"taxonomy":"product_tag","embeddable":true,"href":"https:\/\/senabel.com\/sv\/wp-json\/wp\/v2\/product_tag?post=46445"}],"curies":[{"name":"wp","href":"https:\/\/api.w.org\/{rel}","templated":true}]}}