{"id":46408,"date":"2025-01-27T15:16:46","date_gmt":"2025-01-27T15:16:46","guid":{"rendered":"https:\/\/senabel.com\/?post_type=product&#038;p=46408"},"modified":"2025-08-31T09:22:52","modified_gmt":"2025-08-31T09:22:52","slug":"dadel-fyllda-maamoul-tishub-minnen-24-stycken","status":"publish","type":"product","link":"https:\/\/senabel.com\/sv\/product\/%d9%85%d8%b9%d9%85%d9%88%d9%84-%d8%a8%d8%a7%d9%84%d8%aa%d9%85%d8%b1-%d8%b0%d9%83%d8%b1%d9%8a%d8%a7%d8%aa-%d8%aa%d9%8a%d8%b4%d9%88%d8%a8-24-%d9%82%d8%b7%d8%b9%d8%a9\/","title":{"rendered":"Dadelbiskvier - Minnen av tekopp - 24 stycken"},"content":{"rendered":"<p>Njut av en smak av excellens med <strong>Minnenas fabrik<\/strong> Denna maamoul fr\u00e5n Teshub har en fyllning av de finaste f\u00e4rska dadlarna som lindats in i en mjuk gyllene pasta.<\/p>\n<p><strong>Produktinformation:<\/strong><\/p>\n<ul>\n<li><strong>Fr\u00e5ga:<\/strong> Inneh\u00e5ller 12 stycken.<\/li>\n<li><strong>Ingredienser:<\/strong> Knaprig deg och en fyllig fyllning av de finaste naturliga dadlarna.<\/li>\n<li><strong>Anv\u00e4nds:<\/strong> Perfekt f\u00f6r vardagsunderh\u00e5llning eller som ett perfekt mellanm\u00e5l.<\/li>\n<\/ul>\n<p><strong>Produktf\u00f6rdelar:<\/strong><\/p>\n<ul>\n<li>En naturlig energik\u00e4lla tack vare de n\u00e4ringsrika dadlarna.<\/li>\n<li>Fr\u00e4mjar matsm\u00e4ltningen tack vare de naturliga fibrer som finns i dadlar.<\/li>\n<li>Utan konserveringsmedel, f\u00f6r en ren och \u00e4kta smak.<\/li>\n<\/ul>\n<p><strong>Produktens egenskaper:<\/strong><\/p>\n<ul>\n<li>Mjuk deg och en l\u00e4cker dadelfyllning ger en perfekt smakbalans.<\/li>\n<li>Perfekt att servera tillsammans med arabiskt kaffe eller te vid speciella tillf\u00e4llen.<\/li>\n<li>Omsorgsfullt f\u00f6rpackade f\u00f6r att s\u00e4kerst\u00e4lla f\u00e4rskhet och kvalitet i varje bit.<\/li>\n<\/ul>\n<p><strong>F\u00f6rvaringsanvisningar:<\/strong><\/p>\n<ul>\n<li>F\u00f6rvara p\u00e5 en sval, torr plats, skyddad fr\u00e5n direkt solljus f\u00f6r att bevara kvaliteten.<\/li>\n<\/ul>\n<p><strong>Teshub Minnen Maamoul<\/strong> Den perfekta f\u00f6ljeslagaren f\u00f6r varje tillf\u00e4lle och erbjuder g\u00e4stfrihet som \u00e5terspeglar god smak och kvalitet. K\u00f6p den nu i v\u00e5r onlinebutik!<\/p>","protected":false},"excerpt":{"rendered":"<p>Njut av en smak av excellens med <strong>Minnenas fabrik<\/strong> Denna maamoul fr\u00e5n Teshub har en fyllning av de finaste f\u00e4rska dadlarna som lindats in i en mjuk gyllene pasta.<\/p>","protected":false},"featured_media":46409,"template":"","meta":[],"product_brand":[],"product_cat":[309,221,347],"product_tag":[],"class_list":{"0":"post-46408","1":"product","2":"type-product","3":"status-publish","4":"has-post-thumbnail","6":"product_cat-309","7":"product_cat-221","8":"product_cat-347","10":"first","11":"outofstock","12":"taxable","13":"shipping-taxable","14":"purchasable","15":"product-type-simple"},"_links":{"self":[{"href":"https:\/\/senabel.com\/sv\/wp-json\/wp\/v2\/product\/46408","targetHints":{"allow":["GET"]}}],"collection":[{"href":"https:\/\/senabel.com\/sv\/wp-json\/wp\/v2\/product"}],"about":[{"href":"https:\/\/senabel.com\/sv\/wp-json\/wp\/v2\/types\/product"}],"version-history":[{"count":5,"href":"https:\/\/senabel.com\/sv\/wp-json\/wp\/v2\/product\/46408\/revisions"}],"predecessor-version":[{"id":54890,"href":"https:\/\/senabel.com\/sv\/wp-json\/wp\/v2\/product\/46408\/revisions\/54890"}],"wp:featuredmedia":[{"embeddable":true,"href":"https:\/\/senabel.com\/sv\/wp-json\/wp\/v2\/media\/46409"}],"wp:attachment":[{"href":"https:\/\/senabel.com\/sv\/wp-json\/wp\/v2\/media?parent=46408"}],"wp:term":[{"taxonomy":"product_brand","embeddable":true,"href":"https:\/\/senabel.com\/sv\/wp-json\/wp\/v2\/product_brand?post=46408"},{"taxonomy":"product_cat","embeddable":true,"href":"https:\/\/senabel.com\/sv\/wp-json\/wp\/v2\/product_cat?post=46408"},{"taxonomy":"product_tag","embeddable":true,"href":"https:\/\/senabel.com\/sv\/wp-json\/wp\/v2\/product_tag?post=46408"}],"curies":[{"name":"wp","href":"https:\/\/api.w.org\/{rel}","templated":true}]}}