{"id":46387,"date":"2025-01-27T14:49:39","date_gmt":"2025-01-27T14:49:39","guid":{"rendered":"https:\/\/senabel.com\/?post_type=product&#038;p=46387"},"modified":"2025-03-26T16:42:50","modified_gmt":"2025-03-26T16:42:50","slug":"socker-dadlar-1000g","status":"publish","type":"product","link":"https:\/\/senabel.com\/sv\/product\/%d8%aa%d9%85%d8%b1-%d8%b1%d8%b7%d8%a8-%d8%b3%d9%83%d8%b1%d9%8a-1000%d8%ba\/","title":{"rendered":"Socker Dadlar 1000g"},"content":{"rendered":"<p>Njut av en smak av lyx med <strong>Mjuka, sockriga dadlar<\/strong>Det perfekta valet f\u00f6r dig som \u00e4lskar fina dadlar. Dessa dadlar k\u00e4nnetecknas av sin saftiga konsistens och naturligt s\u00f6ta smak.<\/p>\n<p><strong>Produktinformation:<\/strong><\/p>\n<ul>\n<li><strong>Ingredienser:<\/strong> Naturliga sockerdadlar 100%.<\/li>\n<li><strong>Vikt:<\/strong> 1000 gram.<\/li>\n<li><strong>F\u00f6rpackning:<\/strong> En genomskinlig, luftt\u00e4t beh\u00e5llare f\u00f6r att bevara dadlarnas f\u00e4rskhet och kvalitet.<\/li>\n<\/ul>\n<p><strong>F\u00f6rdelar med sockerhaltiga v\u00e5ta dadlar:<\/strong><\/p>\n<ul>\n<li>En rik k\u00e4lla till naturliga fibrer som fr\u00e4mjar matsm\u00e4ltningen.<\/li>\n<li>Full av viktiga mineraler som kalium och magnesium.<\/li>\n<li>Ger kraft och energi tack vare sitt naturliga inneh\u00e5ll av nyttiga sockerarter.<\/li>\n<li>Bra f\u00f6r hj\u00e4rth\u00e4lsan och immunf\u00f6rsvaret.<\/li>\n<\/ul>\n<p><strong>Produktens egenskaper:<\/strong><\/p>\n<ul>\n<li>En naturligt sockrig smak som passar alla smaker.<\/li>\n<li>En saftig konsistens som sm\u00e4lter i munnen, vilket g\u00f6r den perfekt att servera eller avnjuta som mellanm\u00e5l.<\/li>\n<li>H\u00f6g kvalitet tack vare urvalet av de b\u00e4sta sockerdatumen.<\/li>\n<\/ul>\n<p><strong>F\u00f6rvaringsanvisningar:<\/strong><\/p>\n<ul>\n<li>F\u00f6rvara p\u00e5 en sval, torr plats, skyddad fr\u00e5n direkt solljus f\u00f6r att bibeh\u00e5lla f\u00e4rskhet och kvalitet.<\/li>\n<\/ul>\n<p>G\u00f6r varje \u00f6gonblick speciellt med <strong>Mjuka, sockriga dadlar<\/strong> - Autentisk smak och h\u00f6g kvalitet i ett och samma paket! Boka den nu via v\u00e5r webbutik!<\/p>","protected":false},"excerpt":{"rendered":"<p>Njut av en smak av lyx med <strong>Mjuka, sockriga dadlar<\/strong>Det perfekta valet f\u00f6r dig som \u00e4lskar fina dadlar. Dessa dadlar k\u00e4nnetecknas av sin saftiga konsistens och naturligt s\u00f6ta smak.<\/p>","protected":false},"featured_media":46388,"template":"","meta":[],"product_brand":[],"product_cat":[309,347],"product_tag":[],"class_list":{"0":"post-46387","1":"product","2":"type-product","3":"status-publish","4":"has-post-thumbnail","6":"product_cat-309","7":"product_cat-347","9":"first","10":"outofstock","11":"taxable","12":"shipping-taxable","13":"purchasable","14":"product-type-simple"},"_links":{"self":[{"href":"https:\/\/senabel.com\/sv\/wp-json\/wp\/v2\/product\/46387","targetHints":{"allow":["GET"]}}],"collection":[{"href":"https:\/\/senabel.com\/sv\/wp-json\/wp\/v2\/product"}],"about":[{"href":"https:\/\/senabel.com\/sv\/wp-json\/wp\/v2\/types\/product"}],"version-history":[{"count":1,"href":"https:\/\/senabel.com\/sv\/wp-json\/wp\/v2\/product\/46387\/revisions"}],"predecessor-version":[{"id":46391,"href":"https:\/\/senabel.com\/sv\/wp-json\/wp\/v2\/product\/46387\/revisions\/46391"}],"wp:featuredmedia":[{"embeddable":true,"href":"https:\/\/senabel.com\/sv\/wp-json\/wp\/v2\/media\/46388"}],"wp:attachment":[{"href":"https:\/\/senabel.com\/sv\/wp-json\/wp\/v2\/media?parent=46387"}],"wp:term":[{"taxonomy":"product_brand","embeddable":true,"href":"https:\/\/senabel.com\/sv\/wp-json\/wp\/v2\/product_brand?post=46387"},{"taxonomy":"product_cat","embeddable":true,"href":"https:\/\/senabel.com\/sv\/wp-json\/wp\/v2\/product_cat?post=46387"},{"taxonomy":"product_tag","embeddable":true,"href":"https:\/\/senabel.com\/sv\/wp-json\/wp\/v2\/product_tag?post=46387"}],"curies":[{"name":"wp","href":"https:\/\/api.w.org\/{rel}","templated":true}]}}