{"id":46379,"date":"2025-01-27T12:41:43","date_gmt":"2025-01-27T12:41:43","guid":{"rendered":"https:\/\/senabel.com\/?post_type=product&#038;p=46379"},"modified":"2026-04-15T11:25:00","modified_gmt":"2026-04-15T11:25:00","slug":"ursprungligt-mjolkko-fett-800","status":"publish","type":"product","link":"https:\/\/senabel.com\/sv\/product\/%d8%b3%d9%85%d9%86%d8%a9-%d8%a7%d9%84%d8%a8%d9%82%d8%b1%d8%a9-%d8%a7%d9%84%d8%ad%d9%84%d9%88%d8%a8-%d8%a7%d9%84%d8%a3%d8%b5%d9%84%d9%8a%d8%a9-800\/","title":{"rendered":"Original Dairy Cow Ghee 800g"},"content":{"rendered":"<p>Njut av en lyxig kulinarisk upplevelse med 800 g \u00e4kta holl\u00e4ndsk ghee fr\u00e5n mj\u00f6lkkor, som kombinerar kvalitet och rik smak f\u00f6r att ge en distinkt touch till dina r\u00e4tter.<\/p>\n<p>Ghee fr\u00e5n mj\u00f6lkkor har en delikat smak och len konsistens, vilket g\u00f6r den till ett m\u00e5ste i ditt k\u00f6k. Den \u00e4r perfekt f\u00f6r dig som \u00e4lskar orientalisk matlagning och desserter.<\/p>\n<p><strong>Produktinformation:<\/strong><\/p>\n<ul>\n<li><strong>Ingredienser:<\/strong> Komj\u00f6lksfett p\u00e5 minst 99,8%, med en vattenhalt p\u00e5 h\u00f6gst 0,2%, naturlig smak.<\/li>\n<li><strong>Nettovikt:<\/strong> 800 gram.<\/li>\n<li><strong>Ursprung:<\/strong> Nederl\u00e4nderna.<\/li>\n<\/ul>\n<p><strong>Funktioner av fetma hos mj\u00f6lkkor:<\/strong><\/p>\n<ul>\n<li><strong>H\u00f6g kvalitet:<\/strong> Tillverkad av ren komj\u00f6lksgr\u00e4dde, vilket ger en rik smak och len konsistens.<\/li>\n<li><strong>M\u00e5ngsidig:<\/strong> Den \u00e4r idealisk f\u00f6r desserter och orientaliska r\u00e4tter och ger en uts\u00f6kt arom och kr\u00e4mig konsistens till deg och fyllningar.<\/li>\n<li><strong>Rik p\u00e5 vitaminer:<\/strong> De inneh\u00e5ller vitaminerna A, D, K och E, vilket h\u00f6jer n\u00e4ringsv\u00e4rdet i dina r\u00e4tter.<\/li>\n<\/ul>\n<p><strong>F\u00f6rvaringsanvisningar:<\/strong> F\u00f6rvara p\u00e5 en sval och torr plats, utom direkt solljus, f\u00f6r att bevara kvalitet och smak.<\/p>\n<p>L\u00e4gg till en touch av lyx i ditt k\u00f6k med \u00e4kta Dutch Dairy Cow Ghee och g\u00f6r varje m\u00e5ltid till en of\u00f6rgl\u00f6mlig upplevelse.<\/p>","protected":false},"excerpt":{"rendered":"<p>Njut av en lyxig kulinarisk upplevelse med 800 g \u00e4kta holl\u00e4ndsk ghee fr\u00e5n mj\u00f6lkkor, som kombinerar kvalitet och rik smak f\u00f6r att ge en distinkt touch till dina r\u00e4tter.<\/p>","protected":false},"featured_media":46381,"template":"","meta":[],"product_brand":[],"product_cat":[344,347],"product_tag":[],"class_list":{"0":"post-46379","1":"product","2":"type-product","3":"status-publish","4":"has-post-thumbnail","6":"product_cat-344","7":"product_cat-347","9":"first","10":"instock","11":"taxable","12":"shipping-taxable","13":"purchasable","14":"product-type-simple"},"_links":{"self":[{"href":"https:\/\/senabel.com\/sv\/wp-json\/wp\/v2\/product\/46379","targetHints":{"allow":["GET"]}}],"collection":[{"href":"https:\/\/senabel.com\/sv\/wp-json\/wp\/v2\/product"}],"about":[{"href":"https:\/\/senabel.com\/sv\/wp-json\/wp\/v2\/types\/product"}],"version-history":[{"count":3,"href":"https:\/\/senabel.com\/sv\/wp-json\/wp\/v2\/product\/46379\/revisions"}],"predecessor-version":[{"id":56441,"href":"https:\/\/senabel.com\/sv\/wp-json\/wp\/v2\/product\/46379\/revisions\/56441"}],"wp:featuredmedia":[{"embeddable":true,"href":"https:\/\/senabel.com\/sv\/wp-json\/wp\/v2\/media\/46381"}],"wp:attachment":[{"href":"https:\/\/senabel.com\/sv\/wp-json\/wp\/v2\/media?parent=46379"}],"wp:term":[{"taxonomy":"product_brand","embeddable":true,"href":"https:\/\/senabel.com\/sv\/wp-json\/wp\/v2\/product_brand?post=46379"},{"taxonomy":"product_cat","embeddable":true,"href":"https:\/\/senabel.com\/sv\/wp-json\/wp\/v2\/product_cat?post=46379"},{"taxonomy":"product_tag","embeddable":true,"href":"https:\/\/senabel.com\/sv\/wp-json\/wp\/v2\/product_tag?post=46379"}],"curies":[{"name":"wp","href":"https:\/\/api.w.org\/{rel}","templated":true}]}}