{"id":46300,"date":"2025-01-25T11:55:56","date_gmt":"2025-01-25T11:55:56","guid":{"rendered":"https:\/\/senabel.com\/?post_type=product&#038;p=46300"},"modified":"2025-06-02T23:58:06","modified_gmt":"2025-06-02T23:58:06","slug":"anis-fran-parfymoren","status":"publish","type":"product","link":"https:\/\/senabel.com\/sv\/product\/%d9%8a%d8%a7%d9%86%d8%b3%d9%88%d9%86-%d9%85%d9%86-%d8%a7%d9%84%d8%b9%d8%b7%d8%a7%d8%b1\/","title":{"rendered":"Anis - fr\u00e5n Attar"},"content":{"rendered":"<p>Uppt\u00e4ck f\u00f6rdelarna och smaken <strong>Jansson Al Attar<\/strong> En naturlig produkt som kombinerar en distinkt smak med stora h\u00e4lsoeffekter. Denna produkt \u00e4r din perfekta f\u00f6ljeslagare i tider av avkoppling och komfort.<\/p>\n<p><strong>Produktinformation:<\/strong><\/p>\n<ul>\n<li><strong>Ingredienser:<\/strong> 100% Naturlig anis.<\/li>\n<li><strong>Anv\u00e4nds:<\/strong> En lugnande varm dryck som f\u00f6rb\u00e4ttrar matsm\u00e4ltningen och ger avslappning.<\/li>\n<li><strong>F\u00f6rdelar:<\/strong>\n<ul>\n<li>Hj\u00e4lper till att lugna matsm\u00e4ltningssystemet och lindra gaser.<\/li>\n<li>F\u00f6rb\u00e4ttrar s\u00f6mnkvaliteten och minskar stress.<\/li>\n<li>Fr\u00e4mjar h\u00e4lsan i andningsv\u00e4garna och lindrar f\u00f6rkylningssymtom.<\/li>\n<\/ul>\n<\/li>\n<\/ul>\n<p><strong>Produktens egenskaper:<\/strong><\/p>\n<ul>\n<li>Naturlig originalsmak.<\/li>\n<li>Garanterad kvalitet f\u00f6r bekv\u00e4m daglig anv\u00e4ndning.<\/li>\n<li>En perfekt dryck f\u00f6r den som s\u00f6ker avkoppling och klarhet i sinnet.<\/li>\n<\/ul>","protected":false},"excerpt":{"rendered":"<p>Uppt\u00e4ck f\u00f6rdelarna och smaken <strong>Jansson Al Attar<\/strong> En naturlig produkt som kombinerar en distinkt smak med stora h\u00e4lsoeffekter. Denna produkt \u00e4r din perfekta f\u00f6ljeslagare i tider av avkoppling och komfort.<\/p>","protected":false},"featured_media":46301,"template":"","meta":[],"product_brand":[],"product_cat":[327,347],"product_tag":[],"class_list":{"0":"post-46300","1":"product","2":"type-product","3":"status-publish","4":"has-post-thumbnail","6":"product_cat-327","7":"product_cat-347","9":"first","10":"outofstock","11":"taxable","12":"shipping-taxable","13":"purchasable","14":"product-type-simple"},"_links":{"self":[{"href":"https:\/\/senabel.com\/sv\/wp-json\/wp\/v2\/product\/46300","targetHints":{"allow":["GET"]}}],"collection":[{"href":"https:\/\/senabel.com\/sv\/wp-json\/wp\/v2\/product"}],"about":[{"href":"https:\/\/senabel.com\/sv\/wp-json\/wp\/v2\/types\/product"}],"version-history":[{"count":2,"href":"https:\/\/senabel.com\/sv\/wp-json\/wp\/v2\/product\/46300\/revisions"}],"predecessor-version":[{"id":47226,"href":"https:\/\/senabel.com\/sv\/wp-json\/wp\/v2\/product\/46300\/revisions\/47226"}],"wp:featuredmedia":[{"embeddable":true,"href":"https:\/\/senabel.com\/sv\/wp-json\/wp\/v2\/media\/46301"}],"wp:attachment":[{"href":"https:\/\/senabel.com\/sv\/wp-json\/wp\/v2\/media?parent=46300"}],"wp:term":[{"taxonomy":"product_brand","embeddable":true,"href":"https:\/\/senabel.com\/sv\/wp-json\/wp\/v2\/product_brand?post=46300"},{"taxonomy":"product_cat","embeddable":true,"href":"https:\/\/senabel.com\/sv\/wp-json\/wp\/v2\/product_cat?post=46300"},{"taxonomy":"product_tag","embeddable":true,"href":"https:\/\/senabel.com\/sv\/wp-json\/wp\/v2\/product_tag?post=46300"}],"curies":[{"name":"wp","href":"https:\/\/api.w.org\/{rel}","templated":true}]}}