{"id":46294,"date":"2025-01-25T11:53:15","date_gmt":"2025-01-25T11:53:15","guid":{"rendered":"https:\/\/senabel.com\/?post_type=product&#038;p=46294"},"modified":"2025-06-28T11:08:01","modified_gmt":"2025-06-28T11:08:01","slug":"kanel-fran-en-apotekare","status":"publish","type":"product","link":"https:\/\/senabel.com\/sv\/product\/%d9%82%d8%b1%d9%81%d8%a9-%d9%85%d9%86-%d8%a7%d9%84%d8%b9%d8%b7%d8%a7%d8%b1\/","title":{"rendered":"Kanel - fr\u00e5n Attar"},"content":{"rendered":"<p>Njut av den varma smaken och doften av kanel med <strong>Kanelprodukt fr\u00e5n Attar<\/strong>Tillverkad av den finaste naturliga kanelen.<\/p>\n<p><strong>Produktinformation:<\/strong><\/p>\n<ul>\n<li><strong>Ingredienser:<\/strong> 100% Naturlig kanel.<\/li>\n<\/ul>\n<p>&nbsp;<\/p>\n<ul>\n<li><strong>F\u00f6rdelar:<\/strong>\n<ul>\n<li>Fr\u00e4mjar blodcirkulationen och st\u00f6der hj\u00e4rth\u00e4lsan.<\/li>\n<li>Hj\u00e4lper till att reglera blodsockerniv\u00e5n.<\/li>\n<li>St\u00e4rker immunf\u00f6rsvaret och bek\u00e4mpar infektioner.<\/li>\n<\/ul>\n<\/li>\n<\/ul>\n<p><strong>Produktens egenskaper:<\/strong><\/p>\n<ul>\n<li>H\u00f6g kvalitet och autentisk smak.<\/li>\n<li>Perfekt f\u00f6r daglig anv\u00e4ndning som varm dryck.<\/li>\n<li>F\u00f6rh\u00f6jer smaken i alla recept p\u00e5 ett distinkt s\u00e4tt.<\/li>\n<\/ul>","protected":false},"excerpt":{"rendered":"<p>Njut av den varma smaken och doften av kanel med <strong>Kanelprodukt fr\u00e5n Attar<\/strong>Tillverkad av den finaste naturliga kanelen.<\/p>","protected":false},"featured_media":46295,"template":"","meta":[],"product_brand":[],"product_cat":[327,347],"product_tag":[],"class_list":{"0":"post-46294","1":"product","2":"type-product","3":"status-publish","4":"has-post-thumbnail","6":"product_cat-327","7":"product_cat-347","9":"first","10":"outofstock","11":"taxable","12":"shipping-taxable","13":"purchasable","14":"product-type-simple"},"_links":{"self":[{"href":"https:\/\/senabel.com\/sv\/wp-json\/wp\/v2\/product\/46294","targetHints":{"allow":["GET"]}}],"collection":[{"href":"https:\/\/senabel.com\/sv\/wp-json\/wp\/v2\/product"}],"about":[{"href":"https:\/\/senabel.com\/sv\/wp-json\/wp\/v2\/types\/product"}],"version-history":[{"count":2,"href":"https:\/\/senabel.com\/sv\/wp-json\/wp\/v2\/product\/46294\/revisions"}],"predecessor-version":[{"id":46299,"href":"https:\/\/senabel.com\/sv\/wp-json\/wp\/v2\/product\/46294\/revisions\/46299"}],"wp:featuredmedia":[{"embeddable":true,"href":"https:\/\/senabel.com\/sv\/wp-json\/wp\/v2\/media\/46295"}],"wp:attachment":[{"href":"https:\/\/senabel.com\/sv\/wp-json\/wp\/v2\/media?parent=46294"}],"wp:term":[{"taxonomy":"product_brand","embeddable":true,"href":"https:\/\/senabel.com\/sv\/wp-json\/wp\/v2\/product_brand?post=46294"},{"taxonomy":"product_cat","embeddable":true,"href":"https:\/\/senabel.com\/sv\/wp-json\/wp\/v2\/product_cat?post=46294"},{"taxonomy":"product_tag","embeddable":true,"href":"https:\/\/senabel.com\/sv\/wp-json\/wp\/v2\/product_tag?post=46294"}],"curies":[{"name":"wp","href":"https:\/\/api.w.org\/{rel}","templated":true}]}}