{"id":46288,"date":"2025-01-25T11:49:52","date_gmt":"2025-01-25T11:49:52","guid":{"rendered":"https:\/\/senabel.com\/?post_type=product&#038;p=46288"},"modified":"2025-04-02T11:55:45","modified_gmt":"2025-04-02T11:55:45","slug":"saffransgront-te-fran-attar","status":"publish","type":"product","link":"https:\/\/senabel.com\/sv\/product\/%d8%b4%d8%a7%d9%8a-%d8%a3%d8%ae%d8%b6%d8%b1-%d8%a8%d8%a7%d9%84%d8%b2%d8%b9%d9%81%d8%b1%d8%a7%d9%86-%d9%85%d9%86-%d8%a7%d9%84%d8%b9%d8%b7%d8%a7%d8%b1\/","title":{"rendered":"Saffran gr\u00f6nt te - fr\u00e5n Attar"},"content":{"rendered":"<p>Kombinera smak och h\u00e4lsof\u00f6rdelar med <strong>Saffran gr\u00f6nt te<\/strong> Fr\u00e5n Attar. En v\u00e4lbalanserad blandning av ren smak av gr\u00f6nt te och en touch av lyxig saffran g\u00f6r denna produkt till det perfekta valet f\u00f6r te\u00e4lskare.<\/p>\n<p><strong>Produktinformation:<\/strong><\/p>\n<ul>\n<li><strong>Ingredienser:<\/strong> Rent gr\u00f6nt te med en touch av naturlig saffran.<\/li>\n<li><strong>Anv\u00e4nds:<\/strong> Drick varm eller kall f\u00f6r att \u00f6ka den dagliga energin.<\/li>\n<li><strong>F\u00f6rdelar:<\/strong>\n<ul>\n<li>Rik p\u00e5 antioxidanter som skyddar kroppen fr\u00e5n skador som orsakas av fria radikaler.<\/li>\n<li>Fr\u00e4mjar matsm\u00e4ltningen och f\u00f6rb\u00e4ttrar matsm\u00e4ltningsfunktionen.<\/li>\n<li>Fr\u00e4mjar hj\u00e4rth\u00e4lsan och \u00f6kar livskraften och vitaliteten.<\/li>\n<\/ul>\n<\/li>\n<\/ul>\n<p><strong>Produktens egenskaper:<\/strong><\/p>\n<ul>\n<li>En lyxig blandning med en distinkt smak.<\/li>\n<li>Perfekt f\u00f6r dig som vill ha en exklusiv och h\u00e4lsosam teupplevelse.<\/li>\n<li>L\u00e4mplig f\u00f6r konsumtion n\u00e4r som helst p\u00e5 dygnet.<\/li>\n<\/ul>","protected":false},"excerpt":{"rendered":"<p>Kombinera smak och h\u00e4lsof\u00f6rdelar med <strong>Saffran gr\u00f6nt te<\/strong> Fr\u00e5n Attar. En v\u00e4lbalanserad blandning av ren smak av gr\u00f6nt te och en touch av lyxig saffran g\u00f6r denna produkt till det perfekta valet f\u00f6r te\u00e4lskare.<\/p>","protected":false},"featured_media":46289,"template":"","meta":[],"product_brand":[],"product_cat":[327,347],"product_tag":[],"class_list":{"0":"post-46288","1":"product","2":"type-product","3":"status-publish","4":"has-post-thumbnail","6":"product_cat-327","7":"product_cat-347","9":"first","10":"outofstock","11":"taxable","12":"shipping-taxable","13":"purchasable","14":"product-type-simple"},"_links":{"self":[{"href":"https:\/\/senabel.com\/sv\/wp-json\/wp\/v2\/product\/46288","targetHints":{"allow":["GET"]}}],"collection":[{"href":"https:\/\/senabel.com\/sv\/wp-json\/wp\/v2\/product"}],"about":[{"href":"https:\/\/senabel.com\/sv\/wp-json\/wp\/v2\/types\/product"}],"version-history":[{"count":2,"href":"https:\/\/senabel.com\/sv\/wp-json\/wp\/v2\/product\/46288\/revisions"}],"predecessor-version":[{"id":46293,"href":"https:\/\/senabel.com\/sv\/wp-json\/wp\/v2\/product\/46288\/revisions\/46293"}],"wp:featuredmedia":[{"embeddable":true,"href":"https:\/\/senabel.com\/sv\/wp-json\/wp\/v2\/media\/46289"}],"wp:attachment":[{"href":"https:\/\/senabel.com\/sv\/wp-json\/wp\/v2\/media?parent=46288"}],"wp:term":[{"taxonomy":"product_brand","embeddable":true,"href":"https:\/\/senabel.com\/sv\/wp-json\/wp\/v2\/product_brand?post=46288"},{"taxonomy":"product_cat","embeddable":true,"href":"https:\/\/senabel.com\/sv\/wp-json\/wp\/v2\/product_cat?post=46288"},{"taxonomy":"product_tag","embeddable":true,"href":"https:\/\/senabel.com\/sv\/wp-json\/wp\/v2\/product_tag?post=46288"}],"curies":[{"name":"wp","href":"https:\/\/api.w.org\/{rel}","templated":true}]}}