{"id":46282,"date":"2025-01-25T11:46:01","date_gmt":"2025-01-25T11:46:01","guid":{"rendered":"https:\/\/senabel.com\/?post_type=product&#038;p=46282"},"modified":"2025-07-08T00:53:00","modified_gmt":"2025-07-08T00:53:00","slug":"libanesiska-blommor-fran-attar","status":"publish","type":"product","link":"https:\/\/senabel.com\/sv\/product\/%d8%b2%d9%87%d9%88%d8%b1%d8%a7%d8%aa-%d9%84%d8%a8%d9%86%d8%a7%d9%86%d9%8a%d8%a9-%d9%85%d9%86-%d8%a7%d9%84%d8%b9%d8%b7%d8%a7%d8%b1\/","title":{"rendered":"Blommor - fr\u00e5n Attar"},"content":{"rendered":"<p>Sk\u00e4m bort dina sinnen med en uppslukande upplevelse med <strong>Libanesiska blommor<\/strong> Fr\u00e5n apoteket. Denna unika blandning av naturliga \u00f6rter kombinerar en autentisk orientalisk smak med bevisade h\u00e4lsof\u00f6rdelar.<\/p>\n<p><strong>Produktinformation:<\/strong><\/p>\n<ul>\n<li><strong>Ingredienser:<\/strong> En blandning av libanesiska \u00f6rter, bl.a. mynta, anis och kamomill.<\/li>\n<li><strong>Anv\u00e4nds:<\/strong> En daglig varm dryck f\u00f6r att slappna av i kroppen och rensa tankarna.<\/li>\n<li><strong>F\u00f6rdelar:<\/strong>\n<ul>\n<li>Tack vare sina naturliga ingredienser hj\u00e4lper den till att f\u00f6rb\u00e4ttra matsm\u00e4ltningen.<\/li>\n<li>Lugnar nerverna och lindrar stress.<\/li>\n<li>St\u00e4rker immunf\u00f6rsvaret och ger vitalitet.<\/li>\n<\/ul>\n<\/li>\n<\/ul>\n<p><strong>Produktens egenskaper:<\/strong><\/p>\n<ul>\n<li>En naturlig blandning rik p\u00e5 orientaliska smaker.<\/li>\n<li>H\u00f6g kvalitet garanterar b\u00e4sta m\u00f6jliga upplevelse med varje kopp.<\/li>\n<li>L\u00e4tt att tillaga och l\u00e4mplig f\u00f6r daglig anv\u00e4ndning.<\/li>\n<\/ul>","protected":false},"excerpt":{"rendered":"<p>Sk\u00e4m bort dina sinnen med en uppslukande upplevelse med <strong>Libanesiska blommor<\/strong> Fr\u00e5n parfym\u00f6ren.<\/p>","protected":false},"featured_media":46283,"template":"","meta":[],"product_brand":[],"product_cat":[327,347],"product_tag":[],"class_list":{"0":"post-46282","1":"product","2":"type-product","3":"status-publish","4":"has-post-thumbnail","6":"product_cat-327","7":"product_cat-347","9":"first","10":"outofstock","11":"taxable","12":"shipping-taxable","13":"purchasable","14":"product-type-simple"},"_links":{"self":[{"href":"https:\/\/senabel.com\/sv\/wp-json\/wp\/v2\/product\/46282","targetHints":{"allow":["GET"]}}],"collection":[{"href":"https:\/\/senabel.com\/sv\/wp-json\/wp\/v2\/product"}],"about":[{"href":"https:\/\/senabel.com\/sv\/wp-json\/wp\/v2\/types\/product"}],"version-history":[{"count":2,"href":"https:\/\/senabel.com\/sv\/wp-json\/wp\/v2\/product\/46282\/revisions"}],"predecessor-version":[{"id":47227,"href":"https:\/\/senabel.com\/sv\/wp-json\/wp\/v2\/product\/46282\/revisions\/47227"}],"wp:featuredmedia":[{"embeddable":true,"href":"https:\/\/senabel.com\/sv\/wp-json\/wp\/v2\/media\/46283"}],"wp:attachment":[{"href":"https:\/\/senabel.com\/sv\/wp-json\/wp\/v2\/media?parent=46282"}],"wp:term":[{"taxonomy":"product_brand","embeddable":true,"href":"https:\/\/senabel.com\/sv\/wp-json\/wp\/v2\/product_brand?post=46282"},{"taxonomy":"product_cat","embeddable":true,"href":"https:\/\/senabel.com\/sv\/wp-json\/wp\/v2\/product_cat?post=46282"},{"taxonomy":"product_tag","embeddable":true,"href":"https:\/\/senabel.com\/sv\/wp-json\/wp\/v2\/product_tag?post=46282"}],"curies":[{"name":"wp","href":"https:\/\/api.w.org\/{rel}","templated":true}]}}