{"id":46277,"date":"2025-01-25T11:43:18","date_gmt":"2025-01-25T11:43:18","guid":{"rendered":"https:\/\/senabel.com\/?post_type=product&#038;p=46277"},"modified":"2025-03-19T14:39:06","modified_gmt":"2025-03-19T14:39:06","slug":"kamomillblommor-fran-attar","status":"publish","type":"product","link":"https:\/\/senabel.com\/sv\/product\/%d8%a3%d8%b2%d9%87%d8%a7%d8%b1-%d8%a7%d9%84%d8%a8%d8%a7%d8%a8%d9%88%d9%86%d8%ac-%d9%85%d9%86-%d8%a7%d9%84%d8%b9%d8%b7%d8%a7%d8%b1\/","title":{"rendered":"Kamomillblommor - Fr\u00e5n Attar"},"content":{"rendered":"<p>Njut av naturens f\u00f6rdelar med <strong>Kamomillblommor<\/strong> Presenteras av Attar. Denna produkt \u00e4r tillverkad av torkad kamomill av finaste kvalitet, k\u00e4nd f\u00f6r sina m\u00e5nga h\u00e4lsof\u00f6rdelar och sin unika aromatiska smak. Kamomill \u00e4r det perfekta valet f\u00f6r dem som s\u00f6ker komfort och avkoppling, s\u00e4rskilt i slutet av en l\u00e5ng dag.<\/p>\n<p><strong>Produktinformation:<\/strong><\/p>\n<ul>\n<li><strong>Ingredienser:<\/strong> 100% Naturliga kamomillblommor.<\/li>\n<li><strong>Anv\u00e4nds:<\/strong> En perfekt varm dryck f\u00f6re s\u00e4ngg\u00e5endet f\u00f6r att lugna nerverna, f\u00f6rb\u00e4ttra s\u00f6mnkvaliteten eller i m\u00e5nga andra situationer.<\/li>\n<li><strong>F\u00f6rdelar:<\/strong>\n<ul>\n<li>Hj\u00e4lper till att f\u00f6rb\u00e4ttra s\u00f6mnkvaliteten tack vare sina lugnande egenskaper.<\/li>\n<li>Hj\u00e4lper till att lindra stress och \u00e5ngest.<\/li>\n<li>Fr\u00e4mjar matsm\u00e4ltningsh\u00e4lsan och lindrar kramper.<\/li>\n<\/ul>\n<\/li>\n<\/ul>\n<p><strong>Produktens egenskaper:<\/strong><\/p>\n<ul>\n<li>Naturlig och ren smak.<\/li>\n<li>Omsorgsfullt torkade blommor av h\u00f6gsta kvalitet.<\/li>\n<li>L\u00e4tt att f\u00f6rbereda f\u00f6r en signaturkopp p\u00e5 n\u00e5gra minuter.<\/li>\n<\/ul>","protected":false},"excerpt":{"rendered":"<p>Njut av naturens f\u00f6rdelar med <strong>Kamomillblommor<\/strong> Presenteras av Attar. Denna produkt \u00e4r tillverkad av torkad kamomill av finaste kvalitet, k\u00e4nd f\u00f6r sina m\u00e5nga h\u00e4lsof\u00f6rdelar och sin unika aromatiska smak. Kamomill \u00e4r det perfekta valet f\u00f6r dem som s\u00f6ker komfort och avkoppling, s\u00e4rskilt i slutet av en l\u00e5ng dag.<\/p>","protected":false},"featured_media":46278,"template":"","meta":[],"product_brand":[],"product_cat":[327,347],"product_tag":[],"class_list":{"0":"post-46277","1":"product","2":"type-product","3":"status-publish","4":"has-post-thumbnail","6":"product_cat-327","7":"product_cat-347","9":"first","10":"outofstock","11":"taxable","12":"shipping-taxable","13":"purchasable","14":"product-type-simple"},"_links":{"self":[{"href":"https:\/\/senabel.com\/sv\/wp-json\/wp\/v2\/product\/46277","targetHints":{"allow":["GET"]}}],"collection":[{"href":"https:\/\/senabel.com\/sv\/wp-json\/wp\/v2\/product"}],"about":[{"href":"https:\/\/senabel.com\/sv\/wp-json\/wp\/v2\/types\/product"}],"version-history":[{"count":1,"href":"https:\/\/senabel.com\/sv\/wp-json\/wp\/v2\/product\/46277\/revisions"}],"predecessor-version":[{"id":46281,"href":"https:\/\/senabel.com\/sv\/wp-json\/wp\/v2\/product\/46277\/revisions\/46281"}],"wp:featuredmedia":[{"embeddable":true,"href":"https:\/\/senabel.com\/sv\/wp-json\/wp\/v2\/media\/46278"}],"wp:attachment":[{"href":"https:\/\/senabel.com\/sv\/wp-json\/wp\/v2\/media?parent=46277"}],"wp:term":[{"taxonomy":"product_brand","embeddable":true,"href":"https:\/\/senabel.com\/sv\/wp-json\/wp\/v2\/product_brand?post=46277"},{"taxonomy":"product_cat","embeddable":true,"href":"https:\/\/senabel.com\/sv\/wp-json\/wp\/v2\/product_cat?post=46277"},{"taxonomy":"product_tag","embeddable":true,"href":"https:\/\/senabel.com\/sv\/wp-json\/wp\/v2\/product_tag?post=46277"}],"curies":[{"name":"wp","href":"https:\/\/api.w.org\/{rel}","templated":true}]}}