{"id":45518,"date":"2025-01-21T11:07:38","date_gmt":"2025-01-21T11:07:38","guid":{"rendered":"https:\/\/senabel.com\/?post_type=product&#038;p=45518"},"modified":"2025-11-17T10:58:00","modified_gmt":"2025-11-17T10:58:00","slug":"dubai-original-choklad-200g","status":"publish","type":"product","link":"https:\/\/senabel.com\/sv\/product\/%d8%b4%d9%88%d9%83%d9%88%d9%84%d8%a7%d8%aa%d8%a9-%d8%af%d8%a8%d9%8a-%d8%a7%d9%84%d8%a3%d8%b5%d9%84%d9%8a%d8%a9-200%d8%ba\/","title":{"rendered":"Dubai Original Choklad 200g"},"content":{"rendered":"<p>Njut av en unik upplevelse som kombinerar \u00f6sterl\u00e4ndska och v\u00e4sterl\u00e4ndska smaker med <strong>Dubai Choklad<\/strong> Tillverkad av de finaste ingredienserna. Dessa praliner k\u00e4nnetecknas av en modern touch och en distinkt design som \u00e5terspeglar sk\u00f6nhet och f\u00f6rfinad smak.<\/p>\n<p><strong>Dubai Chocolate k\u00e4nnetecknas av:<\/strong><\/p>\n<ul>\n<li><strong>Ingredienser av h\u00f6g kvalitet:<\/strong> Tillverkad med naturligt kakaosm\u00f6r, premiumkakao, mj\u00f6lkpulver och en touch av pistage f\u00f6r en distinkt orientalisk smak.<\/li>\n<li><strong>Rik och balanserad smak:<\/strong> Kombinerar lyxig s\u00f6tma med den rika krispigheten av pistage f\u00f6r en of\u00f6rgl\u00f6mlig upplevelse.<\/li>\n<li><strong>Trendig design:<\/strong> Omsorgsfullt f\u00f6rpackad i en f\u00e4rgglad ask, perfekt som present eller som ett komplement till dina dagliga sessioner.<\/li>\n<\/ul>\n<p><strong>Produktinformation:<\/strong><\/p>\n<ul>\n<li><strong>Vikt:<\/strong> 200 gram.<\/li>\n<li><strong>F\u00f6rpackning:<\/strong> En lyxig och attraktiv design som bevarar smak och kvalitet.<\/li>\n<li><strong>Ingredienser:<\/strong> Kakaosm\u00f6r, kakaopulver, mj\u00f6lkpulver, vanilj och pistagen\u00f6tter.<\/li>\n<\/ul>\n<p><strong>Anv\u00e4ndningsomr\u00e5den f\u00f6r Dubais choklad:<\/strong><\/p>\n<ul>\n<li><strong>F\u00f6r g\u00e4stfrihet:<\/strong> Perfekt f\u00f6r servering vid evenemang och familjesammankomster.<\/li>\n<li><strong>Som g\u00e5vor:<\/strong> En lyxig g\u00e5va som speglar en f\u00f6rfinad smak.<\/li>\n<li><strong>F\u00f6r speciella tider:<\/strong> Njut med ditt favoritkaffe eller som ett mellanm\u00e5l mellan m\u00e5ltiderna.<\/li>\n<\/ul>\n<p><strong>F\u00f6rvaringsanvisningar:<\/strong><\/p>\n<ul>\n<li>F\u00f6rvara p\u00e5 en sval, torr plats, skyddad fr\u00e5n solljus f\u00f6r att bevara kvaliteten.<\/li>\n<\/ul>\n<p><strong>Best\u00e4ll Dubai Chocolate nu fr\u00e5n v\u00e5r onlinebutik<\/strong>Njut av en \u00f6verd\u00e5dig smak som p\u00e5 ett kreativt s\u00e4tt f\u00f6renar \u00f6sterl\u00e4ndska och v\u00e4sterl\u00e4ndska smaker!<\/p>","protected":false},"excerpt":{"rendered":"<p>Njut av en unik upplevelse som kombinerar \u00f6sterl\u00e4ndska och v\u00e4sterl\u00e4ndska smaker med <strong>Dubai \u00e4kta choklad\u00a0<\/strong> Tillverkad av de finaste ingredienserna. Dessa praliner k\u00e4nnetecknas av en modern touch och en distinkt design som \u00e5terspeglar sk\u00f6nhet och f\u00f6rfinad smak.<\/p>","protected":false},"featured_media":45542,"template":"","meta":[],"product_brand":[],"product_cat":[297,227],"product_tag":[],"class_list":{"0":"post-45518","1":"product","2":"type-product","3":"status-publish","4":"has-post-thumbnail","6":"product_cat-297","7":"product_cat-227","9":"first","10":"outofstock","11":"sale","12":"taxable","13":"shipping-taxable","14":"purchasable","15":"product-type-simple"},"_links":{"self":[{"href":"https:\/\/senabel.com\/sv\/wp-json\/wp\/v2\/product\/45518","targetHints":{"allow":["GET"]}}],"collection":[{"href":"https:\/\/senabel.com\/sv\/wp-json\/wp\/v2\/product"}],"about":[{"href":"https:\/\/senabel.com\/sv\/wp-json\/wp\/v2\/types\/product"}],"version-history":[{"count":2,"href":"https:\/\/senabel.com\/sv\/wp-json\/wp\/v2\/product\/45518\/revisions"}],"predecessor-version":[{"id":50031,"href":"https:\/\/senabel.com\/sv\/wp-json\/wp\/v2\/product\/45518\/revisions\/50031"}],"wp:featuredmedia":[{"embeddable":true,"href":"https:\/\/senabel.com\/sv\/wp-json\/wp\/v2\/media\/45542"}],"wp:attachment":[{"href":"https:\/\/senabel.com\/sv\/wp-json\/wp\/v2\/media?parent=45518"}],"wp:term":[{"taxonomy":"product_brand","embeddable":true,"href":"https:\/\/senabel.com\/sv\/wp-json\/wp\/v2\/product_brand?post=45518"},{"taxonomy":"product_cat","embeddable":true,"href":"https:\/\/senabel.com\/sv\/wp-json\/wp\/v2\/product_cat?post=45518"},{"taxonomy":"product_tag","embeddable":true,"href":"https:\/\/senabel.com\/sv\/wp-json\/wp\/v2\/product_tag?post=45518"}],"curies":[{"name":"wp","href":"https:\/\/api.w.org\/{rel}","templated":true}]}}