{"id":45514,"date":"2025-01-21T11:07:36","date_gmt":"2025-01-21T11:07:36","guid":{"rendered":"https:\/\/senabel.com\/?post_type=product&#038;p=45514"},"modified":"2026-03-09T19:15:59","modified_gmt":"2026-03-09T19:15:59","slug":"chokladoverdragna-shokudit-dadlar-bank-2","status":"publish","type":"product","link":"https:\/\/senabel.com\/sv\/product\/%d8%aa%d9%85%d9%88%d8%b1-%d8%b4%d9%88%d9%83%d9%88%d8%af%d9%8a%d8%aa-%d8%a7%d9%84%d9%85%d8%ba%d8%b7%d8%a7%d8%a9-%d8%a8%d8%a7%d9%84%d8%b4%d9%88%d9%83%d9%88%d9%84%d8%a7%d8%aa%d8%a9-%d8%a8%d9%86%d9%83-2\/","title":{"rendered":"Chocodate Choklad\u00f6verdragna dadlar i en m\u00e4ngd olika smaker"},"content":{"rendered":"<p>Chocodates sortiment av choklad\u00f6verdragna dadlar erbjuder en unik upplevelse som kombinerar naturliga dadlar med premiumchokladsmaker, vilket skapar ett rikt och uts\u00f6kt mellanm\u00e5l f\u00f6r alla smaker.<\/p>\n<p>Chocodate Dates-serien kombinerar naturliga Emirati-dadlar med lager av lyxig choklad i flera olika smaker, vilket ger en upplevelse som \u00e4r rik p\u00e5 smak och n\u00e4ringsv\u00e4rde. Bland smakerna finns vit choklad, m\u00f6rk choklad, mj\u00f6lkchoklad, kokosn\u00f6t, karamell och ett sockerfritt alternativ f\u00f6r h\u00e4lsomedvetna. Varje smak ger dadlarna en speciell karakt\u00e4r, vilket g\u00f6r dem till ett utm\u00e4rkt val f\u00f6r en lyxig, m\u00e4ttande och smakrik njutning.<\/p>\n<p><strong>M\u00e5nga olika smaker:<\/strong><\/p>\n<p>Finns i vit, m\u00f6rk, mj\u00f6lkchoklad, karamell, kokos, kokos, rubin och ett sockerfritt alternativ, s\u00e5 det finns n\u00e5got f\u00f6r alla.<br \/>\n<strong>Tillverkad i F\u00f6renade Arabemiraten med h\u00f6g kvalitet:<\/strong><br \/>\nDessa datum k\u00e4nnetecknas av kvaliteten i den emiratiska tillverkningen, d\u00e4r lokalt hantverk m\u00f6ter f\u00f6rstklassiga r\u00e5varor.<br \/>\n<strong>Praktisk och snygg f\u00f6rpackning:<\/strong><br \/>\nVarje smak kommer i en separat f\u00f6rpackning som bevarar dadlarnas och chokladens f\u00e4rskhet, vilket g\u00f6r dem l\u00e4tta att servera och dela med sig av vid evenemang.<br \/>\n<strong>Antalet delar:<\/strong><br \/>\nVarje p\u00e5se inneh\u00e5ller 7 bitar smaksatta chokladdollar.<\/p>\n<p>Boka din kollektion nu fr\u00e5n v\u00e5r webbplats och l\u00e4gg till en touch av lyx p\u00e5 ditt bord.<\/p>","protected":false},"excerpt":{"rendered":"<p>Chocodates sortiment av choklad\u00f6verdragna dadlar erbjuder en unik upplevelse som kombinerar naturliga dadlar med premiumchokladsmaker, vilket skapar ett rikt och uts\u00f6kt mellanm\u00e5l f\u00f6r alla smaker.<\/p>","protected":false},"featured_media":39955,"template":"","meta":[],"product_brand":[],"product_cat":[309,297],"product_tag":[],"class_list":{"0":"post-45514","1":"product","2":"type-product","3":"status-publish","4":"has-post-thumbnail","6":"product_cat-309","7":"product_cat-297","9":"first","10":"outofstock","11":"taxable","12":"shipping-taxable","13":"product-type-variable"},"_links":{"self":[{"href":"https:\/\/senabel.com\/sv\/wp-json\/wp\/v2\/product\/45514","targetHints":{"allow":["GET"]}}],"collection":[{"href":"https:\/\/senabel.com\/sv\/wp-json\/wp\/v2\/product"}],"about":[{"href":"https:\/\/senabel.com\/sv\/wp-json\/wp\/v2\/types\/product"}],"version-history":[{"count":2,"href":"https:\/\/senabel.com\/sv\/wp-json\/wp\/v2\/product\/45514\/revisions"}],"predecessor-version":[{"id":56853,"href":"https:\/\/senabel.com\/sv\/wp-json\/wp\/v2\/product\/45514\/revisions\/56853"}],"wp:featuredmedia":[{"embeddable":true,"href":"https:\/\/senabel.com\/sv\/wp-json\/wp\/v2\/media\/39955"}],"wp:attachment":[{"href":"https:\/\/senabel.com\/sv\/wp-json\/wp\/v2\/media?parent=45514"}],"wp:term":[{"taxonomy":"product_brand","embeddable":true,"href":"https:\/\/senabel.com\/sv\/wp-json\/wp\/v2\/product_brand?post=45514"},{"taxonomy":"product_cat","embeddable":true,"href":"https:\/\/senabel.com\/sv\/wp-json\/wp\/v2\/product_cat?post=45514"},{"taxonomy":"product_tag","embeddable":true,"href":"https:\/\/senabel.com\/sv\/wp-json\/wp\/v2\/product_tag?post=45514"}],"curies":[{"name":"wp","href":"https:\/\/api.w.org\/{rel}","templated":true}]}}