{"id":40024,"date":"2024-11-20T19:56:33","date_gmt":"2024-11-20T19:56:33","guid":{"rendered":"https:\/\/senabel.com\/?post_type=product&#038;p=40024"},"modified":"2025-01-28T13:17:35","modified_gmt":"2025-01-28T13:17:35","slug":"naturlig-karamell-rokelse-150g","status":"publish","type":"product","link":"https:\/\/senabel.com\/sv\/product\/%d8%a8%d8%ae%d9%88%d8%b1-%d8%a7%d9%84%d8%ad%d8%b1%d9%85%d9%84-%d8%a7%d9%84%d8%b7%d8%a8%d9%8a%d8%b9%d9%8a-150%d8%ba\/","title":{"rendered":"Naturlig karamell r\u00f6kelse 150g"},"content":{"rendered":"<p>Njut av en varm orientalisk atmosf\u00e4r med v\u00e5r naturliga Carmel-r\u00f6kelse gjord av torkad Carmel av finaste kvalitet, vilket ger ditt hem en unik doft och en touch av \u00e4kthet.<\/p>\n<p><strong>Natural Carmel Incense erbjuder en varm doft med en gammal arom<\/strong> Den framkallar andan i det arabiska arvet. Harmel Incense har anv\u00e4nts i \u00e5rhundraden i den arabiska kulturen och \u00e4r k\u00e4nd f\u00f6r sin kraftfulla doft som fyller ett utrymme med lugn och ro. Denna r\u00f6kelse utvinns ur ren, torkad karmel och brinner med en arom som ger en k\u00e4nsla av komfort och avkoppling i majlis och hem. F\u00f6rutom att vara en symbol f\u00f6r \u00e4kthet hj\u00e4lper Carmel Incense till att rena luften och avv\u00e4rja insekter, vilket g\u00f6r den idealisk f\u00f6r familjesammankomster och v\u00e4nsammankomster.<\/p>\n<p><strong>Produktinformation:<\/strong><\/p>\n<ul>\n<li><strong>Ingredienser:<\/strong> 100%.<\/li>\n<li><strong>Lukten:<\/strong> En varm och inbjudande doft som skapar en autentisk orientalisk k\u00e4nsla.<\/li>\n<li><strong>Anv\u00e4nds:<\/strong> Perfekt f\u00f6r att dofts\u00e4tta omr\u00e5den, hem och rena luften.<\/li>\n<\/ul>\n<p><strong>Funktioner av naturlig Carmel r\u00f6kelse:<\/strong><\/p>\n<ul>\n<li><strong>En distinkt orientalisk doft:<\/strong> Ger en varm doft som f\u00f6rkroppsligar arvets anda.<\/li>\n<li><strong>Dess f\u00f6rdelar:<\/strong> Den hj\u00e4lper till att lugna atmosf\u00e4ren och st\u00f6ter bort insekter, vilket skapar en ren och fr\u00e4sch k\u00e4nsla.<\/li>\n<li><strong>H\u00f6g kvalitet:<\/strong> Tillverkad av naturlig torkad karamell utan n\u00e5gra artificiella tillsatser, vilket g\u00f6r den s\u00e4ker f\u00f6r daglig anv\u00e4ndning.<\/li>\n<\/ul>\n<p><strong>F\u00f6rvaringsanvisningar:<\/strong><\/p>\n<ul>\n<li>F\u00f6rvara p\u00e5 en sval, torr plats utan fukt f\u00f6r att bevara kvaliteten och den rika doften.<\/li>\n<\/ul>\n<p><strong>L\u00e4gg till en touch av autentiskt arabiskt arv i ditt hem med v\u00e5r naturliga Al Harmal-r\u00f6kelse, som nu finns i v\u00e5r onlinebutik.<br \/>\nSkaffa den idag och njut av en lugnande atmosf\u00e4r med en varm och inbjudande doft.<\/strong><\/p>","protected":false},"excerpt":{"rendered":"<p>Njut av en varm orientalisk atmosf\u00e4r med v\u00e5r naturliga Carmel-r\u00f6kelse gjord av torkad Carmel av finaste kvalitet, vilket ger ditt hem en unik doft och en touch av \u00e4kthet.<\/p>","protected":false},"featured_media":40112,"template":"","meta":[],"product_brand":[],"product_cat":[327],"product_tag":[],"class_list":{"0":"post-40024","1":"product","2":"type-product","3":"status-publish","4":"has-post-thumbnail","6":"product_cat-327","8":"first","9":"outofstock","10":"taxable","11":"shipping-taxable","12":"purchasable","13":"product-type-simple"},"_links":{"self":[{"href":"https:\/\/senabel.com\/sv\/wp-json\/wp\/v2\/product\/40024","targetHints":{"allow":["GET"]}}],"collection":[{"href":"https:\/\/senabel.com\/sv\/wp-json\/wp\/v2\/product"}],"about":[{"href":"https:\/\/senabel.com\/sv\/wp-json\/wp\/v2\/types\/product"}],"version-history":[{"count":1,"href":"https:\/\/senabel.com\/sv\/wp-json\/wp\/v2\/product\/40024\/revisions"}],"predecessor-version":[{"id":40113,"href":"https:\/\/senabel.com\/sv\/wp-json\/wp\/v2\/product\/40024\/revisions\/40113"}],"wp:featuredmedia":[{"embeddable":true,"href":"https:\/\/senabel.com\/sv\/wp-json\/wp\/v2\/media\/40112"}],"wp:attachment":[{"href":"https:\/\/senabel.com\/sv\/wp-json\/wp\/v2\/media?parent=40024"}],"wp:term":[{"taxonomy":"product_brand","embeddable":true,"href":"https:\/\/senabel.com\/sv\/wp-json\/wp\/v2\/product_brand?post=40024"},{"taxonomy":"product_cat","embeddable":true,"href":"https:\/\/senabel.com\/sv\/wp-json\/wp\/v2\/product_cat?post=40024"},{"taxonomy":"product_tag","embeddable":true,"href":"https:\/\/senabel.com\/sv\/wp-json\/wp\/v2\/product_tag?post=40024"}],"curies":[{"name":"wp","href":"https:\/\/api.w.org\/{rel}","templated":true}]}}